{"id":4419,"date":"2026-02-25T15:37:44","date_gmt":"2026-02-25T15:37:44","guid":{"rendered":"https:\/\/fcshirt.com\/product\/fc-clarens-all-over-print-bandana\/"},"modified":"2026-04-09T11:14:41","modified_gmt":"2026-04-09T11:14:41","slug":"bandana-a-stampa-integrale-fc-clarens","status":"publish","type":"product","link":"https:\/\/fcshirt.com\/it\/product\/fc-clarens-all-over-print-bandana\/","title":{"rendered":"Foulard FC Clarens"},"content":{"rendered":"<p data-start=\"187\" data-end=\"265\"><strong data-start=\"187\" data-end=\"265\">Rappresenta con orgoglio Clarens 1815 con questo versatile bandana stampato all-over.<\/strong><\/p>\n<p data-start=\"267\" data-end=\"628\">Aggiungi un tocco di Clarens al tuo stile quotidiano con questo accessorio leggero e multifunzione. Che sia indossato come fascia per capelli, foulard, bracciale o persino per il tuo animale domestico, questo foulard aggiunge personalit\u00e0 e orgoglio locale a qualsiasi outfit. Morbido, traspirante e realizzato con materiali riciclati, \u00e8 progettato per il comfort, facendo una dichiarazione audace ovunque tu vada.<\/p>\n<p data-start=\"630\" data-end=\"745\">Prendine uno per te e magari uno abbinato per il tuo compagno a quattro zampe e sfoggia uno stile impeccabile.<\/p>\n<p>\u2022 Composizione del tessuto nell'UE: 65% poliestere riciclato, 35% poliestere<br \/>\n\u2022 Composizione del tessuto negli Stati Uniti: 100% poliestere riciclato%<br \/>\n\u2022 Peso del tessuto nell'UE: 2,95 oz.\/iarda\u00b2 (100 g\/m\u00b2)<br \/>\n\u2022 Peso del tessuto in USA: 3,24 oz.\/yd.\u00b2 (110 g\/m\u00b2)<br \/>\n\u2022 Specifiche dei tessuti nell'UE: materiale traspirante, assorbe l'umidit\u00e0 con protezione UPF50+<br \/>\n\u2022 Leggero e morbido al tatto<br \/>\n\u2022 Bordi a doppio risvolto<br \/>\nStampa su un solo lato<br \/>\nMultifunzione<br \/>\n\u2022 Il tessuto \u00e8 certificato secondo lo standard OEKO-TEX 100<br \/>\n\u2022 Il contenuto riciclato di questo prodotto \u00e8 certificato secondo lo standard GRS (Global Recycled Standard)<br \/>\n\u2022 Componenti del prodotto vuoti provenienti da Cina\/Messico<\/p>\n<p><strong>Informazioni importanti sulla taglia: la bandana pi\u00f9 piccola \u00e8 realizzata per animali domestici di piccola taglia e non vestir\u00e0 un adulto. Scegli la taglia media o grande se stai ordinando per un adulto.<\/strong><\/p>","protected":false},"excerpt":{"rendered":"<p>Proudly represent 1815 Clarens with this versatile all-over print bandana. Add a touch of Clarens to your everyday style with this lightweight, multifunctional accessory. Whether worn as a headband, neck scarf, armband, or even styled for your pet, this bandana brings personality and local pride to any outfit. Soft, breathable, and made with recycled materials, [&hellip;]<\/p>\n","protected":false},"featured_media":4424,"template":"","meta":[],"product_brand":[],"product_cat":[19,30,31],"product_tag":[],"class_list":{"0":"post-4419","1":"product","2":"type-product","3":"status-publish","4":"has-post-thumbnail","6":"product_cat-accessories","7":"product_cat-clarens","8":"product_cat-vaud","10":"first","11":"instock","12":"shipping-taxable","13":"purchasable","14":"product-type-variable"},"yoast_head":"<!-- This site is optimized with the Yoast SEO plugin v27.3 - https:\/\/yoast.com\/product\/yoast-seo-wordpress\/ -->\n<title>FC Clarens Bandana - Fcshirt.com<\/title>\n<meta name=\"robots\" content=\"index, follow, max-snippet:-1, max-image-preview:large, max-video-preview:-1\" \/>\n<link rel=\"canonical\" href=\"https:\/\/fcshirt.com\/it\/prodotto\/bandana-a-stampa-integrale-fc-clarens\/\" \/>\n<meta property=\"og:locale\" content=\"it_IT\" \/>\n<meta property=\"og:type\" content=\"article\" \/>\n<meta property=\"og:title\" content=\"FC Clarens Bandana - Fcshirt.com\" \/>\n<meta property=\"og:description\" content=\"Proudly represent 1815 Clarens with this versatile all-over print bandana. Add a touch of Clarens to your everyday style with this lightweight, multifunctional accessory. Whether worn as a headband, neck scarf, armband, or even styled for your pet, this bandana brings personality and local pride to any outfit. Soft, breathable, and made with recycled materials, [&hellip;]\" \/>\n<meta property=\"og:url\" content=\"https:\/\/fcshirt.com\/it\/prodotto\/bandana-a-stampa-integrale-fc-clarens\/\" \/>\n<meta property=\"og:site_name\" content=\"Fcshirt.com\" \/>\n<meta property=\"article:modified_time\" content=\"2026-04-09T11:14:41+00:00\" \/>\n<meta property=\"og:image\" content=\"https:\/\/fcshirt.com\/wp-content\/uploads\/2026\/02\/all-over-print-bandana-white-l-front-699f17384c4ab.jpg\" \/>\n\t<meta property=\"og:image:width\" content=\"2000\" \/>\n\t<meta property=\"og:image:height\" content=\"2000\" \/>\n\t<meta property=\"og:image:type\" content=\"image\/jpeg\" \/>\n<meta name=\"twitter:card\" content=\"summary_large_image\" \/>\n<meta name=\"twitter:label1\" content=\"Tempo di lettura stimato\" \/>\n\t<meta name=\"twitter:data1\" content=\"1 minuto\" \/>\n<script type=\"application\/ld+json\" class=\"yoast-schema-graph\">{\"@context\":\"https:\\\/\\\/schema.org\",\"@graph\":[{\"@type\":\"WebPage\",\"@id\":\"https:\\\/\\\/fcshirt.com\\\/product\\\/fc-clarens-all-over-print-bandana\\\/\",\"url\":\"https:\\\/\\\/fcshirt.com\\\/product\\\/fc-clarens-all-over-print-bandana\\\/\",\"name\":\"FC Clarens Bandana - Fcshirt.com\",\"isPartOf\":{\"@id\":\"https:\\\/\\\/fcshirt.com\\\/#website\"},\"primaryImageOfPage\":{\"@id\":\"https:\\\/\\\/fcshirt.com\\\/product\\\/fc-clarens-all-over-print-bandana\\\/#primaryimage\"},\"image\":{\"@id\":\"https:\\\/\\\/fcshirt.com\\\/product\\\/fc-clarens-all-over-print-bandana\\\/#primaryimage\"},\"thumbnailUrl\":\"https:\\\/\\\/fcshirt.com\\\/wp-content\\\/uploads\\\/2026\\\/02\\\/all-over-print-bandana-white-l-front-699f17384c4ab.jpg\",\"datePublished\":\"2026-02-25T15:37:44+00:00\",\"dateModified\":\"2026-04-09T11:14:41+00:00\",\"breadcrumb\":{\"@id\":\"https:\\\/\\\/fcshirt.com\\\/product\\\/fc-clarens-all-over-print-bandana\\\/#breadcrumb\"},\"inLanguage\":\"it-IT\",\"potentialAction\":[{\"@type\":\"ReadAction\",\"target\":[\"https:\\\/\\\/fcshirt.com\\\/product\\\/fc-clarens-all-over-print-bandana\\\/\"]}]},{\"@type\":\"ImageObject\",\"inLanguage\":\"it-IT\",\"@id\":\"https:\\\/\\\/fcshirt.com\\\/product\\\/fc-clarens-all-over-print-bandana\\\/#primaryimage\",\"url\":\"https:\\\/\\\/fcshirt.com\\\/wp-content\\\/uploads\\\/2026\\\/02\\\/all-over-print-bandana-white-l-front-699f17384c4ab.jpg\",\"contentUrl\":\"https:\\\/\\\/fcshirt.com\\\/wp-content\\\/uploads\\\/2026\\\/02\\\/all-over-print-bandana-white-l-front-699f17384c4ab.jpg\",\"width\":2000,\"height\":2000},{\"@type\":\"BreadcrumbList\",\"@id\":\"https:\\\/\\\/fcshirt.com\\\/product\\\/fc-clarens-all-over-print-bandana\\\/#breadcrumb\",\"itemListElement\":[{\"@type\":\"ListItem\",\"position\":1,\"name\":\"Home\",\"item\":\"https:\\\/\\\/fcshirt.com\\\/\"},{\"@type\":\"ListItem\",\"position\":2,\"name\":\"Products\",\"item\":\"https:\\\/\\\/fcshirt.com\\\/products\\\/\"},{\"@type\":\"ListItem\",\"position\":3,\"name\":\"FC Clarens Bandana\"}]},{\"@type\":\"WebSite\",\"@id\":\"https:\\\/\\\/fcshirt.com\\\/#website\",\"url\":\"https:\\\/\\\/fcshirt.com\\\/\",\"name\":\"Fcshirt.com - Sports and mode apparel for Switzerland\",\"description\":\"Football and sports apparel of Swiss cities and cantons\",\"publisher\":{\"@id\":\"https:\\\/\\\/fcshirt.com\\\/#organization\"},\"potentialAction\":[{\"@type\":\"SearchAction\",\"target\":{\"@type\":\"EntryPoint\",\"urlTemplate\":\"https:\\\/\\\/fcshirt.com\\\/?s={search_term_string}\"},\"query-input\":{\"@type\":\"PropertyValueSpecification\",\"valueRequired\":true,\"valueName\":\"search_term_string\"}}],\"inLanguage\":\"it-IT\"},{\"@type\":\"Organization\",\"@id\":\"https:\\\/\\\/fcshirt.com\\\/#organization\",\"name\":\"Fcshirt\",\"url\":\"https:\\\/\\\/fcshirt.com\\\/\",\"logo\":{\"@type\":\"ImageObject\",\"inLanguage\":\"it-IT\",\"@id\":\"https:\\\/\\\/fcshirt.com\\\/#\\\/schema\\\/logo\\\/image\\\/\",\"url\":\"https:\\\/\\\/fcshirt.com\\\/wp-content\\\/uploads\\\/2026\\\/02\\\/1.png\",\"contentUrl\":\"https:\\\/\\\/fcshirt.com\\\/wp-content\\\/uploads\\\/2026\\\/02\\\/1.png\",\"width\":2000,\"height\":2000,\"caption\":\"Fcshirt\"},\"image\":{\"@id\":\"https:\\\/\\\/fcshirt.com\\\/#\\\/schema\\\/logo\\\/image\\\/\"},\"sameAs\":[\"https:\\\/\\\/www.instagram.com\\\/fcshirt.com1\"]}]}<\/script>\n<!-- \/ Yoast SEO plugin. -->","yoast_head_json":{"title":"FC Clarens Bandana - Fcshirt.com","robots":{"index":"index","follow":"follow","max-snippet":"max-snippet:-1","max-image-preview":"max-image-preview:large","max-video-preview":"max-video-preview:-1"},"canonical":"https:\/\/fcshirt.com\/it\/prodotto\/bandana-a-stampa-integrale-fc-clarens\/","og_locale":"it_IT","og_type":"article","og_title":"FC Clarens Bandana - Fcshirt.com","og_description":"Proudly represent 1815 Clarens with this versatile all-over print bandana. Add a touch of Clarens to your everyday style with this lightweight, multifunctional accessory. Whether worn as a headband, neck scarf, armband, or even styled for your pet, this bandana brings personality and local pride to any outfit. Soft, breathable, and made with recycled materials, [&hellip;]","og_url":"https:\/\/fcshirt.com\/it\/prodotto\/bandana-a-stampa-integrale-fc-clarens\/","og_site_name":"Fcshirt.com","article_modified_time":"2026-04-09T11:14:41+00:00","og_image":[{"width":2000,"height":2000,"url":"https:\/\/fcshirt.com\/wp-content\/uploads\/2026\/02\/all-over-print-bandana-white-l-front-699f17384c4ab.jpg","type":"image\/jpeg"}],"twitter_card":"summary_large_image","twitter_misc":{"Tempo di lettura stimato":"1 minuto"},"schema":{"@context":"https:\/\/schema.org","@graph":[{"@type":"WebPage","@id":"https:\/\/fcshirt.com\/product\/fc-clarens-all-over-print-bandana\/","url":"https:\/\/fcshirt.com\/product\/fc-clarens-all-over-print-bandana\/","name":"FC Clarens Bandana - Fcshirt.com","isPartOf":{"@id":"https:\/\/fcshirt.com\/#website"},"primaryImageOfPage":{"@id":"https:\/\/fcshirt.com\/product\/fc-clarens-all-over-print-bandana\/#primaryimage"},"image":{"@id":"https:\/\/fcshirt.com\/product\/fc-clarens-all-over-print-bandana\/#primaryimage"},"thumbnailUrl":"https:\/\/fcshirt.com\/wp-content\/uploads\/2026\/02\/all-over-print-bandana-white-l-front-699f17384c4ab.jpg","datePublished":"2026-02-25T15:37:44+00:00","dateModified":"2026-04-09T11:14:41+00:00","breadcrumb":{"@id":"https:\/\/fcshirt.com\/product\/fc-clarens-all-over-print-bandana\/#breadcrumb"},"inLanguage":"it-IT","potentialAction":[{"@type":"ReadAction","target":["https:\/\/fcshirt.com\/product\/fc-clarens-all-over-print-bandana\/"]}]},{"@type":"ImageObject","inLanguage":"it-IT","@id":"https:\/\/fcshirt.com\/product\/fc-clarens-all-over-print-bandana\/#primaryimage","url":"https:\/\/fcshirt.com\/wp-content\/uploads\/2026\/02\/all-over-print-bandana-white-l-front-699f17384c4ab.jpg","contentUrl":"https:\/\/fcshirt.com\/wp-content\/uploads\/2026\/02\/all-over-print-bandana-white-l-front-699f17384c4ab.jpg","width":2000,"height":2000},{"@type":"BreadcrumbList","@id":"https:\/\/fcshirt.com\/product\/fc-clarens-all-over-print-bandana\/#breadcrumb","itemListElement":[{"@type":"ListItem","position":1,"name":"Home","item":"https:\/\/fcshirt.com\/"},{"@type":"ListItem","position":2,"name":"Products","item":"https:\/\/fcshirt.com\/products\/"},{"@type":"ListItem","position":3,"name":"FC Clarens Bandana"}]},{"@type":"WebSite","@id":"https:\/\/fcshirt.com\/#website","url":"https:\/\/fcshirt.com\/","name":"Fcshirt.com - Abbigliamento sportivo e moda per la Svizzera","description":"Abbigliamento sportivo e calcistico di citt\u00e0 e cantoni svizzeri","publisher":{"@id":"https:\/\/fcshirt.com\/#organization"},"potentialAction":[{"@type":"SearchAction","target":{"@type":"EntryPoint","urlTemplate":"https:\/\/fcshirt.com\/?s={search_term_string}"},"query-input":{"@type":"PropertyValueSpecification","valueRequired":true,"valueName":"search_term_string"}}],"inLanguage":"it-IT"},{"@type":"Organization","@id":"https:\/\/fcshirt.com\/#organization","name":"Fcshirt","url":"https:\/\/fcshirt.com\/","logo":{"@type":"ImageObject","inLanguage":"it-IT","@id":"https:\/\/fcshirt.com\/#\/schema\/logo\/image\/","url":"https:\/\/fcshirt.com\/wp-content\/uploads\/2026\/02\/1.png","contentUrl":"https:\/\/fcshirt.com\/wp-content\/uploads\/2026\/02\/1.png","width":2000,"height":2000,"caption":"Fcshirt"},"image":{"@id":"https:\/\/fcshirt.com\/#\/schema\/logo\/image\/"},"sameAs":["https:\/\/www.instagram.com\/fcshirt.com1"]}]}},"jetpack_sharing_enabled":true,"_links":{"self":[{"href":"https:\/\/fcshirt.com\/it\/wp-json\/wp\/v2\/product\/4419","targetHints":{"allow":["GET"]}}],"collection":[{"href":"https:\/\/fcshirt.com\/it\/wp-json\/wp\/v2\/product"}],"about":[{"href":"https:\/\/fcshirt.com\/it\/wp-json\/wp\/v2\/types\/product"}],"wp:featuredmedia":[{"embeddable":true,"href":"https:\/\/fcshirt.com\/it\/wp-json\/wp\/v2\/media\/4424"}],"wp:attachment":[{"href":"https:\/\/fcshirt.com\/it\/wp-json\/wp\/v2\/media?parent=4419"}],"wp:term":[{"taxonomy":"product_brand","embeddable":true,"href":"https:\/\/fcshirt.com\/it\/wp-json\/wp\/v2\/product_brand?post=4419"},{"taxonomy":"product_cat","embeddable":true,"href":"https:\/\/fcshirt.com\/it\/wp-json\/wp\/v2\/product_cat?post=4419"},{"taxonomy":"product_tag","embeddable":true,"href":"https:\/\/fcshirt.com\/it\/wp-json\/wp\/v2\/product_tag?post=4419"}],"curies":[{"name":"wp","href":"https:\/\/api.w.org\/{rel}","templated":true}]}}