{"id":5476,"date":"2026-04-10T13:50:38","date_gmt":"2026-04-10T11:50:38","guid":{"rendered":"https:\/\/fcshirt.com\/product\/unisex-sports-jersey-5\/"},"modified":"2026-04-10T13:51:57","modified_gmt":"2026-04-10T11:51:57","slug":"maillot-de-sport-unisexe-5","status":"publish","type":"product","link":"https:\/\/fcshirt.com\/fr\/product\/unisex-sports-jersey-5\/","title":{"rendered":"Saxon - Maillot de sport unisexe"},"content":{"rendered":"<p>Portez fi\u00e8rement Saxon avec ce maillot de sport unisexe con\u00e7u pour le mouvement, le confort et la polyvalence au quotidien. Fabriqu\u00e9 \u00e0 partir de mesh 100 % polyester respirant%, il offre une ventilation l\u00e9g\u00e8re pour vous garder au frais pendant l'entra\u00eenement, les activit\u00e9s sportives ou le port d\u00e9contract\u00e9. Sa coupe d\u00e9contract\u00e9e et sa longueur l\u00e9g\u00e8rement plus longue offrent un confort et une couverture suppl\u00e9mentaires, tandis que le col avec bande ajoute de la durabilit\u00e9 et une finition nette et raffin\u00e9e.<\/p>\n<p>\u2022 100% polyester respirant (mesh)<br \/>\n\u2022 Poids du tissu : 4,13 oz\/yd\u00b2 (140 g\/m\u00b2)<br \/>\nCoupe ample<br \/>\n\u2022 \u00c9lastique et durable<br \/>\nConstruction avec coutures lat\u00e9rales<br \/>\n\u2022 Longueur \u00e9tendue<br \/>\n\u2022 Manches raglan courtes<br \/>\n\u2022 Collier de bordure<br \/>\n\u2022 Col rond classique<br \/>\n\u2022 Produit vierge sourc\u00e9 en Chine<\/p>","protected":false},"excerpt":{"rendered":"<p>Wear Saxon with pride in this unisex sports jersey designed for movement, comfort, and everyday versatility. Made from 100% breathable polyester mesh, it delivers lightweight ventilation to keep you feeling fresh during training, sports activities, or casual wear. Its relaxed fit and slightly longer length provide extra comfort and coverage, while the bound collar adds [&hellip;]<\/p>\n","protected":false},"featured_media":5499,"template":"","meta":[],"product_brand":[],"product_cat":[32,22,75],"product_tag":[],"class_list":{"0":"post-5476","1":"product","2":"type-product","3":"status-publish","4":"has-post-thumbnail","6":"product_cat-sports","7":"product_cat-t-shirts","8":"product_cat-valais","10":"first","11":"instock","12":"shipping-taxable","13":"purchasable","14":"product-type-variable"},"yoast_head":"<!-- This site is optimized with the Yoast SEO plugin v27.3 - https:\/\/yoast.com\/product\/yoast-seo-wordpress\/ -->\n<title>Saxon - Unisex sports jersey - Fcshirt.com<\/title>\n<meta name=\"robots\" content=\"index, follow, max-snippet:-1, max-image-preview:large, max-video-preview:-1\" \/>\n<link rel=\"canonical\" href=\"https:\/\/fcshirt.com\/fr\/produit\/maillot-de-sport-unisexe-5\/\" \/>\n<meta property=\"og:locale\" content=\"fr_FR\" \/>\n<meta property=\"og:type\" content=\"article\" \/>\n<meta property=\"og:title\" content=\"Saxon - Unisex sports jersey - Fcshirt.com\" \/>\n<meta property=\"og:description\" content=\"Wear Saxon with pride in this unisex sports jersey designed for movement, comfort, and everyday versatility. Made from 100% breathable polyester mesh, it delivers lightweight ventilation to keep you feeling fresh during training, sports activities, or casual wear. Its relaxed fit and slightly longer length provide extra comfort and coverage, while the bound collar adds [&hellip;]\" \/>\n<meta property=\"og:url\" content=\"https:\/\/fcshirt.com\/fr\/produit\/maillot-de-sport-unisexe-5\/\" \/>\n<meta property=\"og:site_name\" content=\"Fcshirt.com\" \/>\n<meta property=\"article:modified_time\" content=\"2026-04-10T11:51:57+00:00\" \/>\n<meta property=\"og:image\" content=\"https:\/\/fcshirt.com\/wp-content\/uploads\/2026\/04\/unisex-sports-jersey-black-front-69d8e3f2b2467.jpg\" \/>\n\t<meta property=\"og:image:width\" content=\"2000\" \/>\n\t<meta property=\"og:image:height\" content=\"2000\" \/>\n\t<meta property=\"og:image:type\" content=\"image\/jpeg\" \/>\n<meta name=\"twitter:card\" content=\"summary_large_image\" \/>\n<script type=\"application\/ld+json\" class=\"yoast-schema-graph\">{\"@context\":\"https:\\\/\\\/schema.org\",\"@graph\":[{\"@type\":\"WebPage\",\"@id\":\"https:\\\/\\\/fcshirt.com\\\/product\\\/unisex-sports-jersey-5\\\/\",\"url\":\"https:\\\/\\\/fcshirt.com\\\/product\\\/unisex-sports-jersey-5\\\/\",\"name\":\"Saxon - Unisex sports jersey - Fcshirt.com\",\"isPartOf\":{\"@id\":\"https:\\\/\\\/fcshirt.com\\\/#website\"},\"primaryImageOfPage\":{\"@id\":\"https:\\\/\\\/fcshirt.com\\\/product\\\/unisex-sports-jersey-5\\\/#primaryimage\"},\"image\":{\"@id\":\"https:\\\/\\\/fcshirt.com\\\/product\\\/unisex-sports-jersey-5\\\/#primaryimage\"},\"thumbnailUrl\":\"https:\\\/\\\/fcshirt.com\\\/wp-content\\\/uploads\\\/2026\\\/04\\\/unisex-sports-jersey-black-front-69d8e3f2b2467.jpg\",\"datePublished\":\"2026-04-10T11:50:38+00:00\",\"dateModified\":\"2026-04-10T11:51:57+00:00\",\"breadcrumb\":{\"@id\":\"https:\\\/\\\/fcshirt.com\\\/product\\\/unisex-sports-jersey-5\\\/#breadcrumb\"},\"inLanguage\":\"fr-FR\",\"potentialAction\":[{\"@type\":\"ReadAction\",\"target\":[\"https:\\\/\\\/fcshirt.com\\\/product\\\/unisex-sports-jersey-5\\\/\"]}]},{\"@type\":\"ImageObject\",\"inLanguage\":\"fr-FR\",\"@id\":\"https:\\\/\\\/fcshirt.com\\\/product\\\/unisex-sports-jersey-5\\\/#primaryimage\",\"url\":\"https:\\\/\\\/fcshirt.com\\\/wp-content\\\/uploads\\\/2026\\\/04\\\/unisex-sports-jersey-black-front-69d8e3f2b2467.jpg\",\"contentUrl\":\"https:\\\/\\\/fcshirt.com\\\/wp-content\\\/uploads\\\/2026\\\/04\\\/unisex-sports-jersey-black-front-69d8e3f2b2467.jpg\",\"width\":2000,\"height\":2000},{\"@type\":\"BreadcrumbList\",\"@id\":\"https:\\\/\\\/fcshirt.com\\\/product\\\/unisex-sports-jersey-5\\\/#breadcrumb\",\"itemListElement\":[{\"@type\":\"ListItem\",\"position\":1,\"name\":\"Home\",\"item\":\"https:\\\/\\\/fcshirt.com\\\/\"},{\"@type\":\"ListItem\",\"position\":2,\"name\":\"Products\",\"item\":\"https:\\\/\\\/fcshirt.com\\\/products\\\/\"},{\"@type\":\"ListItem\",\"position\":3,\"name\":\"Saxon &#8211; Unisex sports jersey\"}]},{\"@type\":\"WebSite\",\"@id\":\"https:\\\/\\\/fcshirt.com\\\/#website\",\"url\":\"https:\\\/\\\/fcshirt.com\\\/\",\"name\":\"Fcshirt.com - Sports and mode apparel for Switzerland\",\"description\":\"Football and sports apparel of Swiss cities and cantons\",\"publisher\":{\"@id\":\"https:\\\/\\\/fcshirt.com\\\/#organization\"},\"potentialAction\":[{\"@type\":\"SearchAction\",\"target\":{\"@type\":\"EntryPoint\",\"urlTemplate\":\"https:\\\/\\\/fcshirt.com\\\/?s={search_term_string}\"},\"query-input\":{\"@type\":\"PropertyValueSpecification\",\"valueRequired\":true,\"valueName\":\"search_term_string\"}}],\"inLanguage\":\"fr-FR\"},{\"@type\":\"Organization\",\"@id\":\"https:\\\/\\\/fcshirt.com\\\/#organization\",\"name\":\"Fcshirt\",\"url\":\"https:\\\/\\\/fcshirt.com\\\/\",\"logo\":{\"@type\":\"ImageObject\",\"inLanguage\":\"fr-FR\",\"@id\":\"https:\\\/\\\/fcshirt.com\\\/#\\\/schema\\\/logo\\\/image\\\/\",\"url\":\"https:\\\/\\\/fcshirt.com\\\/wp-content\\\/uploads\\\/2026\\\/02\\\/1.png\",\"contentUrl\":\"https:\\\/\\\/fcshirt.com\\\/wp-content\\\/uploads\\\/2026\\\/02\\\/1.png\",\"width\":2000,\"height\":2000,\"caption\":\"Fcshirt\"},\"image\":{\"@id\":\"https:\\\/\\\/fcshirt.com\\\/#\\\/schema\\\/logo\\\/image\\\/\"},\"sameAs\":[\"https:\\\/\\\/www.instagram.com\\\/fcshirt.com1\"]}]}<\/script>\n<!-- \/ Yoast SEO plugin. -->","yoast_head_json":{"title":"Saxon - Unisex sports jersey - Fcshirt.com","robots":{"index":"index","follow":"follow","max-snippet":"max-snippet:-1","max-image-preview":"max-image-preview:large","max-video-preview":"max-video-preview:-1"},"canonical":"https:\/\/fcshirt.com\/fr\/produit\/maillot-de-sport-unisexe-5\/","og_locale":"fr_FR","og_type":"article","og_title":"Saxon - Unisex sports jersey - Fcshirt.com","og_description":"Wear Saxon with pride in this unisex sports jersey designed for movement, comfort, and everyday versatility. Made from 100% breathable polyester mesh, it delivers lightweight ventilation to keep you feeling fresh during training, sports activities, or casual wear. Its relaxed fit and slightly longer length provide extra comfort and coverage, while the bound collar adds [&hellip;]","og_url":"https:\/\/fcshirt.com\/fr\/produit\/maillot-de-sport-unisexe-5\/","og_site_name":"Fcshirt.com","article_modified_time":"2026-04-10T11:51:57+00:00","og_image":[{"width":2000,"height":2000,"url":"https:\/\/fcshirt.com\/wp-content\/uploads\/2026\/04\/unisex-sports-jersey-black-front-69d8e3f2b2467.jpg","type":"image\/jpeg"}],"twitter_card":"summary_large_image","schema":{"@context":"https:\/\/schema.org","@graph":[{"@type":"WebPage","@id":"https:\/\/fcshirt.com\/product\/unisex-sports-jersey-5\/","url":"https:\/\/fcshirt.com\/product\/unisex-sports-jersey-5\/","name":"Saxon - Unisex sports jersey - Fcshirt.com","isPartOf":{"@id":"https:\/\/fcshirt.com\/#website"},"primaryImageOfPage":{"@id":"https:\/\/fcshirt.com\/product\/unisex-sports-jersey-5\/#primaryimage"},"image":{"@id":"https:\/\/fcshirt.com\/product\/unisex-sports-jersey-5\/#primaryimage"},"thumbnailUrl":"https:\/\/fcshirt.com\/wp-content\/uploads\/2026\/04\/unisex-sports-jersey-black-front-69d8e3f2b2467.jpg","datePublished":"2026-04-10T11:50:38+00:00","dateModified":"2026-04-10T11:51:57+00:00","breadcrumb":{"@id":"https:\/\/fcshirt.com\/product\/unisex-sports-jersey-5\/#breadcrumb"},"inLanguage":"fr-FR","potentialAction":[{"@type":"ReadAction","target":["https:\/\/fcshirt.com\/product\/unisex-sports-jersey-5\/"]}]},{"@type":"ImageObject","inLanguage":"fr-FR","@id":"https:\/\/fcshirt.com\/product\/unisex-sports-jersey-5\/#primaryimage","url":"https:\/\/fcshirt.com\/wp-content\/uploads\/2026\/04\/unisex-sports-jersey-black-front-69d8e3f2b2467.jpg","contentUrl":"https:\/\/fcshirt.com\/wp-content\/uploads\/2026\/04\/unisex-sports-jersey-black-front-69d8e3f2b2467.jpg","width":2000,"height":2000},{"@type":"BreadcrumbList","@id":"https:\/\/fcshirt.com\/product\/unisex-sports-jersey-5\/#breadcrumb","itemListElement":[{"@type":"ListItem","position":1,"name":"Home","item":"https:\/\/fcshirt.com\/"},{"@type":"ListItem","position":2,"name":"Products","item":"https:\/\/fcshirt.com\/products\/"},{"@type":"ListItem","position":3,"name":"Saxon &#8211; Unisex sports jersey"}]},{"@type":"WebSite","@id":"https:\/\/fcshirt.com\/#website","url":"https:\/\/fcshirt.com\/","name":"Fcshirt.com - V\u00eatements de sport et de mode pour la Suisse","description":"Football et v\u00eatements de sport des villes et cantons suisses","publisher":{"@id":"https:\/\/fcshirt.com\/#organization"},"potentialAction":[{"@type":"SearchAction","target":{"@type":"EntryPoint","urlTemplate":"https:\/\/fcshirt.com\/?s={search_term_string}"},"query-input":{"@type":"PropertyValueSpecification","valueRequired":true,"valueName":"search_term_string"}}],"inLanguage":"fr-FR"},{"@type":"Organization","@id":"https:\/\/fcshirt.com\/#organization","name":"Fcshirt","url":"https:\/\/fcshirt.com\/","logo":{"@type":"ImageObject","inLanguage":"fr-FR","@id":"https:\/\/fcshirt.com\/#\/schema\/logo\/image\/","url":"https:\/\/fcshirt.com\/wp-content\/uploads\/2026\/02\/1.png","contentUrl":"https:\/\/fcshirt.com\/wp-content\/uploads\/2026\/02\/1.png","width":2000,"height":2000,"caption":"Fcshirt"},"image":{"@id":"https:\/\/fcshirt.com\/#\/schema\/logo\/image\/"},"sameAs":["https:\/\/www.instagram.com\/fcshirt.com1"]}]}},"jetpack_sharing_enabled":true,"_links":{"self":[{"href":"https:\/\/fcshirt.com\/fr\/wp-json\/wp\/v2\/product\/5476","targetHints":{"allow":["GET"]}}],"collection":[{"href":"https:\/\/fcshirt.com\/fr\/wp-json\/wp\/v2\/product"}],"about":[{"href":"https:\/\/fcshirt.com\/fr\/wp-json\/wp\/v2\/types\/product"}],"wp:featuredmedia":[{"embeddable":true,"href":"https:\/\/fcshirt.com\/fr\/wp-json\/wp\/v2\/media\/5499"}],"wp:attachment":[{"href":"https:\/\/fcshirt.com\/fr\/wp-json\/wp\/v2\/media?parent=5476"}],"wp:term":[{"taxonomy":"product_brand","embeddable":true,"href":"https:\/\/fcshirt.com\/fr\/wp-json\/wp\/v2\/product_brand?post=5476"},{"taxonomy":"product_cat","embeddable":true,"href":"https:\/\/fcshirt.com\/fr\/wp-json\/wp\/v2\/product_cat?post=5476"},{"taxonomy":"product_tag","embeddable":true,"href":"https:\/\/fcshirt.com\/fr\/wp-json\/wp\/v2\/product_tag?post=5476"}],"curies":[{"name":"wp","href":"https:\/\/api.w.org\/{rel}","templated":true}]}}