{"id":4820,"date":"2026-03-02T15:01:45","date_gmt":"2026-03-02T15:01:45","guid":{"rendered":"https:\/\/fcshirt.com\/product\/1814-unisex-eco-sweatshirt\/"},"modified":"2026-03-02T15:49:10","modified_gmt":"2026-03-02T15:49:10","slug":"sweatshirt-ecologique-unisexe-1814","status":"publish","type":"product","link":"https:\/\/fcshirt.com\/fr\/product\/1814-unisex-eco-sweatshirt\/","title":{"rendered":"1814 \u2013 Sweat \u00e9cologique unisexe"},"content":{"rendered":"<p><strong data-start=\"125\" data-end=\"208\">Repr\u00e9sentez fi\u00e8rement 1814 La Tour-de-Peilz avec ce sweatshirt premium en coton biologique%.<\/strong><\/p>\n<p data-start=\"249\" data-end=\"553\">C\u00e9l\u00e9brez La Tour-de-Peilz avec un sweat minimaliste qui allie fiert\u00e9 locale et confort moderne. Con\u00e7u pour un usage quotidien, ce caraco unisexe en coton biologique offre une coupe structur\u00e9e, un toucher doux et bross\u00e9, et une silhouette \u00e9pur\u00e9e qui fonctionne sans effort du week-end d\u00e9contract\u00e9 aux tenues d\u00e9contract\u00e9es chics.<\/p>\n<p data-start=\"555\" data-end=\"732\">Fabriqu\u00e9 en coton biologique peign\u00e9 de haute qualit\u00e9, ce sweat-shirt de 350 g\/m\u00b2 offre chaleur, durabilit\u00e9 et maintien durable de la forme, id\u00e9al pour les superpositions tout au long de l'ann\u00e9e.<\/p>\n<p>- 100% coton peign\u00e9 bio fil\u00e9 \u00e0 l'anneau<br \/>\n\u2022 Poids du tissu : 350 g\/m\u00b2 (10,3 oz\/yd\u00b2)<br \/>\n\u2022 Coupe r\u00e9guli\u00e8re<br \/>\n\u2022 Manches mont\u00e9es<br \/>\n\u2022 Bord-c\u00f4te 1\u00d71 au col, aux poignets et \u00e0 l'ourlet<br \/>\n\u2022 Surpiq\u00fbre double aiguille au col, aux manches et aux ourlets du bas<br \/>\n- Bande de propret\u00e9 int\u00e9rieure \u00e0 chevrons dans le dos<br \/>\n- Demi-lune en tissu \u00e0 l'encolure arri\u00e8re<br \/>\n- Produit vierge provenant du Bangladesh<\/p>","protected":false},"excerpt":{"rendered":"<p>Proudly represent 1814 La Tour-de-Peilz with this premium 100% organic cotton sweatshirt. Celebrate La Tour-de-Peilz with a minimalist sweatshirt that blends local pride with modern comfort. Designed for everyday wear, this unisex organic cotton crewneck offers a structured fit, a soft brushed feel, and a clean silhouette that works effortlessly from relaxed weekends to smart-casual [&hellip;]<\/p>\n","protected":false},"featured_media":4838,"template":"","meta":[],"product_brand":[],"product_cat":[70,60,31],"product_tag":[],"class_list":{"0":"post-4820","1":"product","2":"type-product","3":"status-publish","4":"has-post-thumbnail","6":"product_cat-la-tour-de-peilz","7":"product_cat-sweatshirt","8":"product_cat-vaud","10":"first","11":"instock","12":"shipping-taxable","13":"purchasable","14":"product-type-variable"},"yoast_head":"<!-- This site is optimized with the Yoast SEO plugin v27.3 - https:\/\/yoast.com\/product\/yoast-seo-wordpress\/ -->\n<title>1814 - Unisex eco sweatshirt - Fcshirt.com<\/title>\n<meta name=\"robots\" content=\"index, follow, max-snippet:-1, max-image-preview:large, max-video-preview:-1\" \/>\n<link rel=\"canonical\" href=\"https:\/\/fcshirt.com\/fr\/produit\/sweatshirt-ecologique-unisexe-1814\/\" \/>\n<meta property=\"og:locale\" content=\"fr_FR\" \/>\n<meta property=\"og:type\" content=\"article\" \/>\n<meta property=\"og:title\" content=\"1814 - Unisex eco sweatshirt - Fcshirt.com\" \/>\n<meta property=\"og:description\" content=\"Proudly represent 1814 La Tour-de-Peilz with this premium 100% organic cotton sweatshirt. Celebrate La Tour-de-Peilz with a minimalist sweatshirt that blends local pride with modern comfort. Designed for everyday wear, this unisex organic cotton crewneck offers a structured fit, a soft brushed feel, and a clean silhouette that works effortlessly from relaxed weekends to smart-casual [&hellip;]\" \/>\n<meta property=\"og:url\" content=\"https:\/\/fcshirt.com\/fr\/produit\/sweatshirt-ecologique-unisexe-1814\/\" \/>\n<meta property=\"og:site_name\" content=\"Fcshirt.com\" \/>\n<meta property=\"article:modified_time\" content=\"2026-03-02T15:49:10+00:00\" \/>\n<meta property=\"og:image\" content=\"https:\/\/fcshirt.com\/wp-content\/uploads\/2026\/03\/unisex-eco-sweatshirt-black-front-69a5a642add81.jpg\" \/>\n\t<meta property=\"og:image:width\" content=\"2000\" \/>\n\t<meta property=\"og:image:height\" content=\"2000\" \/>\n\t<meta property=\"og:image:type\" content=\"image\/jpeg\" \/>\n<meta name=\"twitter:card\" content=\"summary_large_image\" \/>\n<meta name=\"twitter:label1\" content=\"Dur\u00e9e de lecture estim\u00e9e\" \/>\n\t<meta name=\"twitter:data1\" content=\"1 minute\" \/>\n<script type=\"application\/ld+json\" class=\"yoast-schema-graph\">{\"@context\":\"https:\\\/\\\/schema.org\",\"@graph\":[{\"@type\":\"WebPage\",\"@id\":\"https:\\\/\\\/fcshirt.com\\\/product\\\/1814-unisex-eco-sweatshirt\\\/\",\"url\":\"https:\\\/\\\/fcshirt.com\\\/product\\\/1814-unisex-eco-sweatshirt\\\/\",\"name\":\"1814 - Unisex eco sweatshirt - Fcshirt.com\",\"isPartOf\":{\"@id\":\"https:\\\/\\\/fcshirt.com\\\/#website\"},\"primaryImageOfPage\":{\"@id\":\"https:\\\/\\\/fcshirt.com\\\/product\\\/1814-unisex-eco-sweatshirt\\\/#primaryimage\"},\"image\":{\"@id\":\"https:\\\/\\\/fcshirt.com\\\/product\\\/1814-unisex-eco-sweatshirt\\\/#primaryimage\"},\"thumbnailUrl\":\"https:\\\/\\\/fcshirt.com\\\/wp-content\\\/uploads\\\/2026\\\/03\\\/unisex-eco-sweatshirt-black-front-69a5a642add81.jpg\",\"datePublished\":\"2026-03-02T15:01:45+00:00\",\"dateModified\":\"2026-03-02T15:49:10+00:00\",\"breadcrumb\":{\"@id\":\"https:\\\/\\\/fcshirt.com\\\/product\\\/1814-unisex-eco-sweatshirt\\\/#breadcrumb\"},\"inLanguage\":\"fr-FR\",\"potentialAction\":[{\"@type\":\"ReadAction\",\"target\":[\"https:\\\/\\\/fcshirt.com\\\/product\\\/1814-unisex-eco-sweatshirt\\\/\"]}]},{\"@type\":\"ImageObject\",\"inLanguage\":\"fr-FR\",\"@id\":\"https:\\\/\\\/fcshirt.com\\\/product\\\/1814-unisex-eco-sweatshirt\\\/#primaryimage\",\"url\":\"https:\\\/\\\/fcshirt.com\\\/wp-content\\\/uploads\\\/2026\\\/03\\\/unisex-eco-sweatshirt-black-front-69a5a642add81.jpg\",\"contentUrl\":\"https:\\\/\\\/fcshirt.com\\\/wp-content\\\/uploads\\\/2026\\\/03\\\/unisex-eco-sweatshirt-black-front-69a5a642add81.jpg\",\"width\":2000,\"height\":2000},{\"@type\":\"BreadcrumbList\",\"@id\":\"https:\\\/\\\/fcshirt.com\\\/product\\\/1814-unisex-eco-sweatshirt\\\/#breadcrumb\",\"itemListElement\":[{\"@type\":\"ListItem\",\"position\":1,\"name\":\"Home\",\"item\":\"https:\\\/\\\/fcshirt.com\\\/\"},{\"@type\":\"ListItem\",\"position\":2,\"name\":\"Products\",\"item\":\"https:\\\/\\\/fcshirt.com\\\/products\\\/\"},{\"@type\":\"ListItem\",\"position\":3,\"name\":\"1814 &#8211; Unisex eco sweatshirt\"}]},{\"@type\":\"WebSite\",\"@id\":\"https:\\\/\\\/fcshirt.com\\\/#website\",\"url\":\"https:\\\/\\\/fcshirt.com\\\/\",\"name\":\"Fcshirt.com - Sports and mode apparel for Switzerland\",\"description\":\"Football and sports apparel of Swiss cities and cantons\",\"publisher\":{\"@id\":\"https:\\\/\\\/fcshirt.com\\\/#organization\"},\"potentialAction\":[{\"@type\":\"SearchAction\",\"target\":{\"@type\":\"EntryPoint\",\"urlTemplate\":\"https:\\\/\\\/fcshirt.com\\\/?s={search_term_string}\"},\"query-input\":{\"@type\":\"PropertyValueSpecification\",\"valueRequired\":true,\"valueName\":\"search_term_string\"}}],\"inLanguage\":\"fr-FR\"},{\"@type\":\"Organization\",\"@id\":\"https:\\\/\\\/fcshirt.com\\\/#organization\",\"name\":\"Fcshirt\",\"url\":\"https:\\\/\\\/fcshirt.com\\\/\",\"logo\":{\"@type\":\"ImageObject\",\"inLanguage\":\"fr-FR\",\"@id\":\"https:\\\/\\\/fcshirt.com\\\/#\\\/schema\\\/logo\\\/image\\\/\",\"url\":\"https:\\\/\\\/fcshirt.com\\\/wp-content\\\/uploads\\\/2026\\\/02\\\/1.png\",\"contentUrl\":\"https:\\\/\\\/fcshirt.com\\\/wp-content\\\/uploads\\\/2026\\\/02\\\/1.png\",\"width\":2000,\"height\":2000,\"caption\":\"Fcshirt\"},\"image\":{\"@id\":\"https:\\\/\\\/fcshirt.com\\\/#\\\/schema\\\/logo\\\/image\\\/\"},\"sameAs\":[\"https:\\\/\\\/www.instagram.com\\\/fcshirt.com1\"]}]}<\/script>\n<!-- \/ Yoast SEO plugin. -->","yoast_head_json":{"title":"1814 - Sweat-shirt \u00e9co unisexe - Fcshirt.com","robots":{"index":"index","follow":"follow","max-snippet":"max-snippet:-1","max-image-preview":"max-image-preview:large","max-video-preview":"max-video-preview:-1"},"canonical":"https:\/\/fcshirt.com\/fr\/produit\/sweatshirt-ecologique-unisexe-1814\/","og_locale":"fr_FR","og_type":"article","og_title":"1814 - Unisex eco sweatshirt - Fcshirt.com","og_description":"Proudly represent 1814 La Tour-de-Peilz with this premium 100% organic cotton sweatshirt. Celebrate La Tour-de-Peilz with a minimalist sweatshirt that blends local pride with modern comfort. Designed for everyday wear, this unisex organic cotton crewneck offers a structured fit, a soft brushed feel, and a clean silhouette that works effortlessly from relaxed weekends to smart-casual [&hellip;]","og_url":"https:\/\/fcshirt.com\/fr\/produit\/sweatshirt-ecologique-unisexe-1814\/","og_site_name":"Fcshirt.com","article_modified_time":"2026-03-02T15:49:10+00:00","og_image":[{"width":2000,"height":2000,"url":"https:\/\/fcshirt.com\/wp-content\/uploads\/2026\/03\/unisex-eco-sweatshirt-black-front-69a5a642add81.jpg","type":"image\/jpeg"}],"twitter_card":"summary_large_image","twitter_misc":{"Dur\u00e9e de lecture estim\u00e9e":"1 minute"},"schema":{"@context":"https:\/\/schema.org","@graph":[{"@type":"WebPage","@id":"https:\/\/fcshirt.com\/product\/1814-unisex-eco-sweatshirt\/","url":"https:\/\/fcshirt.com\/product\/1814-unisex-eco-sweatshirt\/","name":"1814 - Sweat-shirt \u00e9co unisexe - Fcshirt.com","isPartOf":{"@id":"https:\/\/fcshirt.com\/#website"},"primaryImageOfPage":{"@id":"https:\/\/fcshirt.com\/product\/1814-unisex-eco-sweatshirt\/#primaryimage"},"image":{"@id":"https:\/\/fcshirt.com\/product\/1814-unisex-eco-sweatshirt\/#primaryimage"},"thumbnailUrl":"https:\/\/fcshirt.com\/wp-content\/uploads\/2026\/03\/unisex-eco-sweatshirt-black-front-69a5a642add81.jpg","datePublished":"2026-03-02T15:01:45+00:00","dateModified":"2026-03-02T15:49:10+00:00","breadcrumb":{"@id":"https:\/\/fcshirt.com\/product\/1814-unisex-eco-sweatshirt\/#breadcrumb"},"inLanguage":"fr-FR","potentialAction":[{"@type":"ReadAction","target":["https:\/\/fcshirt.com\/product\/1814-unisex-eco-sweatshirt\/"]}]},{"@type":"ImageObject","inLanguage":"fr-FR","@id":"https:\/\/fcshirt.com\/product\/1814-unisex-eco-sweatshirt\/#primaryimage","url":"https:\/\/fcshirt.com\/wp-content\/uploads\/2026\/03\/unisex-eco-sweatshirt-black-front-69a5a642add81.jpg","contentUrl":"https:\/\/fcshirt.com\/wp-content\/uploads\/2026\/03\/unisex-eco-sweatshirt-black-front-69a5a642add81.jpg","width":2000,"height":2000},{"@type":"BreadcrumbList","@id":"https:\/\/fcshirt.com\/product\/1814-unisex-eco-sweatshirt\/#breadcrumb","itemListElement":[{"@type":"ListItem","position":1,"name":"Home","item":"https:\/\/fcshirt.com\/"},{"@type":"ListItem","position":2,"name":"Products","item":"https:\/\/fcshirt.com\/products\/"},{"@type":"ListItem","position":3,"name":"1814 &#8211; Unisex eco sweatshirt"}]},{"@type":"WebSite","@id":"https:\/\/fcshirt.com\/#website","url":"https:\/\/fcshirt.com\/","name":"Fcshirt.com - V\u00eatements de sport et de mode pour la Suisse","description":"Football et v\u00eatements de sport des villes et cantons suisses","publisher":{"@id":"https:\/\/fcshirt.com\/#organization"},"potentialAction":[{"@type":"SearchAction","target":{"@type":"EntryPoint","urlTemplate":"https:\/\/fcshirt.com\/?s={search_term_string}"},"query-input":{"@type":"PropertyValueSpecification","valueRequired":true,"valueName":"search_term_string"}}],"inLanguage":"fr-FR"},{"@type":"Organization","@id":"https:\/\/fcshirt.com\/#organization","name":"Fcshirt","url":"https:\/\/fcshirt.com\/","logo":{"@type":"ImageObject","inLanguage":"fr-FR","@id":"https:\/\/fcshirt.com\/#\/schema\/logo\/image\/","url":"https:\/\/fcshirt.com\/wp-content\/uploads\/2026\/02\/1.png","contentUrl":"https:\/\/fcshirt.com\/wp-content\/uploads\/2026\/02\/1.png","width":2000,"height":2000,"caption":"Fcshirt"},"image":{"@id":"https:\/\/fcshirt.com\/#\/schema\/logo\/image\/"},"sameAs":["https:\/\/www.instagram.com\/fcshirt.com1"]}]}},"jetpack_sharing_enabled":true,"_links":{"self":[{"href":"https:\/\/fcshirt.com\/fr\/wp-json\/wp\/v2\/product\/4820","targetHints":{"allow":["GET"]}}],"collection":[{"href":"https:\/\/fcshirt.com\/fr\/wp-json\/wp\/v2\/product"}],"about":[{"href":"https:\/\/fcshirt.com\/fr\/wp-json\/wp\/v2\/types\/product"}],"wp:featuredmedia":[{"embeddable":true,"href":"https:\/\/fcshirt.com\/fr\/wp-json\/wp\/v2\/media\/4838"}],"wp:attachment":[{"href":"https:\/\/fcshirt.com\/fr\/wp-json\/wp\/v2\/media?parent=4820"}],"wp:term":[{"taxonomy":"product_brand","embeddable":true,"href":"https:\/\/fcshirt.com\/fr\/wp-json\/wp\/v2\/product_brand?post=4820"},{"taxonomy":"product_cat","embeddable":true,"href":"https:\/\/fcshirt.com\/fr\/wp-json\/wp\/v2\/product_cat?post=4820"},{"taxonomy":"product_tag","embeddable":true,"href":"https:\/\/fcshirt.com\/fr\/wp-json\/wp\/v2\/product_tag?post=4820"}],"curies":[{"name":"wp","href":"https:\/\/api.w.org\/{rel}","templated":true}]}}