{"id":4547,"date":"2026-02-25T16:07:17","date_gmt":"2026-02-25T16:07:17","guid":{"rendered":"https:\/\/fcshirt.com\/product\/1800-mens-long-sleeve-shirt\/"},"modified":"2026-04-09T11:12:17","modified_gmt":"2026-04-09T11:12:17","slug":"chemise-homme-manches-longues-1800","status":"publish","type":"product","link":"https:\/\/fcshirt.com\/fr\/product\/1800-mens-long-sleeve-shirt\/","title":{"rendered":"1800 \u2013 T-shirt \u00e0 manches longues pour homme"},"content":{"rendered":"<p>Une bonne chemise \u00e0 manches longues est un incontournable de la mode masculine. Ajoutez cette chemise \u00e0 manches longues 1800 Vevey \u00e0 votre collection, et vous aurez une excellente option \u00e0 port\u00e9e de main pour un look d\u00e9contract\u00e9, ou une tenue d'affaires relax.<\/p>\n<p>- 100% coton<br \/>\n- Sport Grey est en coton 90%, polyester 10%.<br \/>\n- Coupe classique avec manches longues et poignets c\u00f4tel\u00e9s<br \/>\n- Tricot jersey pr\u00e9-r\u00e9tr\u00e9ci<br \/>\n- Col \u00e0 double aiguille de 7\u20448\u201d (2,2 cm) sans couture<br \/>\n\u2022 Ourlet inf\u00e9rieur \u00e0 double aiguille<br \/>\n- Bande de propret\u00e9 au niveau du cou et des \u00e9paules<br \/>\n\u2022 Tourn\u00e9 d'un quart de tour pour \u00e9viter un pli au milieu<\/p>\n<p>Clause de non-responsabilit\u00e9 : En raison des propri\u00e9t\u00e9s du tissu, la variante de couleur blanche peut appara\u00eetre blanc cass\u00e9 plut\u00f4t que blanc brillant.<\/p>","protected":false},"excerpt":{"rendered":"<p>A good long-sleeved shirt is a men&#8217;s fashion must-have. Add this 1800 Vevey long sleeve shirt to your collection, and have a great to-go option for a casual look, or a relaxed business outfit. \u2022 100% cotton \u2022 Sport Grey is 90% cotton, 10% polyester \u2022 Classic fit with long sleeves and rib cuffs \u2022 [&hellip;]<\/p>\n","protected":false},"featured_media":4580,"template":"","meta":[],"product_brand":[],"product_cat":[22,31,68],"product_tag":[],"class_list":{"0":"post-4547","1":"product","2":"type-product","3":"status-publish","4":"has-post-thumbnail","6":"product_cat-t-shirts","7":"product_cat-vaud","8":"product_cat-vevey","10":"first","11":"instock","12":"shipping-taxable","13":"purchasable","14":"product-type-variable"},"yoast_head":"<!-- This site is optimized with the Yoast SEO plugin v27.3 - https:\/\/yoast.com\/product\/yoast-seo-wordpress\/ -->\n<title>1800 - Men\u2019s Long Sleeve Shirt - Fcshirt.com<\/title>\n<meta name=\"robots\" content=\"index, follow, max-snippet:-1, max-image-preview:large, max-video-preview:-1\" \/>\n<link rel=\"canonical\" href=\"https:\/\/fcshirt.com\/fr\/produit\/chemise-homme-manches-longues-1800\/\" \/>\n<meta property=\"og:locale\" content=\"fr_FR\" \/>\n<meta property=\"og:type\" content=\"article\" \/>\n<meta property=\"og:title\" content=\"1800 - Men\u2019s Long Sleeve Shirt - Fcshirt.com\" \/>\n<meta property=\"og:description\" content=\"A good long-sleeved shirt is a men&#8217;s fashion must-have. Add this 1800 Vevey long sleeve shirt to your collection, and have a great to-go option for a casual look, or a relaxed business outfit. \u2022 100% cotton \u2022 Sport Grey is 90% cotton, 10% polyester \u2022 Classic fit with long sleeves and rib cuffs \u2022 [&hellip;]\" \/>\n<meta property=\"og:url\" content=\"https:\/\/fcshirt.com\/fr\/produit\/chemise-homme-manches-longues-1800\/\" \/>\n<meta property=\"og:site_name\" content=\"Fcshirt.com\" \/>\n<meta property=\"article:modified_time\" content=\"2026-04-09T11:12:17+00:00\" \/>\n<meta property=\"og:image\" content=\"https:\/\/fcshirt.com\/wp-content\/uploads\/2026\/02\/mens-long-sleeve-shirt-royal-front-699f1e1ac7f2e.jpg\" \/>\n\t<meta property=\"og:image:width\" content=\"1000\" \/>\n\t<meta property=\"og:image:height\" content=\"1000\" \/>\n\t<meta property=\"og:image:type\" content=\"image\/jpeg\" \/>\n<meta name=\"twitter:card\" content=\"summary_large_image\" \/>\n<script type=\"application\/ld+json\" class=\"yoast-schema-graph\">{\"@context\":\"https:\\\/\\\/schema.org\",\"@graph\":[{\"@type\":\"WebPage\",\"@id\":\"https:\\\/\\\/fcshirt.com\\\/product\\\/1800-mens-long-sleeve-shirt\\\/\",\"url\":\"https:\\\/\\\/fcshirt.com\\\/product\\\/1800-mens-long-sleeve-shirt\\\/\",\"name\":\"1800 - Men\u2019s Long Sleeve Shirt - Fcshirt.com\",\"isPartOf\":{\"@id\":\"https:\\\/\\\/fcshirt.com\\\/#website\"},\"primaryImageOfPage\":{\"@id\":\"https:\\\/\\\/fcshirt.com\\\/product\\\/1800-mens-long-sleeve-shirt\\\/#primaryimage\"},\"image\":{\"@id\":\"https:\\\/\\\/fcshirt.com\\\/product\\\/1800-mens-long-sleeve-shirt\\\/#primaryimage\"},\"thumbnailUrl\":\"https:\\\/\\\/fcshirt.com\\\/wp-content\\\/uploads\\\/2026\\\/02\\\/mens-long-sleeve-shirt-royal-front-699f1e1ac7f2e.jpg\",\"datePublished\":\"2026-02-25T16:07:17+00:00\",\"dateModified\":\"2026-04-09T11:12:17+00:00\",\"breadcrumb\":{\"@id\":\"https:\\\/\\\/fcshirt.com\\\/product\\\/1800-mens-long-sleeve-shirt\\\/#breadcrumb\"},\"inLanguage\":\"fr-FR\",\"potentialAction\":[{\"@type\":\"ReadAction\",\"target\":[\"https:\\\/\\\/fcshirt.com\\\/product\\\/1800-mens-long-sleeve-shirt\\\/\"]}]},{\"@type\":\"ImageObject\",\"inLanguage\":\"fr-FR\",\"@id\":\"https:\\\/\\\/fcshirt.com\\\/product\\\/1800-mens-long-sleeve-shirt\\\/#primaryimage\",\"url\":\"https:\\\/\\\/fcshirt.com\\\/wp-content\\\/uploads\\\/2026\\\/02\\\/mens-long-sleeve-shirt-royal-front-699f1e1ac7f2e.jpg\",\"contentUrl\":\"https:\\\/\\\/fcshirt.com\\\/wp-content\\\/uploads\\\/2026\\\/02\\\/mens-long-sleeve-shirt-royal-front-699f1e1ac7f2e.jpg\",\"width\":1000,\"height\":1000},{\"@type\":\"BreadcrumbList\",\"@id\":\"https:\\\/\\\/fcshirt.com\\\/product\\\/1800-mens-long-sleeve-shirt\\\/#breadcrumb\",\"itemListElement\":[{\"@type\":\"ListItem\",\"position\":1,\"name\":\"Home\",\"item\":\"https:\\\/\\\/fcshirt.com\\\/\"},{\"@type\":\"ListItem\",\"position\":2,\"name\":\"Products\",\"item\":\"https:\\\/\\\/fcshirt.com\\\/products\\\/\"},{\"@type\":\"ListItem\",\"position\":3,\"name\":\"1800 &#8211; Men\u2019s Long Sleeve Shirt\"}]},{\"@type\":\"WebSite\",\"@id\":\"https:\\\/\\\/fcshirt.com\\\/#website\",\"url\":\"https:\\\/\\\/fcshirt.com\\\/\",\"name\":\"Fcshirt.com - Sports and mode apparel for Switzerland\",\"description\":\"Football and sports apparel of Swiss cities and cantons\",\"publisher\":{\"@id\":\"https:\\\/\\\/fcshirt.com\\\/#organization\"},\"potentialAction\":[{\"@type\":\"SearchAction\",\"target\":{\"@type\":\"EntryPoint\",\"urlTemplate\":\"https:\\\/\\\/fcshirt.com\\\/?s={search_term_string}\"},\"query-input\":{\"@type\":\"PropertyValueSpecification\",\"valueRequired\":true,\"valueName\":\"search_term_string\"}}],\"inLanguage\":\"fr-FR\"},{\"@type\":\"Organization\",\"@id\":\"https:\\\/\\\/fcshirt.com\\\/#organization\",\"name\":\"Fcshirt\",\"url\":\"https:\\\/\\\/fcshirt.com\\\/\",\"logo\":{\"@type\":\"ImageObject\",\"inLanguage\":\"fr-FR\",\"@id\":\"https:\\\/\\\/fcshirt.com\\\/#\\\/schema\\\/logo\\\/image\\\/\",\"url\":\"https:\\\/\\\/fcshirt.com\\\/wp-content\\\/uploads\\\/2026\\\/02\\\/1.png\",\"contentUrl\":\"https:\\\/\\\/fcshirt.com\\\/wp-content\\\/uploads\\\/2026\\\/02\\\/1.png\",\"width\":2000,\"height\":2000,\"caption\":\"Fcshirt\"},\"image\":{\"@id\":\"https:\\\/\\\/fcshirt.com\\\/#\\\/schema\\\/logo\\\/image\\\/\"},\"sameAs\":[\"https:\\\/\\\/www.instagram.com\\\/fcshirt.com1\"]}]}<\/script>\n<!-- \/ Yoast SEO plugin. -->","yoast_head_json":{"title":"1800 - Chemise \u00e0 manches longues pour homme - Fcshirt.com","robots":{"index":"index","follow":"follow","max-snippet":"max-snippet:-1","max-image-preview":"max-image-preview:large","max-video-preview":"max-video-preview:-1"},"canonical":"https:\/\/fcshirt.com\/fr\/produit\/chemise-homme-manches-longues-1800\/","og_locale":"fr_FR","og_type":"article","og_title":"1800 - Men\u2019s Long Sleeve Shirt - Fcshirt.com","og_description":"A good long-sleeved shirt is a men&#8217;s fashion must-have. Add this 1800 Vevey long sleeve shirt to your collection, and have a great to-go option for a casual look, or a relaxed business outfit. \u2022 100% cotton \u2022 Sport Grey is 90% cotton, 10% polyester \u2022 Classic fit with long sleeves and rib cuffs \u2022 [&hellip;]","og_url":"https:\/\/fcshirt.com\/fr\/produit\/chemise-homme-manches-longues-1800\/","og_site_name":"Fcshirt.com","article_modified_time":"2026-04-09T11:12:17+00:00","og_image":[{"width":1000,"height":1000,"url":"https:\/\/fcshirt.com\/wp-content\/uploads\/2026\/02\/mens-long-sleeve-shirt-royal-front-699f1e1ac7f2e.jpg","type":"image\/jpeg"}],"twitter_card":"summary_large_image","schema":{"@context":"https:\/\/schema.org","@graph":[{"@type":"WebPage","@id":"https:\/\/fcshirt.com\/product\/1800-mens-long-sleeve-shirt\/","url":"https:\/\/fcshirt.com\/product\/1800-mens-long-sleeve-shirt\/","name":"1800 - Chemise \u00e0 manches longues pour homme - Fcshirt.com","isPartOf":{"@id":"https:\/\/fcshirt.com\/#website"},"primaryImageOfPage":{"@id":"https:\/\/fcshirt.com\/product\/1800-mens-long-sleeve-shirt\/#primaryimage"},"image":{"@id":"https:\/\/fcshirt.com\/product\/1800-mens-long-sleeve-shirt\/#primaryimage"},"thumbnailUrl":"https:\/\/fcshirt.com\/wp-content\/uploads\/2026\/02\/mens-long-sleeve-shirt-royal-front-699f1e1ac7f2e.jpg","datePublished":"2026-02-25T16:07:17+00:00","dateModified":"2026-04-09T11:12:17+00:00","breadcrumb":{"@id":"https:\/\/fcshirt.com\/product\/1800-mens-long-sleeve-shirt\/#breadcrumb"},"inLanguage":"fr-FR","potentialAction":[{"@type":"ReadAction","target":["https:\/\/fcshirt.com\/product\/1800-mens-long-sleeve-shirt\/"]}]},{"@type":"ImageObject","inLanguage":"fr-FR","@id":"https:\/\/fcshirt.com\/product\/1800-mens-long-sleeve-shirt\/#primaryimage","url":"https:\/\/fcshirt.com\/wp-content\/uploads\/2026\/02\/mens-long-sleeve-shirt-royal-front-699f1e1ac7f2e.jpg","contentUrl":"https:\/\/fcshirt.com\/wp-content\/uploads\/2026\/02\/mens-long-sleeve-shirt-royal-front-699f1e1ac7f2e.jpg","width":1000,"height":1000},{"@type":"BreadcrumbList","@id":"https:\/\/fcshirt.com\/product\/1800-mens-long-sleeve-shirt\/#breadcrumb","itemListElement":[{"@type":"ListItem","position":1,"name":"Home","item":"https:\/\/fcshirt.com\/"},{"@type":"ListItem","position":2,"name":"Products","item":"https:\/\/fcshirt.com\/products\/"},{"@type":"ListItem","position":3,"name":"1800 &#8211; Men\u2019s Long Sleeve Shirt"}]},{"@type":"WebSite","@id":"https:\/\/fcshirt.com\/#website","url":"https:\/\/fcshirt.com\/","name":"Fcshirt.com - V\u00eatements de sport et de mode pour la Suisse","description":"Football et v\u00eatements de sport des villes et cantons suisses","publisher":{"@id":"https:\/\/fcshirt.com\/#organization"},"potentialAction":[{"@type":"SearchAction","target":{"@type":"EntryPoint","urlTemplate":"https:\/\/fcshirt.com\/?s={search_term_string}"},"query-input":{"@type":"PropertyValueSpecification","valueRequired":true,"valueName":"search_term_string"}}],"inLanguage":"fr-FR"},{"@type":"Organization","@id":"https:\/\/fcshirt.com\/#organization","name":"Fcshirt","url":"https:\/\/fcshirt.com\/","logo":{"@type":"ImageObject","inLanguage":"fr-FR","@id":"https:\/\/fcshirt.com\/#\/schema\/logo\/image\/","url":"https:\/\/fcshirt.com\/wp-content\/uploads\/2026\/02\/1.png","contentUrl":"https:\/\/fcshirt.com\/wp-content\/uploads\/2026\/02\/1.png","width":2000,"height":2000,"caption":"Fcshirt"},"image":{"@id":"https:\/\/fcshirt.com\/#\/schema\/logo\/image\/"},"sameAs":["https:\/\/www.instagram.com\/fcshirt.com1"]}]}},"jetpack_sharing_enabled":true,"_links":{"self":[{"href":"https:\/\/fcshirt.com\/fr\/wp-json\/wp\/v2\/product\/4547","targetHints":{"allow":["GET"]}}],"collection":[{"href":"https:\/\/fcshirt.com\/fr\/wp-json\/wp\/v2\/product"}],"about":[{"href":"https:\/\/fcshirt.com\/fr\/wp-json\/wp\/v2\/types\/product"}],"wp:featuredmedia":[{"embeddable":true,"href":"https:\/\/fcshirt.com\/fr\/wp-json\/wp\/v2\/media\/4580"}],"wp:attachment":[{"href":"https:\/\/fcshirt.com\/fr\/wp-json\/wp\/v2\/media?parent=4547"}],"wp:term":[{"taxonomy":"product_brand","embeddable":true,"href":"https:\/\/fcshirt.com\/fr\/wp-json\/wp\/v2\/product_brand?post=4547"},{"taxonomy":"product_cat","embeddable":true,"href":"https:\/\/fcshirt.com\/fr\/wp-json\/wp\/v2\/product_cat?post=4547"},{"taxonomy":"product_tag","embeddable":true,"href":"https:\/\/fcshirt.com\/fr\/wp-json\/wp\/v2\/product_tag?post=4547"}],"curies":[{"name":"wp","href":"https:\/\/api.w.org\/{rel}","templated":true}]}}