{"id":4071,"date":"2026-02-20T17:42:50","date_gmt":"2026-02-20T17:42:50","guid":{"rendered":"https:\/\/fcshirt.com\/product\/unisex-hoodie-2\/"},"modified":"2026-04-09T11:16:28","modified_gmt":"2026-04-09T11:16:28","slug":"sweat-a-capuche-unisexe-2","status":"publish","type":"product","link":"https:\/\/fcshirt.com\/fr\/product\/unisex-hoodie-2\/","title":{"rendered":"1815 Clarens \u2013 Sweat \u00e0 capuche unisexe"},"content":{"rendered":"<p data-start=\"0\" data-end=\"190\">Le Hoodie 1815 Clarens allie confort et style sobre en une pi\u00e8ce essentielle. Dot\u00e9 du d\u00e9tail \u201c 1815 Clarens \u201d \u00e9l\u00e9gamment brod\u00e9, il ajoute une signature raffin\u00e9e \u00e0 une silhouette d\u00e9contract\u00e9e.<\/p>\n<p data-start=\"192\" data-end=\"492\" data-is-last-node=\"\" data-is-only-node=\"\">Tout le monde a besoin d'un sweat \u00e0 capuche douillet et celui-ci est con\u00e7u pour vous l'offrir. Doux au toucher, lisse et d'un style sans effort, il est parfait pour se d\u00e9tendre ou pour \u00eatre port\u00e9 en superposition lors des soir\u00e9es plus fra\u00eeches. Facile \u00e0 porter et d'un attrait intemporel, c'est une pi\u00e8ce que vous choisirez chaque fois que le confort sera primordial.<\/p>\n<p>\u2022 50% pre-shrunk cotton, 50% polyester<br \/>\nH\u00e9ritage Sport Bleu Marine Fonc\u00e9 est 40% coton, 60% polyester<br \/>\n\u2022 Poids du tissu\u00a0: 271,25 g\/m\u00b2 (8,0 oz\/yd\u00b2)<br \/>\n\u2022 Fil fil\u00e9 \u00e0 jet d'air avec un toucher doux et un boulochage r\u00e9duit<br \/>\n\u2022 Capuche doubl\u00e9e avec cordon de serrage assorti<br \/>\n\u2022 Corps tourn\u00e9 d'un quart pour \u00e9viter le pli au milieu<br \/>\n\u2022 Poignets et ceinture c\u00f4tel\u00e9s athl\u00e9tiques 1 \u00d7 1 avec \u00e9lasthanne<br \/>\n\u2022 Poche avant plaqu\u00e9e<br \/>\n\u2022 Col, \u00e9paules, emmanchures, poignets et ourlet avec double surpiq\u00fbre d'aiguille<br \/>\n\u2022 Produit vierge provenant du Bangladesh, du Nicaragua, du Honduras ou d'El Salvador<\/p>\n<p>Clause de non-responsabilit\u00e9 : En raison des propri\u00e9t\u00e9s du tissu, la variante de couleur blanche peut appara\u00eetre blanc cass\u00e9 plut\u00f4t que blanc brillant.<\/p>","protected":false},"excerpt":{"rendered":"<p>The Hoodie 1815 Clarens combines comfort and understated style in one essential piece. Featuring the \u201c1815 Clarens\u201d detail elegantly embroidered, it adds a refined signature to a relaxed silhouette. Everyone needs a cozy go-to hoodie, and this one is designed to deliver just that. Soft to the touch, smooth in feel, and effortlessly stylish, it\u2019s [&hellip;]<\/p>\n","protected":false},"featured_media":4188,"template":"","meta":[],"product_brand":[],"product_cat":[30,58,31],"product_tag":[],"class_list":{"0":"post-4071","1":"product","2":"type-product","3":"status-publish","4":"has-post-thumbnail","6":"product_cat-clarens","7":"product_cat-hoodies","8":"product_cat-vaud","10":"first","11":"instock","12":"shipping-taxable","13":"purchasable","14":"product-type-variable"},"yoast_head":"<!-- This site is optimized with the Yoast SEO plugin v27.3 - https:\/\/yoast.com\/product\/yoast-seo-wordpress\/ -->\n<title>1815 Clarens - Unisex Hoodie - Fcshirt.com<\/title>\n<meta name=\"robots\" content=\"index, follow, max-snippet:-1, max-image-preview:large, max-video-preview:-1\" \/>\n<link rel=\"canonical\" href=\"https:\/\/fcshirt.com\/fr\/produit\/sweat-a-capuche-unisexe-2\/\" \/>\n<meta property=\"og:locale\" content=\"fr_FR\" \/>\n<meta property=\"og:type\" content=\"article\" \/>\n<meta property=\"og:title\" content=\"1815 Clarens - Unisex Hoodie - Fcshirt.com\" \/>\n<meta property=\"og:description\" content=\"The Hoodie 1815 Clarens combines comfort and understated style in one essential piece. Featuring the \u201c1815 Clarens\u201d detail elegantly embroidered, it adds a refined signature to a relaxed silhouette. Everyone needs a cozy go-to hoodie, and this one is designed to deliver just that. Soft to the touch, smooth in feel, and effortlessly stylish, it\u2019s [&hellip;]\" \/>\n<meta property=\"og:url\" content=\"https:\/\/fcshirt.com\/fr\/produit\/sweat-a-capuche-unisexe-2\/\" \/>\n<meta property=\"og:site_name\" content=\"Fcshirt.com\" \/>\n<meta property=\"article:modified_time\" content=\"2026-04-09T11:16:28+00:00\" \/>\n<meta property=\"og:image\" content=\"https:\/\/fcshirt.com\/wp-content\/uploads\/2026\/02\/unisex-heavy-blend-hoodie-sand-front-69989cfde3cb1.jpg\" \/>\n\t<meta property=\"og:image:width\" content=\"2000\" \/>\n\t<meta property=\"og:image:height\" content=\"2000\" \/>\n\t<meta property=\"og:image:type\" content=\"image\/jpeg\" \/>\n<meta name=\"twitter:card\" content=\"summary_large_image\" \/>\n<meta name=\"twitter:label1\" content=\"Dur\u00e9e de lecture estim\u00e9e\" \/>\n\t<meta name=\"twitter:data1\" content=\"1 minute\" \/>\n<script type=\"application\/ld+json\" class=\"yoast-schema-graph\">{\"@context\":\"https:\\\/\\\/schema.org\",\"@graph\":[{\"@type\":\"WebPage\",\"@id\":\"https:\\\/\\\/fcshirt.com\\\/product\\\/unisex-hoodie-2\\\/\",\"url\":\"https:\\\/\\\/fcshirt.com\\\/product\\\/unisex-hoodie-2\\\/\",\"name\":\"1815 Clarens - Unisex Hoodie - Fcshirt.com\",\"isPartOf\":{\"@id\":\"https:\\\/\\\/fcshirt.com\\\/#website\"},\"primaryImageOfPage\":{\"@id\":\"https:\\\/\\\/fcshirt.com\\\/product\\\/unisex-hoodie-2\\\/#primaryimage\"},\"image\":{\"@id\":\"https:\\\/\\\/fcshirt.com\\\/product\\\/unisex-hoodie-2\\\/#primaryimage\"},\"thumbnailUrl\":\"https:\\\/\\\/fcshirt.com\\\/wp-content\\\/uploads\\\/2026\\\/02\\\/unisex-heavy-blend-hoodie-sand-front-69989cfde3cb1.jpg\",\"datePublished\":\"2026-02-20T17:42:50+00:00\",\"dateModified\":\"2026-04-09T11:16:28+00:00\",\"breadcrumb\":{\"@id\":\"https:\\\/\\\/fcshirt.com\\\/product\\\/unisex-hoodie-2\\\/#breadcrumb\"},\"inLanguage\":\"fr-FR\",\"potentialAction\":[{\"@type\":\"ReadAction\",\"target\":[\"https:\\\/\\\/fcshirt.com\\\/product\\\/unisex-hoodie-2\\\/\"]}]},{\"@type\":\"ImageObject\",\"inLanguage\":\"fr-FR\",\"@id\":\"https:\\\/\\\/fcshirt.com\\\/product\\\/unisex-hoodie-2\\\/#primaryimage\",\"url\":\"https:\\\/\\\/fcshirt.com\\\/wp-content\\\/uploads\\\/2026\\\/02\\\/unisex-heavy-blend-hoodie-sand-front-69989cfde3cb1.jpg\",\"contentUrl\":\"https:\\\/\\\/fcshirt.com\\\/wp-content\\\/uploads\\\/2026\\\/02\\\/unisex-heavy-blend-hoodie-sand-front-69989cfde3cb1.jpg\",\"width\":2000,\"height\":2000},{\"@type\":\"BreadcrumbList\",\"@id\":\"https:\\\/\\\/fcshirt.com\\\/product\\\/unisex-hoodie-2\\\/#breadcrumb\",\"itemListElement\":[{\"@type\":\"ListItem\",\"position\":1,\"name\":\"Home\",\"item\":\"https:\\\/\\\/fcshirt.com\\\/\"},{\"@type\":\"ListItem\",\"position\":2,\"name\":\"Products\",\"item\":\"https:\\\/\\\/fcshirt.com\\\/products\\\/\"},{\"@type\":\"ListItem\",\"position\":3,\"name\":\"1815 Clarens &#8211; Unisex Hoodie\"}]},{\"@type\":\"WebSite\",\"@id\":\"https:\\\/\\\/fcshirt.com\\\/#website\",\"url\":\"https:\\\/\\\/fcshirt.com\\\/\",\"name\":\"Fcshirt.com - Sports and mode apparel for Switzerland\",\"description\":\"Football and sports apparel of Swiss cities and cantons\",\"publisher\":{\"@id\":\"https:\\\/\\\/fcshirt.com\\\/#organization\"},\"potentialAction\":[{\"@type\":\"SearchAction\",\"target\":{\"@type\":\"EntryPoint\",\"urlTemplate\":\"https:\\\/\\\/fcshirt.com\\\/?s={search_term_string}\"},\"query-input\":{\"@type\":\"PropertyValueSpecification\",\"valueRequired\":true,\"valueName\":\"search_term_string\"}}],\"inLanguage\":\"fr-FR\"},{\"@type\":\"Organization\",\"@id\":\"https:\\\/\\\/fcshirt.com\\\/#organization\",\"name\":\"Fcshirt\",\"url\":\"https:\\\/\\\/fcshirt.com\\\/\",\"logo\":{\"@type\":\"ImageObject\",\"inLanguage\":\"fr-FR\",\"@id\":\"https:\\\/\\\/fcshirt.com\\\/#\\\/schema\\\/logo\\\/image\\\/\",\"url\":\"https:\\\/\\\/fcshirt.com\\\/wp-content\\\/uploads\\\/2026\\\/02\\\/1.png\",\"contentUrl\":\"https:\\\/\\\/fcshirt.com\\\/wp-content\\\/uploads\\\/2026\\\/02\\\/1.png\",\"width\":2000,\"height\":2000,\"caption\":\"Fcshirt\"},\"image\":{\"@id\":\"https:\\\/\\\/fcshirt.com\\\/#\\\/schema\\\/logo\\\/image\\\/\"},\"sameAs\":[\"https:\\\/\\\/www.instagram.com\\\/fcshirt.com1\"]}]}<\/script>\n<!-- \/ Yoast SEO plugin. -->","yoast_head_json":{"title":"1815 Clarens - Unisex Hoodie - Fcshirt.com","robots":{"index":"index","follow":"follow","max-snippet":"max-snippet:-1","max-image-preview":"max-image-preview:large","max-video-preview":"max-video-preview:-1"},"canonical":"https:\/\/fcshirt.com\/fr\/produit\/sweat-a-capuche-unisexe-2\/","og_locale":"fr_FR","og_type":"article","og_title":"1815 Clarens - Unisex Hoodie - Fcshirt.com","og_description":"The Hoodie 1815 Clarens combines comfort and understated style in one essential piece. Featuring the \u201c1815 Clarens\u201d detail elegantly embroidered, it adds a refined signature to a relaxed silhouette. Everyone needs a cozy go-to hoodie, and this one is designed to deliver just that. Soft to the touch, smooth in feel, and effortlessly stylish, it\u2019s [&hellip;]","og_url":"https:\/\/fcshirt.com\/fr\/produit\/sweat-a-capuche-unisexe-2\/","og_site_name":"Fcshirt.com","article_modified_time":"2026-04-09T11:16:28+00:00","og_image":[{"width":2000,"height":2000,"url":"https:\/\/fcshirt.com\/wp-content\/uploads\/2026\/02\/unisex-heavy-blend-hoodie-sand-front-69989cfde3cb1.jpg","type":"image\/jpeg"}],"twitter_card":"summary_large_image","twitter_misc":{"Dur\u00e9e de lecture estim\u00e9e":"1 minute"},"schema":{"@context":"https:\/\/schema.org","@graph":[{"@type":"WebPage","@id":"https:\/\/fcshirt.com\/product\/unisex-hoodie-2\/","url":"https:\/\/fcshirt.com\/product\/unisex-hoodie-2\/","name":"1815 Clarens - Unisex Hoodie - Fcshirt.com","isPartOf":{"@id":"https:\/\/fcshirt.com\/#website"},"primaryImageOfPage":{"@id":"https:\/\/fcshirt.com\/product\/unisex-hoodie-2\/#primaryimage"},"image":{"@id":"https:\/\/fcshirt.com\/product\/unisex-hoodie-2\/#primaryimage"},"thumbnailUrl":"https:\/\/fcshirt.com\/wp-content\/uploads\/2026\/02\/unisex-heavy-blend-hoodie-sand-front-69989cfde3cb1.jpg","datePublished":"2026-02-20T17:42:50+00:00","dateModified":"2026-04-09T11:16:28+00:00","breadcrumb":{"@id":"https:\/\/fcshirt.com\/product\/unisex-hoodie-2\/#breadcrumb"},"inLanguage":"fr-FR","potentialAction":[{"@type":"ReadAction","target":["https:\/\/fcshirt.com\/product\/unisex-hoodie-2\/"]}]},{"@type":"ImageObject","inLanguage":"fr-FR","@id":"https:\/\/fcshirt.com\/product\/unisex-hoodie-2\/#primaryimage","url":"https:\/\/fcshirt.com\/wp-content\/uploads\/2026\/02\/unisex-heavy-blend-hoodie-sand-front-69989cfde3cb1.jpg","contentUrl":"https:\/\/fcshirt.com\/wp-content\/uploads\/2026\/02\/unisex-heavy-blend-hoodie-sand-front-69989cfde3cb1.jpg","width":2000,"height":2000},{"@type":"BreadcrumbList","@id":"https:\/\/fcshirt.com\/product\/unisex-hoodie-2\/#breadcrumb","itemListElement":[{"@type":"ListItem","position":1,"name":"Home","item":"https:\/\/fcshirt.com\/"},{"@type":"ListItem","position":2,"name":"Products","item":"https:\/\/fcshirt.com\/products\/"},{"@type":"ListItem","position":3,"name":"1815 Clarens &#8211; Unisex Hoodie"}]},{"@type":"WebSite","@id":"https:\/\/fcshirt.com\/#website","url":"https:\/\/fcshirt.com\/","name":"Fcshirt.com - V\u00eatements de sport et de mode pour la Suisse","description":"Football et v\u00eatements de sport des villes et cantons suisses","publisher":{"@id":"https:\/\/fcshirt.com\/#organization"},"potentialAction":[{"@type":"SearchAction","target":{"@type":"EntryPoint","urlTemplate":"https:\/\/fcshirt.com\/?s={search_term_string}"},"query-input":{"@type":"PropertyValueSpecification","valueRequired":true,"valueName":"search_term_string"}}],"inLanguage":"fr-FR"},{"@type":"Organization","@id":"https:\/\/fcshirt.com\/#organization","name":"Fcshirt","url":"https:\/\/fcshirt.com\/","logo":{"@type":"ImageObject","inLanguage":"fr-FR","@id":"https:\/\/fcshirt.com\/#\/schema\/logo\/image\/","url":"https:\/\/fcshirt.com\/wp-content\/uploads\/2026\/02\/1.png","contentUrl":"https:\/\/fcshirt.com\/wp-content\/uploads\/2026\/02\/1.png","width":2000,"height":2000,"caption":"Fcshirt"},"image":{"@id":"https:\/\/fcshirt.com\/#\/schema\/logo\/image\/"},"sameAs":["https:\/\/www.instagram.com\/fcshirt.com1"]}]}},"jetpack_sharing_enabled":true,"_links":{"self":[{"href":"https:\/\/fcshirt.com\/fr\/wp-json\/wp\/v2\/product\/4071","targetHints":{"allow":["GET"]}}],"collection":[{"href":"https:\/\/fcshirt.com\/fr\/wp-json\/wp\/v2\/product"}],"about":[{"href":"https:\/\/fcshirt.com\/fr\/wp-json\/wp\/v2\/types\/product"}],"wp:featuredmedia":[{"embeddable":true,"href":"https:\/\/fcshirt.com\/fr\/wp-json\/wp\/v2\/media\/4188"}],"wp:attachment":[{"href":"https:\/\/fcshirt.com\/fr\/wp-json\/wp\/v2\/media?parent=4071"}],"wp:term":[{"taxonomy":"product_brand","embeddable":true,"href":"https:\/\/fcshirt.com\/fr\/wp-json\/wp\/v2\/product_brand?post=4071"},{"taxonomy":"product_cat","embeddable":true,"href":"https:\/\/fcshirt.com\/fr\/wp-json\/wp\/v2\/product_cat?post=4071"},{"taxonomy":"product_tag","embeddable":true,"href":"https:\/\/fcshirt.com\/fr\/wp-json\/wp\/v2\/product_tag?post=4071"}],"curies":[{"name":"wp","href":"https:\/\/api.w.org\/{rel}","templated":true}]}}