{"id":3598,"date":"2026-02-07T13:28:48","date_gmt":"2026-02-07T13:28:48","guid":{"rendered":"https:\/\/fcshirt.com\/product\/fc-clarens-sport-short-unisex\/"},"modified":"2026-03-02T15:58:22","modified_gmt":"2026-03-02T15:58:22","slug":"fc-clarens-short-de-sport-unisexe","status":"publish","type":"product","link":"https:\/\/fcshirt.com\/fr\/product\/fc-clarens-sport-short-unisex\/","title":{"rendered":"FC Clarens \u2013 Sport court unisexe"},"content":{"rendered":"<p data-start=\"170\" data-end=\"245\"><strong data-start=\"170\" data-end=\"245\">Repr\u00e9sentez fi\u00e8rement 1815 Clarens avec ce short en maille unisexe polyvalent.<\/strong><\/p>\n<p data-start=\"247\" data-end=\"641\">Restez \u00e0 l'aise et \u00e9l\u00e9gant, o\u00f9 que votre journ\u00e9e vous m\u00e8ne, avec ces shorts l\u00e9gers et respirants. Parfaits pour la salle de sport, les aventures en plein air ou les courses d\u00e9contract\u00e9es, ils combinent libert\u00e9 de mouvement et look moderne et athl\u00e9tique. Fabriqu\u00e9s \u00e0 partir de polyester recycl\u00e9 de haute qualit\u00e9, ces shorts sont doux, durables et con\u00e7us pour vous garder au frais et au sec gr\u00e2ce \u00e0 un tissu anti-humidit\u00e9 et une protection UPF50+.<\/p>\n<p data-start=\"643\" data-end=\"1179\">\u2022 100% de tissu en polyester recycl\u00e9<br data-start=\"675\" data-end=\"678\" \/>\u2022 Poids du tissu dans l'UE (peut varier de 5%) : 5,61 oz\/yd\u00b2 (190 g\/m\u00b2)<br data-start=\"746\" data-end=\"749\" \/>\u2022 Poids du tissu aux \u00c9tats-Unis (peut varier de 5%) : 4,42 oz\/yd\u00b2 (150 g\/m\u00b2)<br data-start=\"817\" data-end=\"820\" \/>\u2022 Tissu extensible dans les deux sens<br data-start=\"844\" data-end=\"847\" \/>\u2022 Mati\u00e8re anti-transpiration<br data-start=\"874\" data-end=\"877\" \/>\u2022 Coupe r\u00e9guli\u00e8re<br data-start=\"890\" data-end=\"893\" \/>\u2022 Protection UPF50+<br data-start=\"912\" data-end=\"915\" \/>Ceinture \u00e9lastique<br data-start=\"934\" data-end=\"937\" \/>\u2022 Le tissu est certifi\u00e9 selon la norme OEKO-TEX 100<br data-start=\"984\" data-end=\"987\" \/>\u2022 Le contenu recycl\u00e9 de ce produit est certifi\u00e9 par le Global Recycled Standard (GRS) pour les articles fabriqu\u00e9s dans l'UE et par le Recycled Claim Standard (RCS) pour les articles fabriqu\u00e9s aux \u00c9tats-Unis.<\/p>","protected":false},"excerpt":{"rendered":"<p>Proudly represent 1815 Clarens with these versatile unisex mesh shorts. Stay comfortable and stylish wherever your day takes you with these lightweight, breathable shorts. Perfect for the gym, outdoor adventures, or casual errands, they combine freedom of movement with a modern, athletic look. Made from high-quality recycled polyester, these shorts are soft, durable, and designed [&hellip;]<\/p>\n","protected":false},"featured_media":3613,"template":"","meta":[],"product_brand":[],"product_cat":[57,30,32,31],"product_tag":[],"class_list":{"0":"post-3598","1":"product","2":"type-product","3":"status-publish","4":"has-post-thumbnail","6":"product_cat-bottom","7":"product_cat-clarens","8":"product_cat-sports","9":"product_cat-vaud","11":"first","12":"outofstock","13":"shipping-taxable","14":"purchasable","15":"product-type-variable"},"yoast_head":"<!-- This site is optimized with the Yoast SEO plugin v27.3 - https:\/\/yoast.com\/product\/yoast-seo-wordpress\/ -->\n<title>FC Clarens - Sport short unisex - Fcshirt.com<\/title>\n<meta name=\"robots\" content=\"index, follow, max-snippet:-1, max-image-preview:large, max-video-preview:-1\" \/>\n<link rel=\"canonical\" href=\"https:\/\/fcshirt.com\/fr\/produit\/fc-clarens-short-de-sport-unisexe\/\" \/>\n<meta property=\"og:locale\" content=\"fr_FR\" \/>\n<meta property=\"og:type\" content=\"article\" \/>\n<meta property=\"og:title\" content=\"FC Clarens - Sport short unisex - Fcshirt.com\" \/>\n<meta property=\"og:description\" content=\"Proudly represent 1815 Clarens with these versatile unisex mesh shorts. Stay comfortable and stylish wherever your day takes you with these lightweight, breathable shorts. Perfect for the gym, outdoor adventures, or casual errands, they combine freedom of movement with a modern, athletic look. Made from high-quality recycled polyester, these shorts are soft, durable, and designed [&hellip;]\" \/>\n<meta property=\"og:url\" content=\"https:\/\/fcshirt.com\/fr\/produit\/fc-clarens-short-de-sport-unisexe\/\" \/>\n<meta property=\"og:site_name\" content=\"Fcshirt.com\" \/>\n<meta property=\"article:modified_time\" content=\"2026-03-02T15:58:22+00:00\" \/>\n<meta property=\"og:image\" content=\"https:\/\/fcshirt.com\/wp-content\/uploads\/2026\/02\/all-over-print-recycled-unisex-mesh-shorts-white-front-69873e0000aaa.jpg\" \/>\n\t<meta property=\"og:image:width\" content=\"2000\" \/>\n\t<meta property=\"og:image:height\" content=\"2000\" \/>\n\t<meta property=\"og:image:type\" content=\"image\/jpeg\" \/>\n<meta name=\"twitter:card\" content=\"summary_large_image\" \/>\n<meta name=\"twitter:label1\" content=\"Dur\u00e9e de lecture estim\u00e9e\" \/>\n\t<meta name=\"twitter:data1\" content=\"1 minute\" \/>\n<script type=\"application\/ld+json\" class=\"yoast-schema-graph\">{\"@context\":\"https:\\\/\\\/schema.org\",\"@graph\":[{\"@type\":\"WebPage\",\"@id\":\"https:\\\/\\\/fcshirt.com\\\/product\\\/fc-clarens-sport-short-unisex\\\/\",\"url\":\"https:\\\/\\\/fcshirt.com\\\/product\\\/fc-clarens-sport-short-unisex\\\/\",\"name\":\"FC Clarens - Sport short unisex - Fcshirt.com\",\"isPartOf\":{\"@id\":\"https:\\\/\\\/fcshirt.com\\\/#website\"},\"primaryImageOfPage\":{\"@id\":\"https:\\\/\\\/fcshirt.com\\\/product\\\/fc-clarens-sport-short-unisex\\\/#primaryimage\"},\"image\":{\"@id\":\"https:\\\/\\\/fcshirt.com\\\/product\\\/fc-clarens-sport-short-unisex\\\/#primaryimage\"},\"thumbnailUrl\":\"https:\\\/\\\/fcshirt.com\\\/wp-content\\\/uploads\\\/2026\\\/02\\\/all-over-print-recycled-unisex-mesh-shorts-white-front-69873e0000aaa.jpg\",\"datePublished\":\"2026-02-07T13:28:48+00:00\",\"dateModified\":\"2026-03-02T15:58:22+00:00\",\"breadcrumb\":{\"@id\":\"https:\\\/\\\/fcshirt.com\\\/product\\\/fc-clarens-sport-short-unisex\\\/#breadcrumb\"},\"inLanguage\":\"fr-FR\",\"potentialAction\":[{\"@type\":\"ReadAction\",\"target\":[\"https:\\\/\\\/fcshirt.com\\\/product\\\/fc-clarens-sport-short-unisex\\\/\"]}]},{\"@type\":\"ImageObject\",\"inLanguage\":\"fr-FR\",\"@id\":\"https:\\\/\\\/fcshirt.com\\\/product\\\/fc-clarens-sport-short-unisex\\\/#primaryimage\",\"url\":\"https:\\\/\\\/fcshirt.com\\\/wp-content\\\/uploads\\\/2026\\\/02\\\/all-over-print-recycled-unisex-mesh-shorts-white-front-69873e0000aaa.jpg\",\"contentUrl\":\"https:\\\/\\\/fcshirt.com\\\/wp-content\\\/uploads\\\/2026\\\/02\\\/all-over-print-recycled-unisex-mesh-shorts-white-front-69873e0000aaa.jpg\",\"width\":2000,\"height\":2000},{\"@type\":\"BreadcrumbList\",\"@id\":\"https:\\\/\\\/fcshirt.com\\\/product\\\/fc-clarens-sport-short-unisex\\\/#breadcrumb\",\"itemListElement\":[{\"@type\":\"ListItem\",\"position\":1,\"name\":\"Home\",\"item\":\"https:\\\/\\\/fcshirt.com\\\/\"},{\"@type\":\"ListItem\",\"position\":2,\"name\":\"Products\",\"item\":\"https:\\\/\\\/fcshirt.com\\\/products\\\/\"},{\"@type\":\"ListItem\",\"position\":3,\"name\":\"FC Clarens &#8211; Sport short unisex\"}]},{\"@type\":\"WebSite\",\"@id\":\"https:\\\/\\\/fcshirt.com\\\/#website\",\"url\":\"https:\\\/\\\/fcshirt.com\\\/\",\"name\":\"Fcshirt.com - Sports and mode apparel for Switzerland\",\"description\":\"Football and sports apparel of Swiss cities and cantons\",\"publisher\":{\"@id\":\"https:\\\/\\\/fcshirt.com\\\/#organization\"},\"potentialAction\":[{\"@type\":\"SearchAction\",\"target\":{\"@type\":\"EntryPoint\",\"urlTemplate\":\"https:\\\/\\\/fcshirt.com\\\/?s={search_term_string}\"},\"query-input\":{\"@type\":\"PropertyValueSpecification\",\"valueRequired\":true,\"valueName\":\"search_term_string\"}}],\"inLanguage\":\"fr-FR\"},{\"@type\":\"Organization\",\"@id\":\"https:\\\/\\\/fcshirt.com\\\/#organization\",\"name\":\"Fcshirt\",\"url\":\"https:\\\/\\\/fcshirt.com\\\/\",\"logo\":{\"@type\":\"ImageObject\",\"inLanguage\":\"fr-FR\",\"@id\":\"https:\\\/\\\/fcshirt.com\\\/#\\\/schema\\\/logo\\\/image\\\/\",\"url\":\"https:\\\/\\\/fcshirt.com\\\/wp-content\\\/uploads\\\/2026\\\/02\\\/1.png\",\"contentUrl\":\"https:\\\/\\\/fcshirt.com\\\/wp-content\\\/uploads\\\/2026\\\/02\\\/1.png\",\"width\":2000,\"height\":2000,\"caption\":\"Fcshirt\"},\"image\":{\"@id\":\"https:\\\/\\\/fcshirt.com\\\/#\\\/schema\\\/logo\\\/image\\\/\"},\"sameAs\":[\"https:\\\/\\\/www.instagram.com\\\/fcshirt.com1\"]}]}<\/script>\n<!-- \/ Yoast SEO plugin. -->","yoast_head_json":{"title":"FC Clarens - Sport short unisex - Fcshirt.com","robots":{"index":"index","follow":"follow","max-snippet":"max-snippet:-1","max-image-preview":"max-image-preview:large","max-video-preview":"max-video-preview:-1"},"canonical":"https:\/\/fcshirt.com\/fr\/produit\/fc-clarens-short-de-sport-unisexe\/","og_locale":"fr_FR","og_type":"article","og_title":"FC Clarens - Sport short unisex - Fcshirt.com","og_description":"Proudly represent 1815 Clarens with these versatile unisex mesh shorts. Stay comfortable and stylish wherever your day takes you with these lightweight, breathable shorts. Perfect for the gym, outdoor adventures, or casual errands, they combine freedom of movement with a modern, athletic look. Made from high-quality recycled polyester, these shorts are soft, durable, and designed [&hellip;]","og_url":"https:\/\/fcshirt.com\/fr\/produit\/fc-clarens-short-de-sport-unisexe\/","og_site_name":"Fcshirt.com","article_modified_time":"2026-03-02T15:58:22+00:00","og_image":[{"width":2000,"height":2000,"url":"https:\/\/fcshirt.com\/wp-content\/uploads\/2026\/02\/all-over-print-recycled-unisex-mesh-shorts-white-front-69873e0000aaa.jpg","type":"image\/jpeg"}],"twitter_card":"summary_large_image","twitter_misc":{"Dur\u00e9e de lecture estim\u00e9e":"1 minute"},"schema":{"@context":"https:\/\/schema.org","@graph":[{"@type":"WebPage","@id":"https:\/\/fcshirt.com\/product\/fc-clarens-sport-short-unisex\/","url":"https:\/\/fcshirt.com\/product\/fc-clarens-sport-short-unisex\/","name":"FC Clarens - Sport short unisex - Fcshirt.com","isPartOf":{"@id":"https:\/\/fcshirt.com\/#website"},"primaryImageOfPage":{"@id":"https:\/\/fcshirt.com\/product\/fc-clarens-sport-short-unisex\/#primaryimage"},"image":{"@id":"https:\/\/fcshirt.com\/product\/fc-clarens-sport-short-unisex\/#primaryimage"},"thumbnailUrl":"https:\/\/fcshirt.com\/wp-content\/uploads\/2026\/02\/all-over-print-recycled-unisex-mesh-shorts-white-front-69873e0000aaa.jpg","datePublished":"2026-02-07T13:28:48+00:00","dateModified":"2026-03-02T15:58:22+00:00","breadcrumb":{"@id":"https:\/\/fcshirt.com\/product\/fc-clarens-sport-short-unisex\/#breadcrumb"},"inLanguage":"fr-FR","potentialAction":[{"@type":"ReadAction","target":["https:\/\/fcshirt.com\/product\/fc-clarens-sport-short-unisex\/"]}]},{"@type":"ImageObject","inLanguage":"fr-FR","@id":"https:\/\/fcshirt.com\/product\/fc-clarens-sport-short-unisex\/#primaryimage","url":"https:\/\/fcshirt.com\/wp-content\/uploads\/2026\/02\/all-over-print-recycled-unisex-mesh-shorts-white-front-69873e0000aaa.jpg","contentUrl":"https:\/\/fcshirt.com\/wp-content\/uploads\/2026\/02\/all-over-print-recycled-unisex-mesh-shorts-white-front-69873e0000aaa.jpg","width":2000,"height":2000},{"@type":"BreadcrumbList","@id":"https:\/\/fcshirt.com\/product\/fc-clarens-sport-short-unisex\/#breadcrumb","itemListElement":[{"@type":"ListItem","position":1,"name":"Home","item":"https:\/\/fcshirt.com\/"},{"@type":"ListItem","position":2,"name":"Products","item":"https:\/\/fcshirt.com\/products\/"},{"@type":"ListItem","position":3,"name":"FC Clarens &#8211; Sport short unisex"}]},{"@type":"WebSite","@id":"https:\/\/fcshirt.com\/#website","url":"https:\/\/fcshirt.com\/","name":"Fcshirt.com - V\u00eatements de sport et de mode pour la Suisse","description":"Football et v\u00eatements de sport des villes et cantons suisses","publisher":{"@id":"https:\/\/fcshirt.com\/#organization"},"potentialAction":[{"@type":"SearchAction","target":{"@type":"EntryPoint","urlTemplate":"https:\/\/fcshirt.com\/?s={search_term_string}"},"query-input":{"@type":"PropertyValueSpecification","valueRequired":true,"valueName":"search_term_string"}}],"inLanguage":"fr-FR"},{"@type":"Organization","@id":"https:\/\/fcshirt.com\/#organization","name":"Fcshirt","url":"https:\/\/fcshirt.com\/","logo":{"@type":"ImageObject","inLanguage":"fr-FR","@id":"https:\/\/fcshirt.com\/#\/schema\/logo\/image\/","url":"https:\/\/fcshirt.com\/wp-content\/uploads\/2026\/02\/1.png","contentUrl":"https:\/\/fcshirt.com\/wp-content\/uploads\/2026\/02\/1.png","width":2000,"height":2000,"caption":"Fcshirt"},"image":{"@id":"https:\/\/fcshirt.com\/#\/schema\/logo\/image\/"},"sameAs":["https:\/\/www.instagram.com\/fcshirt.com1"]}]}},"jetpack_sharing_enabled":true,"_links":{"self":[{"href":"https:\/\/fcshirt.com\/fr\/wp-json\/wp\/v2\/product\/3598","targetHints":{"allow":["GET"]}}],"collection":[{"href":"https:\/\/fcshirt.com\/fr\/wp-json\/wp\/v2\/product"}],"about":[{"href":"https:\/\/fcshirt.com\/fr\/wp-json\/wp\/v2\/types\/product"}],"wp:featuredmedia":[{"embeddable":true,"href":"https:\/\/fcshirt.com\/fr\/wp-json\/wp\/v2\/media\/3613"}],"wp:attachment":[{"href":"https:\/\/fcshirt.com\/fr\/wp-json\/wp\/v2\/media?parent=3598"}],"wp:term":[{"taxonomy":"product_brand","embeddable":true,"href":"https:\/\/fcshirt.com\/fr\/wp-json\/wp\/v2\/product_brand?post=3598"},{"taxonomy":"product_cat","embeddable":true,"href":"https:\/\/fcshirt.com\/fr\/wp-json\/wp\/v2\/product_cat?post=3598"},{"taxonomy":"product_tag","embeddable":true,"href":"https:\/\/fcshirt.com\/fr\/wp-json\/wp\/v2\/product_tag?post=3598"}],"curies":[{"name":"wp","href":"https:\/\/api.w.org\/{rel}","templated":true}]}}