{"id":3514,"date":"2026-02-06T17:35:31","date_gmt":"2026-02-06T17:35:31","guid":{"rendered":"https:\/\/fcshirt.com\/product\/fanny-pack-banane\/"},"modified":"2026-04-09T11:18:56","modified_gmt":"2026-04-09T11:18:56","slug":"sac-banane","status":"publish","type":"product","link":"https:\/\/fcshirt.com\/fr\/product\/fanny-pack-banane\/","title":{"rendered":"FC Clarens - Fanny Pack (Banane)"},"content":{"rendered":"<p>La banane est l'accessoire ultime pour les personnes actives. Et ce sac banane a tout ce qu'il faut : la bonne taille, une petite poche int\u00e9rieure et des sangles r\u00e9glables, pour devenir votre article de mode pr\u00e9f\u00e9r\u00e9 si vous allez \u00e0 un festival, si vous vous pr\u00e9parez pour des vacances, ou si vous aimez simplement garder vos mains libres.<\/p>\n<p>\u2022 100% polyester<br \/>\n\u2022 Poids du tissu : 9 oz\/yd\u00b2 (305 g\/m\u00b2)<br \/>\n\u2022 Dimensions : 16 cm de hauteur, 33 cm de largeur et 7 cm de diam\u00e8tre<br \/>\n\u2022 Capacit\u00e9 : 0,37 gallon (1,4 l)<br \/>\n\u2022 Mati\u00e8re r\u00e9sistante \u00e0 l'eau<br \/>\n\u2022 Fermeture \u00e9clair sup\u00e9rieure avec 2 curseurs<br \/>\n\u2022 Petite poche int\u00e9rieure personnalisable sans fermeture \u00e9clair<br \/>\n\u2022 Doublure soyeuse, ourlets passepoil\u00e9s \u00e0 l'int\u00e9rieur<br \/>\n- Sangles r\u00e9glables de 1\u00bc\u2033 (2,54 cm) de large avec r\u00e9gulateurs de sangle en plastique<br \/>\nComposants de produits vierges provenant de Chine<\/p>\n<p>Restrictions d'\u00e2ge : Pour adultes<br \/>\nGarantie UE : 2 ans<br \/>\nAutres informations sur la conformit\u00e9 : Conforme aux exigences en mati\u00e8re d'inflammabilit\u00e9, de plomb, de cadmium, de bisph\u00e9nols et de phtalates.<\/p>\n<p>Conform\u00e9ment au r\u00e8glement g\u00e9n\u00e9ral sur la s\u00e9curit\u00e9 des produits (RGSP), <b>Rencla WebTech SARL<\/b> et <b>SINDEN VENTURES LIMITED<\/b> Veiller \u00e0 ce que tous les produits de consommation propos\u00e9s soient s\u00fbrs et conformes aux normes de l'UE. Pour toute question ou pr\u00e9occupation li\u00e9e \u00e0 la s\u00e9curit\u00e9 des produits, veuillez contacter notre repr\u00e9sentant de l'UE \u00e0 l'adresse <b>gpsr@sindenventures.com<\/b>. Vous pouvez \u00e9galement nous \u00e9crire \u00e0 <b>Chemin des cr\u00eates 17, 1815 Clarens<\/b> ou<b> Markou Evgenikou 11, Mesa Geitonia, 4002, Limassol, Chypre.<b><\/b><\/b><\/p>","protected":false},"excerpt":{"rendered":"<p>Fanny pack is the ultimate accessory for people on the go. And this waist bag has everything\u2014the right size, a small inside pocket, and adjustable straps\u2014to become your favorite fashion item if you&#8217;re going to a festival, getting ready for a vacation, or just like to keep your hands free. \u2022 100% polyester \u2022 Fabric [&hellip;]<\/p>\n","protected":false},"featured_media":3953,"template":"","meta":[],"product_brand":[],"product_cat":[19,30,31],"product_tag":[],"class_list":{"0":"post-3514","1":"product","2":"type-product","3":"status-publish","4":"has-post-thumbnail","6":"product_cat-accessories","7":"product_cat-clarens","8":"product_cat-vaud","10":"first","11":"outofstock","12":"shipping-taxable","13":"purchasable","14":"product-type-variable"},"yoast_head":"<!-- This site is optimized with the Yoast SEO plugin v27.3 - https:\/\/yoast.com\/product\/yoast-seo-wordpress\/ -->\n<title>FC Clarens - Fanny Pack (Banane) - Fcshirt.com<\/title>\n<meta name=\"robots\" content=\"index, follow, max-snippet:-1, max-image-preview:large, max-video-preview:-1\" \/>\n<link rel=\"canonical\" href=\"https:\/\/fcshirt.com\/fr\/produit\/sac-banane\/\" \/>\n<meta property=\"og:locale\" content=\"fr_FR\" \/>\n<meta property=\"og:type\" content=\"article\" \/>\n<meta property=\"og:title\" content=\"FC Clarens - Fanny Pack (Banane) - Fcshirt.com\" \/>\n<meta property=\"og:description\" content=\"Fanny pack is the ultimate accessory for people on the go. And this waist bag has everything\u2014the right size, a small inside pocket, and adjustable straps\u2014to become your favorite fashion item if you&#8217;re going to a festival, getting ready for a vacation, or just like to keep your hands free. \u2022 100% polyester \u2022 Fabric [&hellip;]\" \/>\n<meta property=\"og:url\" content=\"https:\/\/fcshirt.com\/fr\/produit\/sac-banane\/\" \/>\n<meta property=\"og:site_name\" content=\"Fcshirt.com\" \/>\n<meta property=\"article:modified_time\" content=\"2026-04-09T11:18:56+00:00\" \/>\n<meta property=\"og:image\" content=\"https:\/\/fcshirt.com\/wp-content\/uploads\/2026\/02\/all-over-print-fanny-pack-white-front-698b7ad15a06d.jpg\" \/>\n\t<meta property=\"og:image:width\" content=\"2000\" \/>\n\t<meta property=\"og:image:height\" content=\"2000\" \/>\n\t<meta property=\"og:image:type\" content=\"image\/jpeg\" \/>\n<meta name=\"twitter:card\" content=\"summary_large_image\" \/>\n<meta name=\"twitter:label1\" content=\"Dur\u00e9e de lecture estim\u00e9e\" \/>\n\t<meta name=\"twitter:data1\" content=\"1 minute\" \/>\n<script type=\"application\/ld+json\" class=\"yoast-schema-graph\">{\"@context\":\"https:\\\/\\\/schema.org\",\"@graph\":[{\"@type\":\"WebPage\",\"@id\":\"https:\\\/\\\/fcshirt.com\\\/product\\\/fanny-pack-banane\\\/\",\"url\":\"https:\\\/\\\/fcshirt.com\\\/product\\\/fanny-pack-banane\\\/\",\"name\":\"FC Clarens - Fanny Pack (Banane) - Fcshirt.com\",\"isPartOf\":{\"@id\":\"https:\\\/\\\/fcshirt.com\\\/#website\"},\"primaryImageOfPage\":{\"@id\":\"https:\\\/\\\/fcshirt.com\\\/product\\\/fanny-pack-banane\\\/#primaryimage\"},\"image\":{\"@id\":\"https:\\\/\\\/fcshirt.com\\\/product\\\/fanny-pack-banane\\\/#primaryimage\"},\"thumbnailUrl\":\"https:\\\/\\\/fcshirt.com\\\/wp-content\\\/uploads\\\/2026\\\/02\\\/all-over-print-fanny-pack-white-front-698b7ad15a06d.jpg\",\"datePublished\":\"2026-02-06T17:35:31+00:00\",\"dateModified\":\"2026-04-09T11:18:56+00:00\",\"breadcrumb\":{\"@id\":\"https:\\\/\\\/fcshirt.com\\\/product\\\/fanny-pack-banane\\\/#breadcrumb\"},\"inLanguage\":\"fr-FR\",\"potentialAction\":[{\"@type\":\"ReadAction\",\"target\":[\"https:\\\/\\\/fcshirt.com\\\/product\\\/fanny-pack-banane\\\/\"]}]},{\"@type\":\"ImageObject\",\"inLanguage\":\"fr-FR\",\"@id\":\"https:\\\/\\\/fcshirt.com\\\/product\\\/fanny-pack-banane\\\/#primaryimage\",\"url\":\"https:\\\/\\\/fcshirt.com\\\/wp-content\\\/uploads\\\/2026\\\/02\\\/all-over-print-fanny-pack-white-front-698b7ad15a06d.jpg\",\"contentUrl\":\"https:\\\/\\\/fcshirt.com\\\/wp-content\\\/uploads\\\/2026\\\/02\\\/all-over-print-fanny-pack-white-front-698b7ad15a06d.jpg\",\"width\":2000,\"height\":2000,\"caption\":\"banane sacoche montreux vevey clarens\"},{\"@type\":\"BreadcrumbList\",\"@id\":\"https:\\\/\\\/fcshirt.com\\\/product\\\/fanny-pack-banane\\\/#breadcrumb\",\"itemListElement\":[{\"@type\":\"ListItem\",\"position\":1,\"name\":\"Home\",\"item\":\"https:\\\/\\\/fcshirt.com\\\/\"},{\"@type\":\"ListItem\",\"position\":2,\"name\":\"Products\",\"item\":\"https:\\\/\\\/fcshirt.com\\\/products\\\/\"},{\"@type\":\"ListItem\",\"position\":3,\"name\":\"FC Clarens &#8211; Fanny Pack (Banane)\"}]},{\"@type\":\"WebSite\",\"@id\":\"https:\\\/\\\/fcshirt.com\\\/#website\",\"url\":\"https:\\\/\\\/fcshirt.com\\\/\",\"name\":\"Fcshirt.com - Sports and mode apparel for Switzerland\",\"description\":\"Football and sports apparel of Swiss cities and cantons\",\"publisher\":{\"@id\":\"https:\\\/\\\/fcshirt.com\\\/#organization\"},\"potentialAction\":[{\"@type\":\"SearchAction\",\"target\":{\"@type\":\"EntryPoint\",\"urlTemplate\":\"https:\\\/\\\/fcshirt.com\\\/?s={search_term_string}\"},\"query-input\":{\"@type\":\"PropertyValueSpecification\",\"valueRequired\":true,\"valueName\":\"search_term_string\"}}],\"inLanguage\":\"fr-FR\"},{\"@type\":\"Organization\",\"@id\":\"https:\\\/\\\/fcshirt.com\\\/#organization\",\"name\":\"Fcshirt\",\"url\":\"https:\\\/\\\/fcshirt.com\\\/\",\"logo\":{\"@type\":\"ImageObject\",\"inLanguage\":\"fr-FR\",\"@id\":\"https:\\\/\\\/fcshirt.com\\\/#\\\/schema\\\/logo\\\/image\\\/\",\"url\":\"https:\\\/\\\/fcshirt.com\\\/wp-content\\\/uploads\\\/2026\\\/02\\\/1.png\",\"contentUrl\":\"https:\\\/\\\/fcshirt.com\\\/wp-content\\\/uploads\\\/2026\\\/02\\\/1.png\",\"width\":2000,\"height\":2000,\"caption\":\"Fcshirt\"},\"image\":{\"@id\":\"https:\\\/\\\/fcshirt.com\\\/#\\\/schema\\\/logo\\\/image\\\/\"},\"sameAs\":[\"https:\\\/\\\/www.instagram.com\\\/fcshirt.com1\"]}]}<\/script>\n<!-- \/ Yoast SEO plugin. -->","yoast_head_json":{"title":"FC Clarens - Fanny Pack (Banane) - Fcshirt.com","robots":{"index":"index","follow":"follow","max-snippet":"max-snippet:-1","max-image-preview":"max-image-preview:large","max-video-preview":"max-video-preview:-1"},"canonical":"https:\/\/fcshirt.com\/fr\/produit\/sac-banane\/","og_locale":"fr_FR","og_type":"article","og_title":"FC Clarens - Fanny Pack (Banane) - Fcshirt.com","og_description":"Fanny pack is the ultimate accessory for people on the go. And this waist bag has everything\u2014the right size, a small inside pocket, and adjustable straps\u2014to become your favorite fashion item if you&#8217;re going to a festival, getting ready for a vacation, or just like to keep your hands free. \u2022 100% polyester \u2022 Fabric [&hellip;]","og_url":"https:\/\/fcshirt.com\/fr\/produit\/sac-banane\/","og_site_name":"Fcshirt.com","article_modified_time":"2026-04-09T11:18:56+00:00","og_image":[{"width":2000,"height":2000,"url":"https:\/\/fcshirt.com\/wp-content\/uploads\/2026\/02\/all-over-print-fanny-pack-white-front-698b7ad15a06d.jpg","type":"image\/jpeg"}],"twitter_card":"summary_large_image","twitter_misc":{"Dur\u00e9e de lecture estim\u00e9e":"1 minute"},"schema":{"@context":"https:\/\/schema.org","@graph":[{"@type":"WebPage","@id":"https:\/\/fcshirt.com\/product\/fanny-pack-banane\/","url":"https:\/\/fcshirt.com\/product\/fanny-pack-banane\/","name":"FC Clarens - Fanny Pack (Banane) - Fcshirt.com","isPartOf":{"@id":"https:\/\/fcshirt.com\/#website"},"primaryImageOfPage":{"@id":"https:\/\/fcshirt.com\/product\/fanny-pack-banane\/#primaryimage"},"image":{"@id":"https:\/\/fcshirt.com\/product\/fanny-pack-banane\/#primaryimage"},"thumbnailUrl":"https:\/\/fcshirt.com\/wp-content\/uploads\/2026\/02\/all-over-print-fanny-pack-white-front-698b7ad15a06d.jpg","datePublished":"2026-02-06T17:35:31+00:00","dateModified":"2026-04-09T11:18:56+00:00","breadcrumb":{"@id":"https:\/\/fcshirt.com\/product\/fanny-pack-banane\/#breadcrumb"},"inLanguage":"fr-FR","potentialAction":[{"@type":"ReadAction","target":["https:\/\/fcshirt.com\/product\/fanny-pack-banane\/"]}]},{"@type":"ImageObject","inLanguage":"fr-FR","@id":"https:\/\/fcshirt.com\/product\/fanny-pack-banane\/#primaryimage","url":"https:\/\/fcshirt.com\/wp-content\/uploads\/2026\/02\/all-over-print-fanny-pack-white-front-698b7ad15a06d.jpg","contentUrl":"https:\/\/fcshirt.com\/wp-content\/uploads\/2026\/02\/all-over-print-fanny-pack-white-front-698b7ad15a06d.jpg","width":2000,"height":2000,"caption":"banane sacoche montreux vevey clarens"},{"@type":"BreadcrumbList","@id":"https:\/\/fcshirt.com\/product\/fanny-pack-banane\/#breadcrumb","itemListElement":[{"@type":"ListItem","position":1,"name":"Home","item":"https:\/\/fcshirt.com\/"},{"@type":"ListItem","position":2,"name":"Products","item":"https:\/\/fcshirt.com\/products\/"},{"@type":"ListItem","position":3,"name":"FC Clarens &#8211; Fanny Pack (Banane)"}]},{"@type":"WebSite","@id":"https:\/\/fcshirt.com\/#website","url":"https:\/\/fcshirt.com\/","name":"Fcshirt.com - V\u00eatements de sport et de mode pour la Suisse","description":"Football et v\u00eatements de sport des villes et cantons suisses","publisher":{"@id":"https:\/\/fcshirt.com\/#organization"},"potentialAction":[{"@type":"SearchAction","target":{"@type":"EntryPoint","urlTemplate":"https:\/\/fcshirt.com\/?s={search_term_string}"},"query-input":{"@type":"PropertyValueSpecification","valueRequired":true,"valueName":"search_term_string"}}],"inLanguage":"fr-FR"},{"@type":"Organization","@id":"https:\/\/fcshirt.com\/#organization","name":"Fcshirt","url":"https:\/\/fcshirt.com\/","logo":{"@type":"ImageObject","inLanguage":"fr-FR","@id":"https:\/\/fcshirt.com\/#\/schema\/logo\/image\/","url":"https:\/\/fcshirt.com\/wp-content\/uploads\/2026\/02\/1.png","contentUrl":"https:\/\/fcshirt.com\/wp-content\/uploads\/2026\/02\/1.png","width":2000,"height":2000,"caption":"Fcshirt"},"image":{"@id":"https:\/\/fcshirt.com\/#\/schema\/logo\/image\/"},"sameAs":["https:\/\/www.instagram.com\/fcshirt.com1"]}]}},"jetpack_sharing_enabled":true,"_links":{"self":[{"href":"https:\/\/fcshirt.com\/fr\/wp-json\/wp\/v2\/product\/3514","targetHints":{"allow":["GET"]}}],"collection":[{"href":"https:\/\/fcshirt.com\/fr\/wp-json\/wp\/v2\/product"}],"about":[{"href":"https:\/\/fcshirt.com\/fr\/wp-json\/wp\/v2\/types\/product"}],"wp:featuredmedia":[{"embeddable":true,"href":"https:\/\/fcshirt.com\/fr\/wp-json\/wp\/v2\/media\/3953"}],"wp:attachment":[{"href":"https:\/\/fcshirt.com\/fr\/wp-json\/wp\/v2\/media?parent=3514"}],"wp:term":[{"taxonomy":"product_brand","embeddable":true,"href":"https:\/\/fcshirt.com\/fr\/wp-json\/wp\/v2\/product_brand?post=3514"},{"taxonomy":"product_cat","embeddable":true,"href":"https:\/\/fcshirt.com\/fr\/wp-json\/wp\/v2\/product_cat?post=3514"},{"taxonomy":"product_tag","embeddable":true,"href":"https:\/\/fcshirt.com\/fr\/wp-json\/wp\/v2\/product_tag?post=3514"}],"curies":[{"name":"wp","href":"https:\/\/api.w.org\/{rel}","templated":true}]}}