{"id":3127,"date":"2024-02-08T07:14:59","date_gmt":"2024-02-08T07:14:59","guid":{"rendered":"https:\/\/startersites.io\/elementor\/garderobe\/?page_id=3127"},"modified":"2026-04-09T18:52:18","modified_gmt":"2026-04-09T16:52:18","slug":"a-propos-de-nous","status":"publish","type":"page","link":"https:\/\/fcshirt.com\/fr\/about-us\/","title":{"rendered":"\u00c0 propos de nous"},"content":{"rendered":"<div data-elementor-type=\"wp-page\" data-elementor-id=\"3127\" class=\"elementor elementor-3127\">\n\t\t\t\t<div class=\"elementor-element elementor-element-9afc2c3 e-flex e-con-boxed e-con e-parent\" data-id=\"9afc2c3\" data-element_type=\"container\" data-e-type=\"container\" data-settings=\"{&quot;background_background&quot;:&quot;classic&quot;}\">\n\t\t\t\t\t<div class=\"e-con-inner\">\n\t\t\t\t<div class=\"elementor-element elementor-element-84ec238 elementor-widget elementor-widget-shortcode\" data-id=\"84ec238\" data-element_type=\"widget\" data-e-type=\"widget\" data-widget_type=\"shortcode.default\">\n\t\t\t\t\t\t\t<div class=\"elementor-shortcode\"><\/div>\n\t\t\t\t\t\t<\/div>\n\t\t\t\t<div class=\"elementor-element elementor-element-b2f674d elementor-widget elementor-widget-heading\" data-id=\"b2f674d\" data-element_type=\"widget\" data-e-type=\"widget\" data-widget_type=\"heading.default\">\n\t\t\t\t\t<h2 class=\"elementor-heading-title elementor-size-default\">\u00c0 propos de FC Shirt<\/h2>\t\t\t\t<\/div>\n\t\t\t\t\t<\/div>\n\t\t\t\t<\/div>\n\t\t<div class=\"elementor-element elementor-element-055b299 e-flex e-con-boxed e-con e-parent\" data-id=\"055b299\" data-element_type=\"container\" data-e-type=\"container\">\n\t\t\t\t\t<div class=\"e-con-inner\">\n\t\t<div class=\"elementor-element elementor-element-9ef7b5f e-con-full e-flex e-con e-child\" data-id=\"9ef7b5f\" data-element_type=\"container\" data-e-type=\"container\" data-settings=\"{&quot;background_background&quot;:&quot;classic&quot;}\">\n\t\t\t\t<div class=\"elementor-element elementor-element-65ad411 elementor-widget__width-initial elementor-widget-tablet__width-inherit elementor-widget elementor-widget-image\" data-id=\"65ad411\" data-element_type=\"widget\" data-e-type=\"widget\" data-widget_type=\"image.default\">\n\t\t\t\t\t\t\t\t\t\t\t\t\t\t\t<img fetchpriority=\"high\" decoding=\"async\" width=\"2000\" height=\"2000\" src=\"https:\/\/fcshirt.com\/wp-content\/uploads\/2026\/02\/mens-long-sleeve-shirt-white-front-699f1e1ad4d57.jpg\" class=\"attachment-full size-full wp-image-4586\" alt=\"\" srcset=\"https:\/\/fcshirt.com\/wp-content\/uploads\/2026\/02\/mens-long-sleeve-shirt-white-front-699f1e1ad4d57.jpg 2000w, https:\/\/fcshirt.com\/wp-content\/uploads\/2026\/02\/mens-long-sleeve-shirt-white-front-699f1e1ad4d57-300x300.jpg 300w, https:\/\/fcshirt.com\/wp-content\/uploads\/2026\/02\/mens-long-sleeve-shirt-white-front-699f1e1ad4d57-1024x1024.jpg 1024w, https:\/\/fcshirt.com\/wp-content\/uploads\/2026\/02\/mens-long-sleeve-shirt-white-front-699f1e1ad4d57-150x150.jpg 150w, https:\/\/fcshirt.com\/wp-content\/uploads\/2026\/02\/mens-long-sleeve-shirt-white-front-699f1e1ad4d57-768x768.jpg 768w, https:\/\/fcshirt.com\/wp-content\/uploads\/2026\/02\/mens-long-sleeve-shirt-white-front-699f1e1ad4d57-1536x1536.jpg 1536w, https:\/\/fcshirt.com\/wp-content\/uploads\/2026\/02\/mens-long-sleeve-shirt-white-front-699f1e1ad4d57-600x600.jpg 600w, https:\/\/fcshirt.com\/wp-content\/uploads\/2026\/02\/mens-long-sleeve-shirt-white-front-699f1e1ad4d57-100x100.jpg 100w\" sizes=\"(max-width: 2000px) 100vw, 2000px\" \/>\t\t\t\t\t\t\t\t\t\t\t\t\t\t\t<\/div>\n\t\t<div class=\"elementor-element elementor-element-c6d3eb8 e-con-full e-flex e-con e-child\" data-id=\"c6d3eb8\" data-element_type=\"container\" data-e-type=\"container\">\n\t\t\t\t<div class=\"elementor-element elementor-element-c8c834f elementor-widget elementor-widget-heading\" data-id=\"c8c834f\" data-element_type=\"widget\" data-e-type=\"widget\" data-widget_type=\"heading.default\">\n\t\t\t\t\t<h2 class=\"elementor-heading-title elementor-size-default\">Nous sommes le FC Shirt<\/h2>\t\t\t\t<\/div>\n\t\t<div class=\"elementor-element elementor-element-c7e9dde e-con-full e-flex e-con e-child\" data-id=\"c7e9dde\" data-element_type=\"container\" data-e-type=\"container\">\n\t\t\t\t<div class=\"elementor-element elementor-element-962b41a elementor-widget elementor-widget-text-editor\" data-id=\"962b41a\" data-element_type=\"widget\" data-e-type=\"widget\" data-widget_type=\"text-editor.default\">\n\t\t\t\t\t\t\t\t\t<p>D\u00e9couvrez une gamme unique de t-shirts, maillots de football, sacs et bien plus encore, tous inspir\u00e9s par de petites villes suisses.<\/p>\t\t\t\t\t\t\t\t<\/div>\n\t\t\t\t<div class=\"elementor-element elementor-element-c444ab9 elementor-widget elementor-widget-text-editor\" data-id=\"c444ab9\" data-element_type=\"widget\" data-e-type=\"widget\" data-widget_type=\"text-editor.default\">\n\t\t\t\t\t\t\t\t\t<p>D\u00e9couvrez des T-shirts, des maillots de football, des sacs et bien plus encore, inspir\u00e9s par les petites villes de Suisse et la fiert\u00e9 locale.<\/p>\t\t\t\t\t\t\t\t<\/div>\n\t\t\t\t<\/div>\n\t\t\t\t<\/div>\n\t\t\t\t<\/div>\n\t\t\t\t\t<\/div>\n\t\t\t\t<\/div>\n\t\t<div class=\"elementor-element elementor-element-fb8608b e-flex e-con-boxed e-con e-parent\" data-id=\"fb8608b\" data-element_type=\"container\" data-e-type=\"container\">\n\t\t\t\t\t<div class=\"e-con-inner\">\n\t\t\t\t<div class=\"elementor-element elementor-element-c24d2ba elementor-widget-tablet__width-inherit elementor-widget elementor-widget-image\" data-id=\"c24d2ba\" data-element_type=\"widget\" data-e-type=\"widget\" data-widget_type=\"image.default\">\n\t\t\t\t\t\t\t\t\t\t\t\t\t\t\t<img decoding=\"async\" width=\"768\" height=\"768\" src=\"https:\/\/fcshirt.com\/wp-content\/uploads\/2026\/02\/all-over-print-backpack-white-front-698b74920fbea-768x768.jpg\" class=\"attachment-medium_large size-medium_large wp-image-3934\" alt=\"\" srcset=\"https:\/\/fcshirt.com\/wp-content\/uploads\/2026\/02\/all-over-print-backpack-white-front-698b74920fbea-768x768.jpg 768w, https:\/\/fcshirt.com\/wp-content\/uploads\/2026\/02\/all-over-print-backpack-white-front-698b74920fbea-300x300.jpg 300w, https:\/\/fcshirt.com\/wp-content\/uploads\/2026\/02\/all-over-print-backpack-white-front-698b74920fbea-1024x1024.jpg 1024w, https:\/\/fcshirt.com\/wp-content\/uploads\/2026\/02\/all-over-print-backpack-white-front-698b74920fbea-150x150.jpg 150w, https:\/\/fcshirt.com\/wp-content\/uploads\/2026\/02\/all-over-print-backpack-white-front-698b74920fbea-1536x1536.jpg 1536w, https:\/\/fcshirt.com\/wp-content\/uploads\/2026\/02\/all-over-print-backpack-white-front-698b74920fbea-600x600.jpg 600w, https:\/\/fcshirt.com\/wp-content\/uploads\/2026\/02\/all-over-print-backpack-white-front-698b74920fbea-100x100.jpg 100w, https:\/\/fcshirt.com\/wp-content\/uploads\/2026\/02\/all-over-print-backpack-white-front-698b74920fbea.jpg 2000w\" sizes=\"(max-width: 768px) 100vw, 768px\" \/>\t\t\t\t\t\t\t\t\t\t\t\t\t\t\t<\/div>\n\t\t<div class=\"elementor-element elementor-element-91bd693 e-con-full e-flex e-con e-child\" data-id=\"91bd693\" data-element_type=\"container\" data-e-type=\"container\" data-settings=\"{&quot;background_background&quot;:&quot;classic&quot;}\">\n\t\t\t\t<div class=\"elementor-element elementor-element-dd2e950 elementor-widget elementor-widget-heading\" data-id=\"dd2e950\" data-element_type=\"widget\" data-e-type=\"widget\" data-widget_type=\"heading.default\">\n\t\t\t\t\t<h2 class=\"elementor-heading-title elementor-size-default\">Qui sommes-nous<\/h2>\t\t\t\t<\/div>\n\t\t\t\t<div class=\"elementor-element elementor-element-edcbaae elementor-widget elementor-widget-text-editor\" data-id=\"edcbaae\" data-element_type=\"widget\" data-e-type=\"widget\" data-widget_type=\"text-editor.default\">\n\t\t\t\t\t\t\t\t\t<p>Nous sommes une \u00e9quipe de cr\u00e9ateurs passionn\u00e9s qui avons entrepris de concevoir des v\u00eatements pour les villes et les r\u00e9gions n\u00e9glig\u00e9es. Notre mission est de donner \u00e0 chaque petite ville suisse acc\u00e8s \u00e0 des tissus de haute qualit\u00e9 et professionnels, ainsi qu'\u00e0 des designs soigneusement con\u00e7us, afin que la fiert\u00e9 locale puisse \u00eatre port\u00e9e au m\u00eame niveau que les plus grands noms.<\/p>\t\t\t\t\t\t\t\t<\/div>\n\t\t\t\t<div class=\"elementor-element elementor-element-8e04a35 elementor-widget-mobile__width-inherit elementor-position-top elementor-widget elementor-widget-image-box\" data-id=\"8e04a35\" data-element_type=\"widget\" data-e-type=\"widget\" data-widget_type=\"image-box.default\">\n\t\t\t\t\t<div class=\"elementor-image-box-wrapper\"><figure class=\"elementor-image-box-img\"><img decoding=\"async\" width=\"2000\" height=\"2000\" src=\"https:\/\/fcshirt.com\/wp-content\/uploads\/2026\/02\/2.png\" class=\"attachment-full size-full wp-image-4685\" alt=\"\" srcset=\"https:\/\/fcshirt.com\/wp-content\/uploads\/2026\/02\/2.png 2000w, https:\/\/fcshirt.com\/wp-content\/uploads\/2026\/02\/2-300x300.png 300w, https:\/\/fcshirt.com\/wp-content\/uploads\/2026\/02\/2-1024x1024.png 1024w, https:\/\/fcshirt.com\/wp-content\/uploads\/2026\/02\/2-150x150.png 150w, https:\/\/fcshirt.com\/wp-content\/uploads\/2026\/02\/2-768x768.png 768w, https:\/\/fcshirt.com\/wp-content\/uploads\/2026\/02\/2-1536x1536.png 1536w, https:\/\/fcshirt.com\/wp-content\/uploads\/2026\/02\/2-600x600.png 600w, https:\/\/fcshirt.com\/wp-content\/uploads\/2026\/02\/2-100x100.png 100w, https:\/\/fcshirt.com\/wp-content\/uploads\/2026\/02\/elementor\/thumbs\/2-rjs58yjx9ebabdu1jm76kxf9op54md7p266bkkna68.png 800w\" sizes=\"(max-width: 2000px) 100vw, 2000px\" \/><\/figure><div class=\"elementor-image-box-content\"><p class=\"elementor-image-box-title\">Maillots de sport pour petites villes suisses<\/p><\/div><\/div>\t\t\t\t<\/div>\n\t\t\t\t<\/div>\n\t\t\t\t\t<\/div>\n\t\t\t\t<\/div>\n\t\t<div class=\"elementor-element elementor-element-1292210 e-flex e-con-boxed e-con e-parent\" data-id=\"1292210\" data-element_type=\"container\" data-e-type=\"container\" data-settings=\"{&quot;background_background&quot;:&quot;classic&quot;}\">\n\t\t\t\t\t<div class=\"e-con-inner\">\n\t\t<div class=\"elementor-element elementor-element-e83a71e e-con-full e-flex e-con e-child\" data-id=\"e83a71e\" data-element_type=\"container\" data-e-type=\"container\">\n\t\t\t\t<div class=\"elementor-element elementor-element-504db4c elementor-widget elementor-widget-heading\" data-id=\"504db4c\" data-element_type=\"widget\" data-e-type=\"widget\" data-widget_type=\"heading.default\">\n\t\t\t\t\t<h2 class=\"elementor-heading-title elementor-size-default\">Identit\u00e9 locale suisse<\/h2>\t\t\t\t<\/div>\n\t\t\t\t<div class=\"elementor-element elementor-element-57542c0 elementor-widget elementor-widget-text-editor\" data-id=\"57542c0\" data-element_type=\"widget\" data-e-type=\"widget\" data-widget_type=\"text-editor.default\">\n\t\t\t\t\t\t\t\t\t<p>Nous concevons des v\u00eatements modernes et uniques inspir\u00e9s par les villes suisses, en mettant un accent particulier sur les lieux plus petits et souvent n\u00e9glig\u00e9s.<\/p>\t\t\t\t\t\t\t\t<\/div>\n\t\t\t\t<div class=\"elementor-element elementor-element-65e7fab elementor-tablet-align-center elementor-widget elementor-widget-button\" data-id=\"65e7fab\" data-element_type=\"widget\" data-e-type=\"widget\" data-widget_type=\"button.default\">\n\t\t\t\t\t\t\t\t\t\t<a class=\"elementor-button elementor-button-link elementor-size-sm\" href=\"https:\/\/fcshirt.com\/fr\/produits\/\">\n\t\t\t\t\t\t<span class=\"elementor-button-content-wrapper\">\n\t\t\t\t\t\t\t\t\t<span class=\"elementor-button-text\">Acheter<\/span>\n\t\t\t\t\t<\/span>\n\t\t\t\t\t<\/a>\n\t\t\t\t\t\t\t\t<\/div>\n\t\t\t\t<\/div>\n\t\t<div class=\"elementor-element elementor-element-0f27c4a e-con-full e-flex e-con e-child\" data-id=\"0f27c4a\" data-element_type=\"container\" data-e-type=\"container\">\n\t\t\t\t<div class=\"elementor-element elementor-element-4b3387c elementor-widget elementor-widget-image\" data-id=\"4b3387c\" data-element_type=\"widget\" data-e-type=\"widget\" data-widget_type=\"image.default\">\n\t\t\t\t\t\t\t\t\t\t\t\t\t\t\t<img loading=\"lazy\" decoding=\"async\" width=\"1024\" height=\"1024\" src=\"https:\/\/fcshirt.com\/wp-content\/uploads\/2026\/03\/unisex-eco-sweatshirt-white-front-69a5a4acd165d-1024x1024.jpg\" class=\"attachment-large size-large wp-image-4785\" alt=\"\" srcset=\"https:\/\/fcshirt.com\/wp-content\/uploads\/2026\/03\/unisex-eco-sweatshirt-white-front-69a5a4acd165d-1024x1024.jpg 1024w, https:\/\/fcshirt.com\/wp-content\/uploads\/2026\/03\/unisex-eco-sweatshirt-white-front-69a5a4acd165d-300x300.jpg 300w, https:\/\/fcshirt.com\/wp-content\/uploads\/2026\/03\/unisex-eco-sweatshirt-white-front-69a5a4acd165d-150x150.jpg 150w, https:\/\/fcshirt.com\/wp-content\/uploads\/2026\/03\/unisex-eco-sweatshirt-white-front-69a5a4acd165d-768x768.jpg 768w, https:\/\/fcshirt.com\/wp-content\/uploads\/2026\/03\/unisex-eco-sweatshirt-white-front-69a5a4acd165d-1536x1536.jpg 1536w, https:\/\/fcshirt.com\/wp-content\/uploads\/2026\/03\/unisex-eco-sweatshirt-white-front-69a5a4acd165d-600x600.jpg 600w, https:\/\/fcshirt.com\/wp-content\/uploads\/2026\/03\/unisex-eco-sweatshirt-white-front-69a5a4acd165d-100x100.jpg 100w, https:\/\/fcshirt.com\/wp-content\/uploads\/2026\/03\/unisex-eco-sweatshirt-white-front-69a5a4acd165d.jpg 2000w\" sizes=\"(max-width: 1024px) 100vw, 1024px\" \/>\t\t\t\t\t\t\t\t\t\t\t\t\t\t\t<\/div>\n\t\t\t\t<\/div>\n\t\t\t\t\t<\/div>\n\t\t\t\t<\/div>\n\t\t<div class=\"elementor-element elementor-element-3d738af e-flex e-con-boxed e-con e-parent\" data-id=\"3d738af\" data-element_type=\"container\" data-e-type=\"container\">\n\t\t\t\t\t<div class=\"e-con-inner\">\n\t\t\t\t<div class=\"elementor-element elementor-element-953a6d0 elementor-widget-tablet__width-inherit elementor-widget elementor-widget-image\" data-id=\"953a6d0\" data-element_type=\"widget\" data-e-type=\"widget\" data-widget_type=\"image.default\">\n\t\t\t\t\t\t\t\t\t\t\t\t\t\t\t<img loading=\"lazy\" decoding=\"async\" width=\"1024\" height=\"1024\" src=\"https:\/\/fcshirt.com\/wp-content\/uploads\/2026\/03\/unisex-eco-sweatshirt-french-navy-left-front-69a59a787969f-1024x1024.jpg\" class=\"attachment-large size-large wp-image-4689\" alt=\"\" srcset=\"https:\/\/fcshirt.com\/wp-content\/uploads\/2026\/03\/unisex-eco-sweatshirt-french-navy-left-front-69a59a787969f-1024x1024.jpg 1024w, https:\/\/fcshirt.com\/wp-content\/uploads\/2026\/03\/unisex-eco-sweatshirt-french-navy-left-front-69a59a787969f-300x300.jpg 300w, https:\/\/fcshirt.com\/wp-content\/uploads\/2026\/03\/unisex-eco-sweatshirt-french-navy-left-front-69a59a787969f-150x150.jpg 150w, https:\/\/fcshirt.com\/wp-content\/uploads\/2026\/03\/unisex-eco-sweatshirt-french-navy-left-front-69a59a787969f-768x768.jpg 768w, https:\/\/fcshirt.com\/wp-content\/uploads\/2026\/03\/unisex-eco-sweatshirt-french-navy-left-front-69a59a787969f-1536x1536.jpg 1536w, https:\/\/fcshirt.com\/wp-content\/uploads\/2026\/03\/unisex-eco-sweatshirt-french-navy-left-front-69a59a787969f-600x600.jpg 600w, https:\/\/fcshirt.com\/wp-content\/uploads\/2026\/03\/unisex-eco-sweatshirt-french-navy-left-front-69a59a787969f-100x100.jpg 100w, https:\/\/fcshirt.com\/wp-content\/uploads\/2026\/03\/unisex-eco-sweatshirt-french-navy-left-front-69a59a787969f.jpg 2000w\" sizes=\"(max-width: 1024px) 100vw, 1024px\" \/>\t\t\t\t\t\t\t\t\t\t\t\t\t\t\t<\/div>\n\t\t<div class=\"elementor-element elementor-element-21a1891 e-con-full e-flex e-con e-child\" data-id=\"21a1891\" data-element_type=\"container\" data-e-type=\"container\" data-settings=\"{&quot;background_background&quot;:&quot;classic&quot;}\">\n\t\t\t\t<div class=\"elementor-element elementor-element-2cea233 elementor-widget elementor-widget-heading\" data-id=\"2cea233\" data-element_type=\"widget\" data-e-type=\"widget\" data-widget_type=\"heading.default\">\n\t\t\t\t\t<h3 class=\"elementor-heading-title elementor-size-default\">Chemise FC <br> - La ville des familles   <br>- Culture familiale<\/h3>\t\t\t\t<\/div>\n\t\t\t\t<div class=\"elementor-element elementor-element-0066ec1 elementor-widget elementor-widget-text-editor\" data-id=\"0066ec1\" data-element_type=\"widget\" data-e-type=\"widget\" data-widget_type=\"text-editor.default\">\n\t\t\t\t\t\t\t\t\t<p>\u00c0 <strong data-start=\"112\" data-end=\"123\">FCshirt<\/strong>, Notre nom refl\u00e8te notre mission :<\/p><ul><li><em data-start=\"156\" data-end=\"183\">Ville Familiale<\/em><\/li><li><em data-start=\"156\" data-end=\"183\">Culture familiale<\/em><\/li><\/ul><p>Nous c\u00e9l\u00e9brons les villes, les cantons et les cultures locales suisses, grandes ou petites, en leur donnant une voix \u00e0 travers des v\u00eatements modernes et de haute qualit\u00e9. Nos designs s'inspirent de lieux qui ont une identit\u00e9 mais peu d'options vestimentaires r\u00e9elles. Nous cr\u00e9ons des chemises et des articles de style de vie qui vous permettent de repr\u00e9senter votre lieu d'origine avec style, authenticit\u00e9 et raison d'\u00eatre.<\/p>\t\t\t\t\t\t\t\t<\/div>\n\t\t\t\t<div class=\"elementor-element elementor-element-3c8cc22 elementor-widget-mobile__width-inherit elementor-widget elementor-widget-image-box\" data-id=\"3c8cc22\" data-element_type=\"widget\" data-e-type=\"widget\" data-widget_type=\"image-box.default\">\n\t\t\t\t\t<div class=\"elementor-image-box-wrapper\"><div class=\"elementor-image-box-content\"><p class=\"elementor-image-box-title\">FCShirt <br> Vos v\u00eatements de ville<\/p><p class=\"elementor-image-box-description\">Maillots de sport pour petites villes suisses<\/p><\/div><\/div>\t\t\t\t<\/div>\n\t\t\t\t<\/div>\n\t\t\t\t\t<\/div>\n\t\t\t\t<\/div>\n\t\t\t\t<\/div>","protected":false},"excerpt":{"rendered":"<p>About FC Shirt We are FC Shirt Discover a range of unique T-shirts, football jerseys, bags and much more all inspired by small Swiss cities Explore unique T-shirts, football jerseys, bags and more, inspired by Switzerland\u2019s small cities and local pride. Who are we We are a team of passionate creators who set out to [&hellip;]<\/p>\n","protected":false},"author":1,"featured_media":0,"parent":0,"menu_order":0,"comment_status":"closed","ping_status":"closed","template":"","meta":{"footnotes":""},"class_list":["post-3127","page","type-page","status-publish","hentry"],"blocksy_meta":{"has_hero_section":"disabled","vertical_spacing_source":"custom","content_area_spacing":"none","styles_descriptor":{"styles":{"desktop":"","tablet":"","mobile":""},"google_fonts":[],"version":6}},"yoast_head":"<!-- This site is optimized with the Yoast SEO plugin v27.3 - https:\/\/yoast.com\/product\/yoast-seo-wordpress\/ -->\n<title>About Us - Fcshirt.com<\/title>\n<meta name=\"robots\" content=\"index, follow, max-snippet:-1, max-image-preview:large, max-video-preview:-1\" \/>\n<link rel=\"canonical\" href=\"https:\/\/fcshirt.com\/fr\/a-propos-de-nous\/\" \/>\n<meta property=\"og:locale\" content=\"fr_FR\" \/>\n<meta property=\"og:type\" content=\"article\" \/>\n<meta property=\"og:title\" content=\"About Us - Fcshirt.com\" \/>\n<meta property=\"og:description\" content=\"About FC Shirt We are FC Shirt Discover a range of unique T-shirts, football jerseys, bags and much more all inspired by small Swiss cities Explore unique T-shirts, football jerseys, bags and more, inspired by Switzerland\u2019s small cities and local pride. Who are we We are a team of passionate creators who set out to [&hellip;]\" \/>\n<meta property=\"og:url\" content=\"https:\/\/fcshirt.com\/fr\/a-propos-de-nous\/\" \/>\n<meta property=\"og:site_name\" content=\"Fcshirt.com\" \/>\n<meta property=\"article:modified_time\" content=\"2026-04-09T16:52:18+00:00\" \/>\n<meta property=\"og:image\" content=\"https:\/\/fcshirt.com\/wp-content\/uploads\/2026\/02\/mens-long-sleeve-shirt-white-front-699f1e1ad4d57.jpg\" \/>\n\t<meta property=\"og:image:width\" content=\"2000\" \/>\n\t<meta property=\"og:image:height\" content=\"2000\" \/>\n\t<meta property=\"og:image:type\" content=\"image\/jpeg\" \/>\n<meta name=\"twitter:card\" content=\"summary_large_image\" \/>\n<meta name=\"twitter:label1\" content=\"Dur\u00e9e de lecture estim\u00e9e\" \/>\n\t<meta name=\"twitter:data1\" content=\"1 minute\" \/>\n<script type=\"application\/ld+json\" class=\"yoast-schema-graph\">{\"@context\":\"https:\\\/\\\/schema.org\",\"@graph\":[{\"@type\":\"WebPage\",\"@id\":\"https:\\\/\\\/fcshirt.com\\\/about-us\\\/\",\"url\":\"https:\\\/\\\/fcshirt.com\\\/about-us\\\/\",\"name\":\"About Us - Fcshirt.com\",\"isPartOf\":{\"@id\":\"https:\\\/\\\/fcshirt.com\\\/#website\"},\"primaryImageOfPage\":{\"@id\":\"https:\\\/\\\/fcshirt.com\\\/about-us\\\/#primaryimage\"},\"image\":{\"@id\":\"https:\\\/\\\/fcshirt.com\\\/about-us\\\/#primaryimage\"},\"thumbnailUrl\":\"https:\\\/\\\/fcshirt.com\\\/wp-content\\\/uploads\\\/2026\\\/02\\\/mens-long-sleeve-shirt-white-front-699f1e1ad4d57.jpg\",\"datePublished\":\"2024-02-08T07:14:59+00:00\",\"dateModified\":\"2026-04-09T16:52:18+00:00\",\"breadcrumb\":{\"@id\":\"https:\\\/\\\/fcshirt.com\\\/about-us\\\/#breadcrumb\"},\"inLanguage\":\"fr-FR\",\"potentialAction\":[{\"@type\":\"ReadAction\",\"target\":[\"https:\\\/\\\/fcshirt.com\\\/about-us\\\/\"]}]},{\"@type\":\"ImageObject\",\"inLanguage\":\"fr-FR\",\"@id\":\"https:\\\/\\\/fcshirt.com\\\/about-us\\\/#primaryimage\",\"url\":\"https:\\\/\\\/fcshirt.com\\\/wp-content\\\/uploads\\\/2026\\\/02\\\/mens-long-sleeve-shirt-white-front-699f1e1ad4d57.jpg\",\"contentUrl\":\"https:\\\/\\\/fcshirt.com\\\/wp-content\\\/uploads\\\/2026\\\/02\\\/mens-long-sleeve-shirt-white-front-699f1e1ad4d57.jpg\"},{\"@type\":\"BreadcrumbList\",\"@id\":\"https:\\\/\\\/fcshirt.com\\\/about-us\\\/#breadcrumb\",\"itemListElement\":[{\"@type\":\"ListItem\",\"position\":1,\"name\":\"Home\",\"item\":\"https:\\\/\\\/fcshirt.com\\\/\"},{\"@type\":\"ListItem\",\"position\":2,\"name\":\"About Us\"}]},{\"@type\":\"WebSite\",\"@id\":\"https:\\\/\\\/fcshirt.com\\\/#website\",\"url\":\"https:\\\/\\\/fcshirt.com\\\/\",\"name\":\"Fcshirt.com - Sports and mode apparel for Switzerland\",\"description\":\"Football and sports apparel of Swiss cities and cantons\",\"publisher\":{\"@id\":\"https:\\\/\\\/fcshirt.com\\\/#organization\"},\"potentialAction\":[{\"@type\":\"SearchAction\",\"target\":{\"@type\":\"EntryPoint\",\"urlTemplate\":\"https:\\\/\\\/fcshirt.com\\\/?s={search_term_string}\"},\"query-input\":{\"@type\":\"PropertyValueSpecification\",\"valueRequired\":true,\"valueName\":\"search_term_string\"}}],\"inLanguage\":\"fr-FR\"},{\"@type\":\"Organization\",\"@id\":\"https:\\\/\\\/fcshirt.com\\\/#organization\",\"name\":\"Fcshirt\",\"url\":\"https:\\\/\\\/fcshirt.com\\\/\",\"logo\":{\"@type\":\"ImageObject\",\"inLanguage\":\"fr-FR\",\"@id\":\"https:\\\/\\\/fcshirt.com\\\/#\\\/schema\\\/logo\\\/image\\\/\",\"url\":\"https:\\\/\\\/fcshirt.com\\\/wp-content\\\/uploads\\\/2026\\\/02\\\/1.png\",\"contentUrl\":\"https:\\\/\\\/fcshirt.com\\\/wp-content\\\/uploads\\\/2026\\\/02\\\/1.png\",\"width\":2000,\"height\":2000,\"caption\":\"Fcshirt\"},\"image\":{\"@id\":\"https:\\\/\\\/fcshirt.com\\\/#\\\/schema\\\/logo\\\/image\\\/\"},\"sameAs\":[\"https:\\\/\\\/www.instagram.com\\\/fcshirt.com1\"]}]}<\/script>\n<!-- \/ Yoast SEO plugin. -->","yoast_head_json":{"title":"\u00c0 propos de nous - Fcshirt.com","robots":{"index":"index","follow":"follow","max-snippet":"max-snippet:-1","max-image-preview":"max-image-preview:large","max-video-preview":"max-video-preview:-1"},"canonical":"https:\/\/fcshirt.com\/fr\/a-propos-de-nous\/","og_locale":"fr_FR","og_type":"article","og_title":"About Us - Fcshirt.com","og_description":"About FC Shirt We are FC Shirt Discover a range of unique T-shirts, football jerseys, bags and much more all inspired by small Swiss cities Explore unique T-shirts, football jerseys, bags and more, inspired by Switzerland\u2019s small cities and local pride. Who are we We are a team of passionate creators who set out to [&hellip;]","og_url":"https:\/\/fcshirt.com\/fr\/a-propos-de-nous\/","og_site_name":"Fcshirt.com","article_modified_time":"2026-04-09T16:52:18+00:00","og_image":[{"width":2000,"height":2000,"url":"https:\/\/fcshirt.com\/wp-content\/uploads\/2026\/02\/mens-long-sleeve-shirt-white-front-699f1e1ad4d57.jpg","type":"image\/jpeg"}],"twitter_card":"summary_large_image","twitter_misc":{"Dur\u00e9e de lecture estim\u00e9e":"1 minute"},"schema":{"@context":"https:\/\/schema.org","@graph":[{"@type":"WebPage","@id":"https:\/\/fcshirt.com\/about-us\/","url":"https:\/\/fcshirt.com\/about-us\/","name":"\u00c0 propos de nous - Fcshirt.com","isPartOf":{"@id":"https:\/\/fcshirt.com\/#website"},"primaryImageOfPage":{"@id":"https:\/\/fcshirt.com\/about-us\/#primaryimage"},"image":{"@id":"https:\/\/fcshirt.com\/about-us\/#primaryimage"},"thumbnailUrl":"https:\/\/fcshirt.com\/wp-content\/uploads\/2026\/02\/mens-long-sleeve-shirt-white-front-699f1e1ad4d57.jpg","datePublished":"2024-02-08T07:14:59+00:00","dateModified":"2026-04-09T16:52:18+00:00","breadcrumb":{"@id":"https:\/\/fcshirt.com\/about-us\/#breadcrumb"},"inLanguage":"fr-FR","potentialAction":[{"@type":"ReadAction","target":["https:\/\/fcshirt.com\/about-us\/"]}]},{"@type":"ImageObject","inLanguage":"fr-FR","@id":"https:\/\/fcshirt.com\/about-us\/#primaryimage","url":"https:\/\/fcshirt.com\/wp-content\/uploads\/2026\/02\/mens-long-sleeve-shirt-white-front-699f1e1ad4d57.jpg","contentUrl":"https:\/\/fcshirt.com\/wp-content\/uploads\/2026\/02\/mens-long-sleeve-shirt-white-front-699f1e1ad4d57.jpg"},{"@type":"BreadcrumbList","@id":"https:\/\/fcshirt.com\/about-us\/#breadcrumb","itemListElement":[{"@type":"ListItem","position":1,"name":"Home","item":"https:\/\/fcshirt.com\/"},{"@type":"ListItem","position":2,"name":"About Us"}]},{"@type":"WebSite","@id":"https:\/\/fcshirt.com\/#website","url":"https:\/\/fcshirt.com\/","name":"Fcshirt.com - V\u00eatements de sport et de mode pour la Suisse","description":"Football et v\u00eatements de sport des villes et cantons suisses","publisher":{"@id":"https:\/\/fcshirt.com\/#organization"},"potentialAction":[{"@type":"SearchAction","target":{"@type":"EntryPoint","urlTemplate":"https:\/\/fcshirt.com\/?s={search_term_string}"},"query-input":{"@type":"PropertyValueSpecification","valueRequired":true,"valueName":"search_term_string"}}],"inLanguage":"fr-FR"},{"@type":"Organization","@id":"https:\/\/fcshirt.com\/#organization","name":"Fcshirt","url":"https:\/\/fcshirt.com\/","logo":{"@type":"ImageObject","inLanguage":"fr-FR","@id":"https:\/\/fcshirt.com\/#\/schema\/logo\/image\/","url":"https:\/\/fcshirt.com\/wp-content\/uploads\/2026\/02\/1.png","contentUrl":"https:\/\/fcshirt.com\/wp-content\/uploads\/2026\/02\/1.png","width":2000,"height":2000,"caption":"Fcshirt"},"image":{"@id":"https:\/\/fcshirt.com\/#\/schema\/logo\/image\/"},"sameAs":["https:\/\/www.instagram.com\/fcshirt.com1"]}]}},"jetpack_sharing_enabled":true,"_links":{"self":[{"href":"https:\/\/fcshirt.com\/fr\/wp-json\/wp\/v2\/pages\/3127","targetHints":{"allow":["GET"]}}],"collection":[{"href":"https:\/\/fcshirt.com\/fr\/wp-json\/wp\/v2\/pages"}],"about":[{"href":"https:\/\/fcshirt.com\/fr\/wp-json\/wp\/v2\/types\/page"}],"author":[{"embeddable":true,"href":"https:\/\/fcshirt.com\/fr\/wp-json\/wp\/v2\/users\/1"}],"replies":[{"embeddable":true,"href":"https:\/\/fcshirt.com\/fr\/wp-json\/wp\/v2\/comments?post=3127"}],"version-history":[{"count":27,"href":"https:\/\/fcshirt.com\/fr\/wp-json\/wp\/v2\/pages\/3127\/revisions"}],"predecessor-version":[{"id":5204,"href":"https:\/\/fcshirt.com\/fr\/wp-json\/wp\/v2\/pages\/3127\/revisions\/5204"}],"wp:attachment":[{"href":"https:\/\/fcshirt.com\/fr\/wp-json\/wp\/v2\/media?parent=3127"}],"curies":[{"name":"wp","href":"https:\/\/api.w.org\/{rel}","templated":true}]}}