{"id":5162,"date":"2026-04-09T15:34:07","date_gmt":"2026-04-09T15:34:07","guid":{"rendered":"https:\/\/fcshirt.com\/product\/vevey-unisex-sports-jersey\/"},"modified":"2026-04-09T15:34:38","modified_gmt":"2026-04-09T15:34:38","slug":"vevey-unisex-sports-jersey","status":"publish","type":"product","link":"https:\/\/fcshirt.com\/de\/product\/vevey-unisex-sports-jersey\/","title":{"rendered":"Vevey - Unisex Sporttrikot"},"content":{"rendered":"<p>Represent Vevey with this unisex sports jersey designed to combine local identity, comfort, and performance. Made from 100% breathable polyester mesh, it provides excellent airflow to keep you comfortable during workouts, training sessions, or everyday wear. Its relaxed fit and extended length offer added ease and coverage, while the bound collar ensures durability and gives the jersey a clean, premium finish.<\/p>\n<p>\u2022 100 %% atmungsaktives Polyester (Mesh)<br \/>\n\u2022 Stoffgewicht: 4,13 oz.\/yd\u00b2 (140 g\/m\u00b2)<br \/>\nEntspannte Passform<br \/>\n\u2022 Elastisch und langlebig<br \/>\n\u2022 Seitliche Nahtkonstruktion<br \/>\n\u2022 Verl\u00e4ngerte L\u00e4nge<br \/>\n\u2022 Kurze Raglan\u00e4rmel<br \/>\n\u2022 Kragenbindung<br \/>\n\u2022 Klassischer Rundhalsausschnitt\t<br \/>\n\u2022 Leeres Produkt aus China bezogen<\/p>","protected":false},"excerpt":{"rendered":"<p>Represent Vevey with this unisex sports jersey designed to combine local identity, comfort, and performance. Made from 100% breathable polyester mesh, it provides excellent airflow to keep you comfortable during workouts, training sessions, or everyday wear. Its relaxed fit and extended length offer added ease and coverage, while the bound collar ensures durability and gives [&hellip;]<\/p>\n","protected":false},"featured_media":5185,"template":"","meta":[],"product_brand":[],"product_cat":[32,22,31,68],"product_tag":[],"class_list":{"0":"post-5162","1":"product","2":"type-product","3":"status-publish","4":"has-post-thumbnail","6":"product_cat-sports","7":"product_cat-t-shirts","8":"product_cat-vaud","9":"product_cat-vevey","11":"first","12":"instock","13":"shipping-taxable","14":"purchasable","15":"product-type-variable"},"yoast_head":"<!-- This site is optimized with the Yoast SEO plugin v27.3 - https:\/\/yoast.com\/product\/yoast-seo-wordpress\/ -->\n<title>Vevey - Unisex sports jersey - Fcshirt.com<\/title>\n<meta name=\"robots\" content=\"index, follow, max-snippet:-1, max-image-preview:large, max-video-preview:-1\" \/>\n<link rel=\"canonical\" href=\"https:\/\/fcshirt.com\/de\/produkt\/vevey-unisex-sports-jersey\/\" \/>\n<meta property=\"og:locale\" content=\"de_DE\" \/>\n<meta property=\"og:type\" content=\"article\" \/>\n<meta property=\"og:title\" content=\"Vevey - Unisex sports jersey - Fcshirt.com\" \/>\n<meta property=\"og:description\" content=\"Represent Vevey with this unisex sports jersey designed to combine local identity, comfort, and performance. Made from 100% breathable polyester mesh, it provides excellent airflow to keep you comfortable during workouts, training sessions, or everyday wear. Its relaxed fit and extended length offer added ease and coverage, while the bound collar ensures durability and gives [&hellip;]\" \/>\n<meta property=\"og:url\" content=\"https:\/\/fcshirt.com\/de\/produkt\/vevey-unisex-sports-jersey\/\" \/>\n<meta property=\"og:site_name\" content=\"Fcshirt.com\" \/>\n<meta property=\"article:modified_time\" content=\"2026-04-09T15:34:38+00:00\" \/>\n<meta property=\"og:image\" content=\"https:\/\/fcshirt.com\/wp-content\/uploads\/2026\/04\/unisex-sports-jersey-black-front-69d7c6d787c99.jpg\" \/>\n\t<meta property=\"og:image:width\" content=\"2000\" \/>\n\t<meta property=\"og:image:height\" content=\"2000\" \/>\n\t<meta property=\"og:image:type\" content=\"image\/jpeg\" \/>\n<meta name=\"twitter:card\" content=\"summary_large_image\" \/>\n<script type=\"application\/ld+json\" class=\"yoast-schema-graph\">{\"@context\":\"https:\\\/\\\/schema.org\",\"@graph\":[{\"@type\":\"WebPage\",\"@id\":\"https:\\\/\\\/fcshirt.com\\\/product\\\/vevey-unisex-sports-jersey\\\/\",\"url\":\"https:\\\/\\\/fcshirt.com\\\/product\\\/vevey-unisex-sports-jersey\\\/\",\"name\":\"Vevey - Unisex sports jersey - Fcshirt.com\",\"isPartOf\":{\"@id\":\"https:\\\/\\\/fcshirt.com\\\/#website\"},\"primaryImageOfPage\":{\"@id\":\"https:\\\/\\\/fcshirt.com\\\/product\\\/vevey-unisex-sports-jersey\\\/#primaryimage\"},\"image\":{\"@id\":\"https:\\\/\\\/fcshirt.com\\\/product\\\/vevey-unisex-sports-jersey\\\/#primaryimage\"},\"thumbnailUrl\":\"https:\\\/\\\/fcshirt.com\\\/wp-content\\\/uploads\\\/2026\\\/04\\\/unisex-sports-jersey-black-front-69d7c6d787c99.jpg\",\"datePublished\":\"2026-04-09T15:34:07+00:00\",\"dateModified\":\"2026-04-09T15:34:38+00:00\",\"breadcrumb\":{\"@id\":\"https:\\\/\\\/fcshirt.com\\\/product\\\/vevey-unisex-sports-jersey\\\/#breadcrumb\"},\"inLanguage\":\"de-CH\",\"potentialAction\":[{\"@type\":\"ReadAction\",\"target\":[\"https:\\\/\\\/fcshirt.com\\\/product\\\/vevey-unisex-sports-jersey\\\/\"]}]},{\"@type\":\"ImageObject\",\"inLanguage\":\"de-CH\",\"@id\":\"https:\\\/\\\/fcshirt.com\\\/product\\\/vevey-unisex-sports-jersey\\\/#primaryimage\",\"url\":\"https:\\\/\\\/fcshirt.com\\\/wp-content\\\/uploads\\\/2026\\\/04\\\/unisex-sports-jersey-black-front-69d7c6d787c99.jpg\",\"contentUrl\":\"https:\\\/\\\/fcshirt.com\\\/wp-content\\\/uploads\\\/2026\\\/04\\\/unisex-sports-jersey-black-front-69d7c6d787c99.jpg\",\"width\":2000,\"height\":2000},{\"@type\":\"BreadcrumbList\",\"@id\":\"https:\\\/\\\/fcshirt.com\\\/product\\\/vevey-unisex-sports-jersey\\\/#breadcrumb\",\"itemListElement\":[{\"@type\":\"ListItem\",\"position\":1,\"name\":\"Home\",\"item\":\"https:\\\/\\\/fcshirt.com\\\/\"},{\"@type\":\"ListItem\",\"position\":2,\"name\":\"Products\",\"item\":\"https:\\\/\\\/fcshirt.com\\\/products\\\/\"},{\"@type\":\"ListItem\",\"position\":3,\"name\":\"Vevey &#8211; Unisex sports jersey\"}]},{\"@type\":\"WebSite\",\"@id\":\"https:\\\/\\\/fcshirt.com\\\/#website\",\"url\":\"https:\\\/\\\/fcshirt.com\\\/\",\"name\":\"Fcshirt.com - Sports and mode apparel for Switzerland\",\"description\":\"Football and sports apparel of Swiss cities and cantons\",\"publisher\":{\"@id\":\"https:\\\/\\\/fcshirt.com\\\/#organization\"},\"potentialAction\":[{\"@type\":\"SearchAction\",\"target\":{\"@type\":\"EntryPoint\",\"urlTemplate\":\"https:\\\/\\\/fcshirt.com\\\/?s={search_term_string}\"},\"query-input\":{\"@type\":\"PropertyValueSpecification\",\"valueRequired\":true,\"valueName\":\"search_term_string\"}}],\"inLanguage\":\"de-CH\"},{\"@type\":\"Organization\",\"@id\":\"https:\\\/\\\/fcshirt.com\\\/#organization\",\"name\":\"Fcshirt\",\"url\":\"https:\\\/\\\/fcshirt.com\\\/\",\"logo\":{\"@type\":\"ImageObject\",\"inLanguage\":\"de-CH\",\"@id\":\"https:\\\/\\\/fcshirt.com\\\/#\\\/schema\\\/logo\\\/image\\\/\",\"url\":\"https:\\\/\\\/fcshirt.com\\\/wp-content\\\/uploads\\\/2026\\\/02\\\/1.png\",\"contentUrl\":\"https:\\\/\\\/fcshirt.com\\\/wp-content\\\/uploads\\\/2026\\\/02\\\/1.png\",\"width\":2000,\"height\":2000,\"caption\":\"Fcshirt\"},\"image\":{\"@id\":\"https:\\\/\\\/fcshirt.com\\\/#\\\/schema\\\/logo\\\/image\\\/\"},\"sameAs\":[\"https:\\\/\\\/www.instagram.com\\\/fcshirt.com1\"]}]}<\/script>\n<!-- \/ Yoast SEO plugin. -->","yoast_head_json":{"title":"Vevey - Unisex sports jersey - Fcshirt.com","robots":{"index":"index","follow":"follow","max-snippet":"max-snippet:-1","max-image-preview":"max-image-preview:large","max-video-preview":"max-video-preview:-1"},"canonical":"https:\/\/fcshirt.com\/de\/produkt\/vevey-unisex-sports-jersey\/","og_locale":"de_DE","og_type":"article","og_title":"Vevey - Unisex sports jersey - Fcshirt.com","og_description":"Represent Vevey with this unisex sports jersey designed to combine local identity, comfort, and performance. Made from 100% breathable polyester mesh, it provides excellent airflow to keep you comfortable during workouts, training sessions, or everyday wear. Its relaxed fit and extended length offer added ease and coverage, while the bound collar ensures durability and gives [&hellip;]","og_url":"https:\/\/fcshirt.com\/de\/produkt\/vevey-unisex-sports-jersey\/","og_site_name":"Fcshirt.com","article_modified_time":"2026-04-09T15:34:38+00:00","og_image":[{"width":2000,"height":2000,"url":"https:\/\/fcshirt.com\/wp-content\/uploads\/2026\/04\/unisex-sports-jersey-black-front-69d7c6d787c99.jpg","type":"image\/jpeg"}],"twitter_card":"summary_large_image","schema":{"@context":"https:\/\/schema.org","@graph":[{"@type":"WebPage","@id":"https:\/\/fcshirt.com\/product\/vevey-unisex-sports-jersey\/","url":"https:\/\/fcshirt.com\/product\/vevey-unisex-sports-jersey\/","name":"Vevey - Unisex sports jersey - Fcshirt.com","isPartOf":{"@id":"https:\/\/fcshirt.com\/#website"},"primaryImageOfPage":{"@id":"https:\/\/fcshirt.com\/product\/vevey-unisex-sports-jersey\/#primaryimage"},"image":{"@id":"https:\/\/fcshirt.com\/product\/vevey-unisex-sports-jersey\/#primaryimage"},"thumbnailUrl":"https:\/\/fcshirt.com\/wp-content\/uploads\/2026\/04\/unisex-sports-jersey-black-front-69d7c6d787c99.jpg","datePublished":"2026-04-09T15:34:07+00:00","dateModified":"2026-04-09T15:34:38+00:00","breadcrumb":{"@id":"https:\/\/fcshirt.com\/product\/vevey-unisex-sports-jersey\/#breadcrumb"},"inLanguage":"de-CH","potentialAction":[{"@type":"ReadAction","target":["https:\/\/fcshirt.com\/product\/vevey-unisex-sports-jersey\/"]}]},{"@type":"ImageObject","inLanguage":"de-CH","@id":"https:\/\/fcshirt.com\/product\/vevey-unisex-sports-jersey\/#primaryimage","url":"https:\/\/fcshirt.com\/wp-content\/uploads\/2026\/04\/unisex-sports-jersey-black-front-69d7c6d787c99.jpg","contentUrl":"https:\/\/fcshirt.com\/wp-content\/uploads\/2026\/04\/unisex-sports-jersey-black-front-69d7c6d787c99.jpg","width":2000,"height":2000},{"@type":"BreadcrumbList","@id":"https:\/\/fcshirt.com\/product\/vevey-unisex-sports-jersey\/#breadcrumb","itemListElement":[{"@type":"ListItem","position":1,"name":"Home","item":"https:\/\/fcshirt.com\/"},{"@type":"ListItem","position":2,"name":"Products","item":"https:\/\/fcshirt.com\/products\/"},{"@type":"ListItem","position":3,"name":"Vevey &#8211; Unisex sports jersey"}]},{"@type":"WebSite","@id":"https:\/\/fcshirt.com\/#website","url":"https:\/\/fcshirt.com\/","name":"Fcshirt.com - Sport- und Modebekleidung f\u00fcr die Schweiz","description":"Fu\u00dfball und Sportbekleidung Schweizer St\u00e4dte und Kantone","publisher":{"@id":"https:\/\/fcshirt.com\/#organization"},"potentialAction":[{"@type":"SearchAction","target":{"@type":"EntryPoint","urlTemplate":"https:\/\/fcshirt.com\/?s={search_term_string}"},"query-input":{"@type":"PropertyValueSpecification","valueRequired":true,"valueName":"search_term_string"}}],"inLanguage":"de-CH"},{"@type":"Organization","@id":"https:\/\/fcshirt.com\/#organization","name":"Fcshirt","url":"https:\/\/fcshirt.com\/","logo":{"@type":"ImageObject","inLanguage":"de-CH","@id":"https:\/\/fcshirt.com\/#\/schema\/logo\/image\/","url":"https:\/\/fcshirt.com\/wp-content\/uploads\/2026\/02\/1.png","contentUrl":"https:\/\/fcshirt.com\/wp-content\/uploads\/2026\/02\/1.png","width":2000,"height":2000,"caption":"Fcshirt"},"image":{"@id":"https:\/\/fcshirt.com\/#\/schema\/logo\/image\/"},"sameAs":["https:\/\/www.instagram.com\/fcshirt.com1"]}]}},"jetpack_sharing_enabled":true,"_links":{"self":[{"href":"https:\/\/fcshirt.com\/de\/wp-json\/wp\/v2\/product\/5162","targetHints":{"allow":["GET"]}}],"collection":[{"href":"https:\/\/fcshirt.com\/de\/wp-json\/wp\/v2\/product"}],"about":[{"href":"https:\/\/fcshirt.com\/de\/wp-json\/wp\/v2\/types\/product"}],"wp:featuredmedia":[{"embeddable":true,"href":"https:\/\/fcshirt.com\/de\/wp-json\/wp\/v2\/media\/5185"}],"wp:attachment":[{"href":"https:\/\/fcshirt.com\/de\/wp-json\/wp\/v2\/media?parent=5162"}],"wp:term":[{"taxonomy":"product_brand","embeddable":true,"href":"https:\/\/fcshirt.com\/de\/wp-json\/wp\/v2\/product_brand?post=5162"},{"taxonomy":"product_cat","embeddable":true,"href":"https:\/\/fcshirt.com\/de\/wp-json\/wp\/v2\/product_cat?post=5162"},{"taxonomy":"product_tag","embeddable":true,"href":"https:\/\/fcshirt.com\/de\/wp-json\/wp\/v2\/product_tag?post=5162"}],"curies":[{"name":"wp","href":"https:\/\/api.w.org\/{rel}","templated":true}]}}