{"id":5087,"date":"2026-04-09T13:26:38","date_gmt":"2026-04-09T13:26:38","guid":{"rendered":"https:\/\/fcshirt.com\/product\/unisex-sports-jersey-3\/"},"modified":"2026-04-09T14:13:36","modified_gmt":"2026-04-09T14:13:36","slug":"unisex-sports-jersey-3","status":"publish","type":"product","link":"https:\/\/fcshirt.com\/de\/product\/unisex-sports-jersey-3\/","title":{"rendered":"La Tour-De-Peilz \u2013 Unisex Sport-Trikot"},"content":{"rendered":"<p>Show your connection to La Tour-de-Peilz with this unisex sports jersey crafted for comfort, performance, and everyday style. Made from 100% breathable polyester mesh, it delivers excellent ventilation whether you are training, staying active, or wearing it casually. Its relaxed fit and extended length provide added comfort and coverage, while the bound collar enhances durability and gives the jersey a clean, premium finish.<\/p>\n<p>\u2022 100 %% atmungsaktives Polyester (Mesh)<br \/>\n\u2022 Stoffgewicht: 4,13 oz.\/yd\u00b2 (140 g\/m\u00b2)<br \/>\nEntspannte Passform<br \/>\n\u2022 Elastisch und langlebig<br \/>\n\u2022 Seitliche Nahtkonstruktion<br \/>\n\u2022 Verl\u00e4ngerte L\u00e4nge<br \/>\n\u2022 Kurze Raglan\u00e4rmel<br \/>\n\u2022 Kragenbindung<br \/>\n\u2022 Klassischer Rundhalsausschnitt<br \/>\n\u2022 Leeres Produkt aus China bezogen<\/p>\n<p>&nbsp;<\/p>","protected":false},"excerpt":{"rendered":"<p>Show your connection to La Tour-de-Peilz with this unisex sports jersey crafted for comfort, performance, and everyday style. Made from 100% breathable polyester mesh, it delivers excellent ventilation whether you are training, staying active, or wearing it casually. Its relaxed fit and extended length provide added comfort and coverage, while the bound collar enhances durability [&hellip;]<\/p>\n","protected":false},"featured_media":5110,"template":"","meta":[],"product_brand":[],"product_cat":[70,32,22,31],"product_tag":[],"class_list":{"0":"post-5087","1":"product","2":"type-product","3":"status-publish","4":"has-post-thumbnail","6":"product_cat-la-tour-de-peilz","7":"product_cat-sports","8":"product_cat-t-shirts","9":"product_cat-vaud","11":"first","12":"instock","13":"shipping-taxable","14":"purchasable","15":"product-type-variable"},"yoast_head":"<!-- This site is optimized with the Yoast SEO plugin v27.3 - https:\/\/yoast.com\/product\/yoast-seo-wordpress\/ -->\n<title>La Tour-De-Peilz - Unisex sports jersey - Fcshirt.com<\/title>\n<meta name=\"robots\" content=\"index, follow, max-snippet:-1, max-image-preview:large, max-video-preview:-1\" \/>\n<link rel=\"canonical\" href=\"https:\/\/fcshirt.com\/de\/produkt\/unisex-sports-jersey-3\/\" \/>\n<meta property=\"og:locale\" content=\"de_DE\" \/>\n<meta property=\"og:type\" content=\"article\" \/>\n<meta property=\"og:title\" content=\"La Tour-De-Peilz - Unisex sports jersey - Fcshirt.com\" \/>\n<meta property=\"og:description\" content=\"Show your connection to La Tour-de-Peilz with this unisex sports jersey crafted for comfort, performance, and everyday style. Made from 100% breathable polyester mesh, it delivers excellent ventilation whether you are training, staying active, or wearing it casually. Its relaxed fit and extended length provide added comfort and coverage, while the bound collar enhances durability [&hellip;]\" \/>\n<meta property=\"og:url\" content=\"https:\/\/fcshirt.com\/de\/produkt\/unisex-sports-jersey-3\/\" \/>\n<meta property=\"og:site_name\" content=\"Fcshirt.com\" \/>\n<meta property=\"article:modified_time\" content=\"2026-04-09T14:13:36+00:00\" \/>\n<meta property=\"og:image\" content=\"https:\/\/fcshirt.com\/wp-content\/uploads\/2026\/04\/unisex-sports-jersey-black-front-69d7a8f6579b9.jpg\" \/>\n\t<meta property=\"og:image:width\" content=\"2000\" \/>\n\t<meta property=\"og:image:height\" content=\"2000\" \/>\n\t<meta property=\"og:image:type\" content=\"image\/jpeg\" \/>\n<meta name=\"twitter:card\" content=\"summary_large_image\" \/>\n<script type=\"application\/ld+json\" class=\"yoast-schema-graph\">{\"@context\":\"https:\\\/\\\/schema.org\",\"@graph\":[{\"@type\":\"WebPage\",\"@id\":\"https:\\\/\\\/fcshirt.com\\\/product\\\/unisex-sports-jersey-3\\\/\",\"url\":\"https:\\\/\\\/fcshirt.com\\\/product\\\/unisex-sports-jersey-3\\\/\",\"name\":\"La Tour-De-Peilz - Unisex sports jersey - Fcshirt.com\",\"isPartOf\":{\"@id\":\"https:\\\/\\\/fcshirt.com\\\/#website\"},\"primaryImageOfPage\":{\"@id\":\"https:\\\/\\\/fcshirt.com\\\/product\\\/unisex-sports-jersey-3\\\/#primaryimage\"},\"image\":{\"@id\":\"https:\\\/\\\/fcshirt.com\\\/product\\\/unisex-sports-jersey-3\\\/#primaryimage\"},\"thumbnailUrl\":\"https:\\\/\\\/fcshirt.com\\\/wp-content\\\/uploads\\\/2026\\\/04\\\/unisex-sports-jersey-black-front-69d7a8f6579b9.jpg\",\"datePublished\":\"2026-04-09T13:26:38+00:00\",\"dateModified\":\"2026-04-09T14:13:36+00:00\",\"breadcrumb\":{\"@id\":\"https:\\\/\\\/fcshirt.com\\\/product\\\/unisex-sports-jersey-3\\\/#breadcrumb\"},\"inLanguage\":\"de-CH\",\"potentialAction\":[{\"@type\":\"ReadAction\",\"target\":[\"https:\\\/\\\/fcshirt.com\\\/product\\\/unisex-sports-jersey-3\\\/\"]}]},{\"@type\":\"ImageObject\",\"inLanguage\":\"de-CH\",\"@id\":\"https:\\\/\\\/fcshirt.com\\\/product\\\/unisex-sports-jersey-3\\\/#primaryimage\",\"url\":\"https:\\\/\\\/fcshirt.com\\\/wp-content\\\/uploads\\\/2026\\\/04\\\/unisex-sports-jersey-black-front-69d7a8f6579b9.jpg\",\"contentUrl\":\"https:\\\/\\\/fcshirt.com\\\/wp-content\\\/uploads\\\/2026\\\/04\\\/unisex-sports-jersey-black-front-69d7a8f6579b9.jpg\",\"width\":2000,\"height\":2000},{\"@type\":\"BreadcrumbList\",\"@id\":\"https:\\\/\\\/fcshirt.com\\\/product\\\/unisex-sports-jersey-3\\\/#breadcrumb\",\"itemListElement\":[{\"@type\":\"ListItem\",\"position\":1,\"name\":\"Home\",\"item\":\"https:\\\/\\\/fcshirt.com\\\/\"},{\"@type\":\"ListItem\",\"position\":2,\"name\":\"Products\",\"item\":\"https:\\\/\\\/fcshirt.com\\\/products\\\/\"},{\"@type\":\"ListItem\",\"position\":3,\"name\":\"La Tour-De-Peilz &#8211; Unisex sports jersey\"}]},{\"@type\":\"WebSite\",\"@id\":\"https:\\\/\\\/fcshirt.com\\\/#website\",\"url\":\"https:\\\/\\\/fcshirt.com\\\/\",\"name\":\"Fcshirt.com - Sports and mode apparel for Switzerland\",\"description\":\"Football and sports apparel of Swiss cities and cantons\",\"publisher\":{\"@id\":\"https:\\\/\\\/fcshirt.com\\\/#organization\"},\"potentialAction\":[{\"@type\":\"SearchAction\",\"target\":{\"@type\":\"EntryPoint\",\"urlTemplate\":\"https:\\\/\\\/fcshirt.com\\\/?s={search_term_string}\"},\"query-input\":{\"@type\":\"PropertyValueSpecification\",\"valueRequired\":true,\"valueName\":\"search_term_string\"}}],\"inLanguage\":\"de-CH\"},{\"@type\":\"Organization\",\"@id\":\"https:\\\/\\\/fcshirt.com\\\/#organization\",\"name\":\"Fcshirt\",\"url\":\"https:\\\/\\\/fcshirt.com\\\/\",\"logo\":{\"@type\":\"ImageObject\",\"inLanguage\":\"de-CH\",\"@id\":\"https:\\\/\\\/fcshirt.com\\\/#\\\/schema\\\/logo\\\/image\\\/\",\"url\":\"https:\\\/\\\/fcshirt.com\\\/wp-content\\\/uploads\\\/2026\\\/02\\\/1.png\",\"contentUrl\":\"https:\\\/\\\/fcshirt.com\\\/wp-content\\\/uploads\\\/2026\\\/02\\\/1.png\",\"width\":2000,\"height\":2000,\"caption\":\"Fcshirt\"},\"image\":{\"@id\":\"https:\\\/\\\/fcshirt.com\\\/#\\\/schema\\\/logo\\\/image\\\/\"},\"sameAs\":[\"https:\\\/\\\/www.instagram.com\\\/fcshirt.com1\"]}]}<\/script>\n<!-- \/ Yoast SEO plugin. -->","yoast_head_json":{"title":"La Tour-De-Peilz - Unisex sports jersey - Fcshirt.com","robots":{"index":"index","follow":"follow","max-snippet":"max-snippet:-1","max-image-preview":"max-image-preview:large","max-video-preview":"max-video-preview:-1"},"canonical":"https:\/\/fcshirt.com\/de\/produkt\/unisex-sports-jersey-3\/","og_locale":"de_DE","og_type":"article","og_title":"La Tour-De-Peilz - Unisex sports jersey - Fcshirt.com","og_description":"Show your connection to La Tour-de-Peilz with this unisex sports jersey crafted for comfort, performance, and everyday style. Made from 100% breathable polyester mesh, it delivers excellent ventilation whether you are training, staying active, or wearing it casually. Its relaxed fit and extended length provide added comfort and coverage, while the bound collar enhances durability [&hellip;]","og_url":"https:\/\/fcshirt.com\/de\/produkt\/unisex-sports-jersey-3\/","og_site_name":"Fcshirt.com","article_modified_time":"2026-04-09T14:13:36+00:00","og_image":[{"width":2000,"height":2000,"url":"https:\/\/fcshirt.com\/wp-content\/uploads\/2026\/04\/unisex-sports-jersey-black-front-69d7a8f6579b9.jpg","type":"image\/jpeg"}],"twitter_card":"summary_large_image","schema":{"@context":"https:\/\/schema.org","@graph":[{"@type":"WebPage","@id":"https:\/\/fcshirt.com\/product\/unisex-sports-jersey-3\/","url":"https:\/\/fcshirt.com\/product\/unisex-sports-jersey-3\/","name":"La Tour-De-Peilz - Unisex sports jersey - Fcshirt.com","isPartOf":{"@id":"https:\/\/fcshirt.com\/#website"},"primaryImageOfPage":{"@id":"https:\/\/fcshirt.com\/product\/unisex-sports-jersey-3\/#primaryimage"},"image":{"@id":"https:\/\/fcshirt.com\/product\/unisex-sports-jersey-3\/#primaryimage"},"thumbnailUrl":"https:\/\/fcshirt.com\/wp-content\/uploads\/2026\/04\/unisex-sports-jersey-black-front-69d7a8f6579b9.jpg","datePublished":"2026-04-09T13:26:38+00:00","dateModified":"2026-04-09T14:13:36+00:00","breadcrumb":{"@id":"https:\/\/fcshirt.com\/product\/unisex-sports-jersey-3\/#breadcrumb"},"inLanguage":"de-CH","potentialAction":[{"@type":"ReadAction","target":["https:\/\/fcshirt.com\/product\/unisex-sports-jersey-3\/"]}]},{"@type":"ImageObject","inLanguage":"de-CH","@id":"https:\/\/fcshirt.com\/product\/unisex-sports-jersey-3\/#primaryimage","url":"https:\/\/fcshirt.com\/wp-content\/uploads\/2026\/04\/unisex-sports-jersey-black-front-69d7a8f6579b9.jpg","contentUrl":"https:\/\/fcshirt.com\/wp-content\/uploads\/2026\/04\/unisex-sports-jersey-black-front-69d7a8f6579b9.jpg","width":2000,"height":2000},{"@type":"BreadcrumbList","@id":"https:\/\/fcshirt.com\/product\/unisex-sports-jersey-3\/#breadcrumb","itemListElement":[{"@type":"ListItem","position":1,"name":"Home","item":"https:\/\/fcshirt.com\/"},{"@type":"ListItem","position":2,"name":"Products","item":"https:\/\/fcshirt.com\/products\/"},{"@type":"ListItem","position":3,"name":"La Tour-De-Peilz &#8211; Unisex sports jersey"}]},{"@type":"WebSite","@id":"https:\/\/fcshirt.com\/#website","url":"https:\/\/fcshirt.com\/","name":"Fcshirt.com - Sport- und Modebekleidung f\u00fcr die Schweiz","description":"Fu\u00dfball und Sportbekleidung Schweizer St\u00e4dte und Kantone","publisher":{"@id":"https:\/\/fcshirt.com\/#organization"},"potentialAction":[{"@type":"SearchAction","target":{"@type":"EntryPoint","urlTemplate":"https:\/\/fcshirt.com\/?s={search_term_string}"},"query-input":{"@type":"PropertyValueSpecification","valueRequired":true,"valueName":"search_term_string"}}],"inLanguage":"de-CH"},{"@type":"Organization","@id":"https:\/\/fcshirt.com\/#organization","name":"Fcshirt","url":"https:\/\/fcshirt.com\/","logo":{"@type":"ImageObject","inLanguage":"de-CH","@id":"https:\/\/fcshirt.com\/#\/schema\/logo\/image\/","url":"https:\/\/fcshirt.com\/wp-content\/uploads\/2026\/02\/1.png","contentUrl":"https:\/\/fcshirt.com\/wp-content\/uploads\/2026\/02\/1.png","width":2000,"height":2000,"caption":"Fcshirt"},"image":{"@id":"https:\/\/fcshirt.com\/#\/schema\/logo\/image\/"},"sameAs":["https:\/\/www.instagram.com\/fcshirt.com1"]}]}},"jetpack_sharing_enabled":true,"_links":{"self":[{"href":"https:\/\/fcshirt.com\/de\/wp-json\/wp\/v2\/product\/5087","targetHints":{"allow":["GET"]}}],"collection":[{"href":"https:\/\/fcshirt.com\/de\/wp-json\/wp\/v2\/product"}],"about":[{"href":"https:\/\/fcshirt.com\/de\/wp-json\/wp\/v2\/types\/product"}],"wp:featuredmedia":[{"embeddable":true,"href":"https:\/\/fcshirt.com\/de\/wp-json\/wp\/v2\/media\/5110"}],"wp:attachment":[{"href":"https:\/\/fcshirt.com\/de\/wp-json\/wp\/v2\/media?parent=5087"}],"wp:term":[{"taxonomy":"product_brand","embeddable":true,"href":"https:\/\/fcshirt.com\/de\/wp-json\/wp\/v2\/product_brand?post=5087"},{"taxonomy":"product_cat","embeddable":true,"href":"https:\/\/fcshirt.com\/de\/wp-json\/wp\/v2\/product_cat?post=5087"},{"taxonomy":"product_tag","embeddable":true,"href":"https:\/\/fcshirt.com\/de\/wp-json\/wp\/v2\/product_tag?post=5087"}],"curies":[{"name":"wp","href":"https:\/\/api.w.org\/{rel}","templated":true}]}}