{"id":4496,"date":"2026-02-25T16:04:30","date_gmt":"2026-02-25T16:04:30","guid":{"rendered":"https:\/\/fcshirt.com\/product\/1820-mens-long-sleeve-shirt\/"},"modified":"2026-04-09T11:13:25","modified_gmt":"2026-04-09T11:13:25","slug":"1820-mens-long-sleeve-shirt","status":"publish","type":"product","link":"https:\/\/fcshirt.com\/de\/product\/1820-mens-long-sleeve-shirt\/","title":{"rendered":"1820 \u2013 Herren Langarmhemd"},"content":{"rendered":"<p>The Long Sleeve Shirt 1820 Montreux is a refined essential that blends timeless style with subtle elegance. Featuring the number \u201c1820\u201d delicately embroidered, this piece adds a distinctive touch while remaining effortlessly versatile.<\/p>\n<p>\u2022 100% cotton<br \/>\n\u2022 Sport Grey is 90% cotton, 10% polyester<br \/>\n\u2022 Classic fit with long sleeves and rib cuffs<br \/>\n\u2022 Pre-shrunk jersey knit<br \/>\n\u2022 Seamless double-needle 7\u20448&#8221; (2.2 cm) collar<br \/>\n\u2022 Double-needle bottom hem<br \/>\n\u2022 Taped neck and shoulders<br \/>\n\u2022 Quarter-turned to avoid crease down the middle<\/p>\n<p>Disclaimer: Due to the fabric properties, the White color variant may appear off-white rather than bright white.<\/p>","protected":false},"excerpt":{"rendered":"<p>The Long Sleeve Shirt 1820 Montreux is a refined essential that blends timeless style with subtle elegance. Featuring the number \u201c1820\u201d delicately embroidered, this piece adds a distinctive touch while remaining effortlessly versatile. \u2022 100% cotton \u2022 Sport Grey is 90% cotton, 10% polyester \u2022 Classic fit with long sleeves and rib cuffs \u2022 Pre-shrunk [&hellip;]<\/p>\n","protected":false},"featured_media":4529,"template":"","meta":[],"product_brand":[],"product_cat":[67,22,69,31],"product_tag":[],"class_list":{"0":"post-4496","1":"product","2":"type-product","3":"status-publish","4":"has-post-thumbnail","6":"product_cat-montreux","7":"product_cat-t-shirts","8":"product_cat-territet","9":"product_cat-vaud","11":"first","12":"instock","13":"shipping-taxable","14":"purchasable","15":"product-type-variable"},"yoast_head":"<!-- This site is optimized with the Yoast SEO plugin v27.3 - https:\/\/yoast.com\/product\/yoast-seo-wordpress\/ -->\n<title>1820 - Men\u2019s Long Sleeve Shirt - Fcshirt.com<\/title>\n<meta name=\"robots\" content=\"index, follow, max-snippet:-1, max-image-preview:large, max-video-preview:-1\" \/>\n<link rel=\"canonical\" href=\"https:\/\/fcshirt.com\/de\/produkt\/1820-mens-long-sleeve-shirt\/\" \/>\n<meta property=\"og:locale\" content=\"de_DE\" \/>\n<meta property=\"og:type\" content=\"article\" \/>\n<meta property=\"og:title\" content=\"1820 - Men\u2019s Long Sleeve Shirt - Fcshirt.com\" \/>\n<meta property=\"og:description\" content=\"The Long Sleeve Shirt 1820 Montreux is a refined essential that blends timeless style with subtle elegance. Featuring the number \u201c1820\u201d delicately embroidered, this piece adds a distinctive touch while remaining effortlessly versatile. \u2022 100% cotton \u2022 Sport Grey is 90% cotton, 10% polyester \u2022 Classic fit with long sleeves and rib cuffs \u2022 Pre-shrunk [&hellip;]\" \/>\n<meta property=\"og:url\" content=\"https:\/\/fcshirt.com\/de\/produkt\/1820-mens-long-sleeve-shirt\/\" \/>\n<meta property=\"og:site_name\" content=\"Fcshirt.com\" \/>\n<meta property=\"article:modified_time\" content=\"2026-04-09T11:13:25+00:00\" \/>\n<meta property=\"og:image\" content=\"https:\/\/fcshirt.com\/wp-content\/uploads\/2026\/02\/mens-long-sleeve-shirt-white-front-699f1d76265d7.jpg\" \/>\n\t<meta property=\"og:image:width\" content=\"1000\" \/>\n\t<meta property=\"og:image:height\" content=\"1000\" \/>\n\t<meta property=\"og:image:type\" content=\"image\/jpeg\" \/>\n<meta name=\"twitter:card\" content=\"summary_large_image\" \/>\n<script type=\"application\/ld+json\" class=\"yoast-schema-graph\">{\"@context\":\"https:\\\/\\\/schema.org\",\"@graph\":[{\"@type\":\"WebPage\",\"@id\":\"https:\\\/\\\/fcshirt.com\\\/product\\\/1820-mens-long-sleeve-shirt\\\/\",\"url\":\"https:\\\/\\\/fcshirt.com\\\/product\\\/1820-mens-long-sleeve-shirt\\\/\",\"name\":\"1820 - Men\u2019s Long Sleeve Shirt - Fcshirt.com\",\"isPartOf\":{\"@id\":\"https:\\\/\\\/fcshirt.com\\\/#website\"},\"primaryImageOfPage\":{\"@id\":\"https:\\\/\\\/fcshirt.com\\\/product\\\/1820-mens-long-sleeve-shirt\\\/#primaryimage\"},\"image\":{\"@id\":\"https:\\\/\\\/fcshirt.com\\\/product\\\/1820-mens-long-sleeve-shirt\\\/#primaryimage\"},\"thumbnailUrl\":\"https:\\\/\\\/fcshirt.com\\\/wp-content\\\/uploads\\\/2026\\\/02\\\/mens-long-sleeve-shirt-white-front-699f1d76265d7.jpg\",\"datePublished\":\"2026-02-25T16:04:30+00:00\",\"dateModified\":\"2026-04-09T11:13:25+00:00\",\"breadcrumb\":{\"@id\":\"https:\\\/\\\/fcshirt.com\\\/product\\\/1820-mens-long-sleeve-shirt\\\/#breadcrumb\"},\"inLanguage\":\"de-CH\",\"potentialAction\":[{\"@type\":\"ReadAction\",\"target\":[\"https:\\\/\\\/fcshirt.com\\\/product\\\/1820-mens-long-sleeve-shirt\\\/\"]}]},{\"@type\":\"ImageObject\",\"inLanguage\":\"de-CH\",\"@id\":\"https:\\\/\\\/fcshirt.com\\\/product\\\/1820-mens-long-sleeve-shirt\\\/#primaryimage\",\"url\":\"https:\\\/\\\/fcshirt.com\\\/wp-content\\\/uploads\\\/2026\\\/02\\\/mens-long-sleeve-shirt-white-front-699f1d76265d7.jpg\",\"contentUrl\":\"https:\\\/\\\/fcshirt.com\\\/wp-content\\\/uploads\\\/2026\\\/02\\\/mens-long-sleeve-shirt-white-front-699f1d76265d7.jpg\",\"width\":1000,\"height\":1000},{\"@type\":\"BreadcrumbList\",\"@id\":\"https:\\\/\\\/fcshirt.com\\\/product\\\/1820-mens-long-sleeve-shirt\\\/#breadcrumb\",\"itemListElement\":[{\"@type\":\"ListItem\",\"position\":1,\"name\":\"Home\",\"item\":\"https:\\\/\\\/fcshirt.com\\\/\"},{\"@type\":\"ListItem\",\"position\":2,\"name\":\"Products\",\"item\":\"https:\\\/\\\/fcshirt.com\\\/products\\\/\"},{\"@type\":\"ListItem\",\"position\":3,\"name\":\"1820 &#8211; Men\u2019s Long Sleeve Shirt\"}]},{\"@type\":\"WebSite\",\"@id\":\"https:\\\/\\\/fcshirt.com\\\/#website\",\"url\":\"https:\\\/\\\/fcshirt.com\\\/\",\"name\":\"Fcshirt.com - Sports and mode apparel for Switzerland\",\"description\":\"Football and sports apparel of Swiss cities and cantons\",\"publisher\":{\"@id\":\"https:\\\/\\\/fcshirt.com\\\/#organization\"},\"potentialAction\":[{\"@type\":\"SearchAction\",\"target\":{\"@type\":\"EntryPoint\",\"urlTemplate\":\"https:\\\/\\\/fcshirt.com\\\/?s={search_term_string}\"},\"query-input\":{\"@type\":\"PropertyValueSpecification\",\"valueRequired\":true,\"valueName\":\"search_term_string\"}}],\"inLanguage\":\"de-CH\"},{\"@type\":\"Organization\",\"@id\":\"https:\\\/\\\/fcshirt.com\\\/#organization\",\"name\":\"Fcshirt\",\"url\":\"https:\\\/\\\/fcshirt.com\\\/\",\"logo\":{\"@type\":\"ImageObject\",\"inLanguage\":\"de-CH\",\"@id\":\"https:\\\/\\\/fcshirt.com\\\/#\\\/schema\\\/logo\\\/image\\\/\",\"url\":\"https:\\\/\\\/fcshirt.com\\\/wp-content\\\/uploads\\\/2026\\\/02\\\/1.png\",\"contentUrl\":\"https:\\\/\\\/fcshirt.com\\\/wp-content\\\/uploads\\\/2026\\\/02\\\/1.png\",\"width\":2000,\"height\":2000,\"caption\":\"Fcshirt\"},\"image\":{\"@id\":\"https:\\\/\\\/fcshirt.com\\\/#\\\/schema\\\/logo\\\/image\\\/\"},\"sameAs\":[\"https:\\\/\\\/www.instagram.com\\\/fcshirt.com1\"]}]}<\/script>\n<!-- \/ Yoast SEO plugin. -->","yoast_head_json":{"title":"1820 - Men\u2019s Long Sleeve Shirt - Fcshirt.com","robots":{"index":"index","follow":"follow","max-snippet":"max-snippet:-1","max-image-preview":"max-image-preview:large","max-video-preview":"max-video-preview:-1"},"canonical":"https:\/\/fcshirt.com\/de\/produkt\/1820-mens-long-sleeve-shirt\/","og_locale":"de_DE","og_type":"article","og_title":"1820 - Men\u2019s Long Sleeve Shirt - Fcshirt.com","og_description":"The Long Sleeve Shirt 1820 Montreux is a refined essential that blends timeless style with subtle elegance. Featuring the number \u201c1820\u201d delicately embroidered, this piece adds a distinctive touch while remaining effortlessly versatile. \u2022 100% cotton \u2022 Sport Grey is 90% cotton, 10% polyester \u2022 Classic fit with long sleeves and rib cuffs \u2022 Pre-shrunk [&hellip;]","og_url":"https:\/\/fcshirt.com\/de\/produkt\/1820-mens-long-sleeve-shirt\/","og_site_name":"Fcshirt.com","article_modified_time":"2026-04-09T11:13:25+00:00","og_image":[{"width":1000,"height":1000,"url":"https:\/\/fcshirt.com\/wp-content\/uploads\/2026\/02\/mens-long-sleeve-shirt-white-front-699f1d76265d7.jpg","type":"image\/jpeg"}],"twitter_card":"summary_large_image","schema":{"@context":"https:\/\/schema.org","@graph":[{"@type":"WebPage","@id":"https:\/\/fcshirt.com\/product\/1820-mens-long-sleeve-shirt\/","url":"https:\/\/fcshirt.com\/product\/1820-mens-long-sleeve-shirt\/","name":"1820 - Men\u2019s Long Sleeve Shirt - Fcshirt.com","isPartOf":{"@id":"https:\/\/fcshirt.com\/#website"},"primaryImageOfPage":{"@id":"https:\/\/fcshirt.com\/product\/1820-mens-long-sleeve-shirt\/#primaryimage"},"image":{"@id":"https:\/\/fcshirt.com\/product\/1820-mens-long-sleeve-shirt\/#primaryimage"},"thumbnailUrl":"https:\/\/fcshirt.com\/wp-content\/uploads\/2026\/02\/mens-long-sleeve-shirt-white-front-699f1d76265d7.jpg","datePublished":"2026-02-25T16:04:30+00:00","dateModified":"2026-04-09T11:13:25+00:00","breadcrumb":{"@id":"https:\/\/fcshirt.com\/product\/1820-mens-long-sleeve-shirt\/#breadcrumb"},"inLanguage":"de-CH","potentialAction":[{"@type":"ReadAction","target":["https:\/\/fcshirt.com\/product\/1820-mens-long-sleeve-shirt\/"]}]},{"@type":"ImageObject","inLanguage":"de-CH","@id":"https:\/\/fcshirt.com\/product\/1820-mens-long-sleeve-shirt\/#primaryimage","url":"https:\/\/fcshirt.com\/wp-content\/uploads\/2026\/02\/mens-long-sleeve-shirt-white-front-699f1d76265d7.jpg","contentUrl":"https:\/\/fcshirt.com\/wp-content\/uploads\/2026\/02\/mens-long-sleeve-shirt-white-front-699f1d76265d7.jpg","width":1000,"height":1000},{"@type":"BreadcrumbList","@id":"https:\/\/fcshirt.com\/product\/1820-mens-long-sleeve-shirt\/#breadcrumb","itemListElement":[{"@type":"ListItem","position":1,"name":"Home","item":"https:\/\/fcshirt.com\/"},{"@type":"ListItem","position":2,"name":"Products","item":"https:\/\/fcshirt.com\/products\/"},{"@type":"ListItem","position":3,"name":"1820 &#8211; Men\u2019s Long Sleeve Shirt"}]},{"@type":"WebSite","@id":"https:\/\/fcshirt.com\/#website","url":"https:\/\/fcshirt.com\/","name":"Fcshirt.com - Sport- und Modebekleidung f\u00fcr die Schweiz","description":"Fu\u00dfball und Sportbekleidung Schweizer St\u00e4dte und Kantone","publisher":{"@id":"https:\/\/fcshirt.com\/#organization"},"potentialAction":[{"@type":"SearchAction","target":{"@type":"EntryPoint","urlTemplate":"https:\/\/fcshirt.com\/?s={search_term_string}"},"query-input":{"@type":"PropertyValueSpecification","valueRequired":true,"valueName":"search_term_string"}}],"inLanguage":"de-CH"},{"@type":"Organization","@id":"https:\/\/fcshirt.com\/#organization","name":"Fcshirt","url":"https:\/\/fcshirt.com\/","logo":{"@type":"ImageObject","inLanguage":"de-CH","@id":"https:\/\/fcshirt.com\/#\/schema\/logo\/image\/","url":"https:\/\/fcshirt.com\/wp-content\/uploads\/2026\/02\/1.png","contentUrl":"https:\/\/fcshirt.com\/wp-content\/uploads\/2026\/02\/1.png","width":2000,"height":2000,"caption":"Fcshirt"},"image":{"@id":"https:\/\/fcshirt.com\/#\/schema\/logo\/image\/"},"sameAs":["https:\/\/www.instagram.com\/fcshirt.com1"]}]}},"jetpack_sharing_enabled":true,"_links":{"self":[{"href":"https:\/\/fcshirt.com\/de\/wp-json\/wp\/v2\/product\/4496","targetHints":{"allow":["GET"]}}],"collection":[{"href":"https:\/\/fcshirt.com\/de\/wp-json\/wp\/v2\/product"}],"about":[{"href":"https:\/\/fcshirt.com\/de\/wp-json\/wp\/v2\/types\/product"}],"wp:featuredmedia":[{"embeddable":true,"href":"https:\/\/fcshirt.com\/de\/wp-json\/wp\/v2\/media\/4529"}],"wp:attachment":[{"href":"https:\/\/fcshirt.com\/de\/wp-json\/wp\/v2\/media?parent=4496"}],"wp:term":[{"taxonomy":"product_brand","embeddable":true,"href":"https:\/\/fcshirt.com\/de\/wp-json\/wp\/v2\/product_brand?post=4496"},{"taxonomy":"product_cat","embeddable":true,"href":"https:\/\/fcshirt.com\/de\/wp-json\/wp\/v2\/product_cat?post=4496"},{"taxonomy":"product_tag","embeddable":true,"href":"https:\/\/fcshirt.com\/de\/wp-json\/wp\/v2\/product_tag?post=4496"}],"curies":[{"name":"wp","href":"https:\/\/api.w.org\/{rel}","templated":true}]}}