{"id":4047,"date":"2026-02-20T17:28:45","date_gmt":"2026-02-20T17:28:45","guid":{"rendered":"https:\/\/fcshirt.com\/product\/1815-clarens-unisex-eco-sweatshirt\/"},"modified":"2026-03-02T15:46:58","modified_gmt":"2026-03-02T15:46:58","slug":"1815-clarens-unisex-eco-sweatshirt","status":"publish","type":"product","link":"https:\/\/fcshirt.com\/de\/product\/1815-clarens-unisex-eco-sweatshirt\/","title":{"rendered":"1815 \u2013 Unisex Eco Sweatshirt"},"content":{"rendered":"<p data-start=\"160\" data-end=\"244\"><strong data-start=\"160\" data-end=\"244\">Stolz 1815 Clarens repr\u00e4sentieren mit diesem hochwertigen%-Sweatshirt aus Bio-Baumwolle.<\/strong><\/p>\n<p data-start=\"246\" data-end=\"655\">Ehre den Geist von Clarens mit einem Sweatshirt, das lokale Identit\u00e4t und allt\u00e4gliche Raffinesse vereint. Dieses Unisex Eco Crewneck wurde auf Vielseitigkeit ausgelegt und bietet eine strukturierte, aber bequeme Passform, die es ideal zum Lagenlook bei k\u00fchlerem Wetter oder zum eigenst\u00e4ndigen Tragen f\u00fcr einen sauberen, modernen Look macht. Hergestellt aus verantwortungsvoll bezogener Bio-Baumwolle, bietet es au\u00dfergew\u00f6hnliche Weichheit, Strapazierf\u00e4higkeit und langlebige Qualit\u00e4t.<\/p>\n<p>\u2022 100% Bio-Baumwolle, ringgesponnen, gek\u00e4mmt<br \/>\n\u2022 Stoffgewicht: 350 g\/m\u00b2 (10,3 oz.\/yd.\u00b2)<br \/>\nNormale Passform<br \/>\n\u2022 Eingesetzte \u00c4rmel<br \/>\n\u2022 1\u00d71 Rippstrick am Halsausschnitt, \u00c4rmelsaum und unteren Saum<br \/>\n\u2022 Doppelte Steppnaht am Kragen, an den \u00c4rmeln und am unteren Saum<br \/>\n\u2022 Innen im Nacken ein Fischgr\u00e4ten-Nackenband<br \/>\n\u2022 Selbstbezogener Halbmond im Nacken<br \/>\n\u2022 Rohprodukt aus Bangladesch<\/p>","protected":false},"excerpt":{"rendered":"<p>Proudly represent 1815 Clarens with this premium 100% organic cotton sweatshirt. Honor the spirit of Clarens with a sweatshirt that blends local identity and everyday sophistication. Designed for versatility, this unisex eco crewneck delivers a structured yet comfortable fit, making it ideal for layering in cooler weather or wearing on its own for a clean, [&hellip;]<\/p>\n","protected":false},"featured_media":4729,"template":"","meta":[],"product_brand":[],"product_cat":[30,60,31],"product_tag":[],"class_list":{"0":"post-4047","1":"product","2":"type-product","3":"status-publish","4":"has-post-thumbnail","6":"product_cat-clarens","7":"product_cat-sweatshirt","8":"product_cat-vaud","10":"first","11":"instock","12":"shipping-taxable","13":"purchasable","14":"product-type-variable"},"yoast_head":"<!-- This site is optimized with the Yoast SEO plugin v27.3 - https:\/\/yoast.com\/product\/yoast-seo-wordpress\/ -->\n<title>1815 - Unisex eco sweatshirt - Fcshirt.com<\/title>\n<meta name=\"robots\" content=\"index, follow, max-snippet:-1, max-image-preview:large, max-video-preview:-1\" \/>\n<link rel=\"canonical\" href=\"https:\/\/fcshirt.com\/de\/produkt\/1815-clarens-unisex-eco-sweatshirt\/\" \/>\n<meta property=\"og:locale\" content=\"de_DE\" \/>\n<meta property=\"og:type\" content=\"article\" \/>\n<meta property=\"og:title\" content=\"1815 - Unisex eco sweatshirt - Fcshirt.com\" \/>\n<meta property=\"og:description\" content=\"Proudly represent 1815 Clarens with this premium 100% organic cotton sweatshirt. Honor the spirit of Clarens with a sweatshirt that blends local identity and everyday sophistication. Designed for versatility, this unisex eco crewneck delivers a structured yet comfortable fit, making it ideal for layering in cooler weather or wearing on its own for a clean, [&hellip;]\" \/>\n<meta property=\"og:url\" content=\"https:\/\/fcshirt.com\/de\/produkt\/1815-clarens-unisex-eco-sweatshirt\/\" \/>\n<meta property=\"og:site_name\" content=\"Fcshirt.com\" \/>\n<meta property=\"article:modified_time\" content=\"2026-03-02T15:46:58+00:00\" \/>\n<meta property=\"og:image\" content=\"https:\/\/fcshirt.com\/wp-content\/uploads\/2026\/03\/unisex-eco-sweatshirt-white-front-69a5a20e8cbc7.jpg\" \/>\n\t<meta property=\"og:image:width\" content=\"2000\" \/>\n\t<meta property=\"og:image:height\" content=\"2000\" \/>\n\t<meta property=\"og:image:type\" content=\"image\/jpeg\" \/>\n<meta name=\"twitter:card\" content=\"summary_large_image\" \/>\n<meta name=\"twitter:label1\" content=\"Gesch\u00e4tzte Lesezeit\" \/>\n\t<meta name=\"twitter:data1\" content=\"1\u00a0Minute\" \/>\n<script type=\"application\/ld+json\" class=\"yoast-schema-graph\">{\"@context\":\"https:\\\/\\\/schema.org\",\"@graph\":[{\"@type\":\"WebPage\",\"@id\":\"https:\\\/\\\/fcshirt.com\\\/product\\\/1815-clarens-unisex-eco-sweatshirt\\\/\",\"url\":\"https:\\\/\\\/fcshirt.com\\\/product\\\/1815-clarens-unisex-eco-sweatshirt\\\/\",\"name\":\"1815 - Unisex eco sweatshirt - Fcshirt.com\",\"isPartOf\":{\"@id\":\"https:\\\/\\\/fcshirt.com\\\/#website\"},\"primaryImageOfPage\":{\"@id\":\"https:\\\/\\\/fcshirt.com\\\/product\\\/1815-clarens-unisex-eco-sweatshirt\\\/#primaryimage\"},\"image\":{\"@id\":\"https:\\\/\\\/fcshirt.com\\\/product\\\/1815-clarens-unisex-eco-sweatshirt\\\/#primaryimage\"},\"thumbnailUrl\":\"https:\\\/\\\/fcshirt.com\\\/wp-content\\\/uploads\\\/2026\\\/03\\\/unisex-eco-sweatshirt-white-front-69a5a20e8cbc7.jpg\",\"datePublished\":\"2026-02-20T17:28:45+00:00\",\"dateModified\":\"2026-03-02T15:46:58+00:00\",\"breadcrumb\":{\"@id\":\"https:\\\/\\\/fcshirt.com\\\/product\\\/1815-clarens-unisex-eco-sweatshirt\\\/#breadcrumb\"},\"inLanguage\":\"de-CH\",\"potentialAction\":[{\"@type\":\"ReadAction\",\"target\":[\"https:\\\/\\\/fcshirt.com\\\/product\\\/1815-clarens-unisex-eco-sweatshirt\\\/\"]}]},{\"@type\":\"ImageObject\",\"inLanguage\":\"de-CH\",\"@id\":\"https:\\\/\\\/fcshirt.com\\\/product\\\/1815-clarens-unisex-eco-sweatshirt\\\/#primaryimage\",\"url\":\"https:\\\/\\\/fcshirt.com\\\/wp-content\\\/uploads\\\/2026\\\/03\\\/unisex-eco-sweatshirt-white-front-69a5a20e8cbc7.jpg\",\"contentUrl\":\"https:\\\/\\\/fcshirt.com\\\/wp-content\\\/uploads\\\/2026\\\/03\\\/unisex-eco-sweatshirt-white-front-69a5a20e8cbc7.jpg\",\"width\":2000,\"height\":2000},{\"@type\":\"BreadcrumbList\",\"@id\":\"https:\\\/\\\/fcshirt.com\\\/product\\\/1815-clarens-unisex-eco-sweatshirt\\\/#breadcrumb\",\"itemListElement\":[{\"@type\":\"ListItem\",\"position\":1,\"name\":\"Home\",\"item\":\"https:\\\/\\\/fcshirt.com\\\/\"},{\"@type\":\"ListItem\",\"position\":2,\"name\":\"Products\",\"item\":\"https:\\\/\\\/fcshirt.com\\\/products\\\/\"},{\"@type\":\"ListItem\",\"position\":3,\"name\":\"1815 &#8211; Unisex eco sweatshirt\"}]},{\"@type\":\"WebSite\",\"@id\":\"https:\\\/\\\/fcshirt.com\\\/#website\",\"url\":\"https:\\\/\\\/fcshirt.com\\\/\",\"name\":\"Fcshirt.com - Sports and mode apparel for Switzerland\",\"description\":\"Football and sports apparel of Swiss cities and cantons\",\"publisher\":{\"@id\":\"https:\\\/\\\/fcshirt.com\\\/#organization\"},\"potentialAction\":[{\"@type\":\"SearchAction\",\"target\":{\"@type\":\"EntryPoint\",\"urlTemplate\":\"https:\\\/\\\/fcshirt.com\\\/?s={search_term_string}\"},\"query-input\":{\"@type\":\"PropertyValueSpecification\",\"valueRequired\":true,\"valueName\":\"search_term_string\"}}],\"inLanguage\":\"de-CH\"},{\"@type\":\"Organization\",\"@id\":\"https:\\\/\\\/fcshirt.com\\\/#organization\",\"name\":\"Fcshirt\",\"url\":\"https:\\\/\\\/fcshirt.com\\\/\",\"logo\":{\"@type\":\"ImageObject\",\"inLanguage\":\"de-CH\",\"@id\":\"https:\\\/\\\/fcshirt.com\\\/#\\\/schema\\\/logo\\\/image\\\/\",\"url\":\"https:\\\/\\\/fcshirt.com\\\/wp-content\\\/uploads\\\/2026\\\/02\\\/1.png\",\"contentUrl\":\"https:\\\/\\\/fcshirt.com\\\/wp-content\\\/uploads\\\/2026\\\/02\\\/1.png\",\"width\":2000,\"height\":2000,\"caption\":\"Fcshirt\"},\"image\":{\"@id\":\"https:\\\/\\\/fcshirt.com\\\/#\\\/schema\\\/logo\\\/image\\\/\"},\"sameAs\":[\"https:\\\/\\\/www.instagram.com\\\/fcshirt.com1\"]}]}<\/script>\n<!-- \/ Yoast SEO plugin. -->","yoast_head_json":{"title":"1815 - Unisex eco sweatshirt - Fcshirt.com","robots":{"index":"index","follow":"follow","max-snippet":"max-snippet:-1","max-image-preview":"max-image-preview:large","max-video-preview":"max-video-preview:-1"},"canonical":"https:\/\/fcshirt.com\/de\/produkt\/1815-clarens-unisex-eco-sweatshirt\/","og_locale":"de_DE","og_type":"article","og_title":"1815 - Unisex eco sweatshirt - Fcshirt.com","og_description":"Proudly represent 1815 Clarens with this premium 100% organic cotton sweatshirt. Honor the spirit of Clarens with a sweatshirt that blends local identity and everyday sophistication. Designed for versatility, this unisex eco crewneck delivers a structured yet comfortable fit, making it ideal for layering in cooler weather or wearing on its own for a clean, [&hellip;]","og_url":"https:\/\/fcshirt.com\/de\/produkt\/1815-clarens-unisex-eco-sweatshirt\/","og_site_name":"Fcshirt.com","article_modified_time":"2026-03-02T15:46:58+00:00","og_image":[{"width":2000,"height":2000,"url":"https:\/\/fcshirt.com\/wp-content\/uploads\/2026\/03\/unisex-eco-sweatshirt-white-front-69a5a20e8cbc7.jpg","type":"image\/jpeg"}],"twitter_card":"summary_large_image","twitter_misc":{"Gesch\u00e4tzte Lesezeit":"1\u00a0Minute"},"schema":{"@context":"https:\/\/schema.org","@graph":[{"@type":"WebPage","@id":"https:\/\/fcshirt.com\/product\/1815-clarens-unisex-eco-sweatshirt\/","url":"https:\/\/fcshirt.com\/product\/1815-clarens-unisex-eco-sweatshirt\/","name":"1815 - Unisex eco sweatshirt - Fcshirt.com","isPartOf":{"@id":"https:\/\/fcshirt.com\/#website"},"primaryImageOfPage":{"@id":"https:\/\/fcshirt.com\/product\/1815-clarens-unisex-eco-sweatshirt\/#primaryimage"},"image":{"@id":"https:\/\/fcshirt.com\/product\/1815-clarens-unisex-eco-sweatshirt\/#primaryimage"},"thumbnailUrl":"https:\/\/fcshirt.com\/wp-content\/uploads\/2026\/03\/unisex-eco-sweatshirt-white-front-69a5a20e8cbc7.jpg","datePublished":"2026-02-20T17:28:45+00:00","dateModified":"2026-03-02T15:46:58+00:00","breadcrumb":{"@id":"https:\/\/fcshirt.com\/product\/1815-clarens-unisex-eco-sweatshirt\/#breadcrumb"},"inLanguage":"de-CH","potentialAction":[{"@type":"ReadAction","target":["https:\/\/fcshirt.com\/product\/1815-clarens-unisex-eco-sweatshirt\/"]}]},{"@type":"ImageObject","inLanguage":"de-CH","@id":"https:\/\/fcshirt.com\/product\/1815-clarens-unisex-eco-sweatshirt\/#primaryimage","url":"https:\/\/fcshirt.com\/wp-content\/uploads\/2026\/03\/unisex-eco-sweatshirt-white-front-69a5a20e8cbc7.jpg","contentUrl":"https:\/\/fcshirt.com\/wp-content\/uploads\/2026\/03\/unisex-eco-sweatshirt-white-front-69a5a20e8cbc7.jpg","width":2000,"height":2000},{"@type":"BreadcrumbList","@id":"https:\/\/fcshirt.com\/product\/1815-clarens-unisex-eco-sweatshirt\/#breadcrumb","itemListElement":[{"@type":"ListItem","position":1,"name":"Home","item":"https:\/\/fcshirt.com\/"},{"@type":"ListItem","position":2,"name":"Products","item":"https:\/\/fcshirt.com\/products\/"},{"@type":"ListItem","position":3,"name":"1815 &#8211; Unisex eco sweatshirt"}]},{"@type":"WebSite","@id":"https:\/\/fcshirt.com\/#website","url":"https:\/\/fcshirt.com\/","name":"Fcshirt.com - Sport- und Modebekleidung f\u00fcr die Schweiz","description":"Fu\u00dfball und Sportbekleidung Schweizer St\u00e4dte und Kantone","publisher":{"@id":"https:\/\/fcshirt.com\/#organization"},"potentialAction":[{"@type":"SearchAction","target":{"@type":"EntryPoint","urlTemplate":"https:\/\/fcshirt.com\/?s={search_term_string}"},"query-input":{"@type":"PropertyValueSpecification","valueRequired":true,"valueName":"search_term_string"}}],"inLanguage":"de-CH"},{"@type":"Organization","@id":"https:\/\/fcshirt.com\/#organization","name":"Fcshirt","url":"https:\/\/fcshirt.com\/","logo":{"@type":"ImageObject","inLanguage":"de-CH","@id":"https:\/\/fcshirt.com\/#\/schema\/logo\/image\/","url":"https:\/\/fcshirt.com\/wp-content\/uploads\/2026\/02\/1.png","contentUrl":"https:\/\/fcshirt.com\/wp-content\/uploads\/2026\/02\/1.png","width":2000,"height":2000,"caption":"Fcshirt"},"image":{"@id":"https:\/\/fcshirt.com\/#\/schema\/logo\/image\/"},"sameAs":["https:\/\/www.instagram.com\/fcshirt.com1"]}]}},"jetpack_sharing_enabled":true,"_links":{"self":[{"href":"https:\/\/fcshirt.com\/de\/wp-json\/wp\/v2\/product\/4047","targetHints":{"allow":["GET"]}}],"collection":[{"href":"https:\/\/fcshirt.com\/de\/wp-json\/wp\/v2\/product"}],"about":[{"href":"https:\/\/fcshirt.com\/de\/wp-json\/wp\/v2\/types\/product"}],"wp:featuredmedia":[{"embeddable":true,"href":"https:\/\/fcshirt.com\/de\/wp-json\/wp\/v2\/media\/4729"}],"wp:attachment":[{"href":"https:\/\/fcshirt.com\/de\/wp-json\/wp\/v2\/media?parent=4047"}],"wp:term":[{"taxonomy":"product_brand","embeddable":true,"href":"https:\/\/fcshirt.com\/de\/wp-json\/wp\/v2\/product_brand?post=4047"},{"taxonomy":"product_cat","embeddable":true,"href":"https:\/\/fcshirt.com\/de\/wp-json\/wp\/v2\/product_cat?post=4047"},{"taxonomy":"product_tag","embeddable":true,"href":"https:\/\/fcshirt.com\/de\/wp-json\/wp\/v2\/product_tag?post=4047"}],"curies":[{"name":"wp","href":"https:\/\/api.w.org\/{rel}","templated":true}]}}