{"id":3514,"date":"2026-02-06T17:35:31","date_gmt":"2026-02-06T17:35:31","guid":{"rendered":"https:\/\/fcshirt.com\/product\/fanny-pack-banane\/"},"modified":"2026-04-09T11:18:56","modified_gmt":"2026-04-09T11:18:56","slug":"bauchtasche","status":"publish","type":"product","link":"https:\/\/fcshirt.com\/de\/product\/fanny-pack-banane\/","title":{"rendered":"FC Clarens \u2013 Bauchtasche (Banane)"},"content":{"rendered":"<p>Bauchtaschen sind das ultimative Accessoire f\u00fcr Menschen, die viel unterwegs sind. Und diese H\u00fcfttasche hat alles \u2013 die richtige Gr\u00f6\u00dfe, eine kleine Innentasche und verstellbare Riemen \u2013, um zu Ihrem Lieblingsteil zu werden, egal ob Sie zu einem Festival gehen, sich auf den Urlaub vorbereiten oder einfach nur die H\u00e4nde frei haben m\u00f6chten.<\/p>\n<p>\u2022 100% Polyester<br \/>\n\u2022 Stoffgewicht: 9 oz.\/yd.\u00b2 (305 g\/m\u00b2)<br \/>\n\u2022 Ma\u00dfe: 16 cm H\u00f6he, 33 cm Breite und 7 cm Durchmesser<br \/>\n- Fassungsverm\u00f6gen: 0,37 Gallonen (1,4 l)<br \/>\n\u2022 Wasserabweisendes Material<br \/>\n\u2022 Rei\u00dfverschluss oben mit 2 Schiebern<br \/>\n\u2022 Kleine, anpassbare Innentasche ohne Rei\u00dfverschluss<br \/>\n- Seidenfutter, paspelierte Innens\u00e4ume<br \/>\n\u2022 1\u00bc\u2033 (2,54 cm) breite, verstellbare Gurte mit Kunststoff-Gurtreglern<br \/>\n\u2022 Leere Produktkomponenten aus China bezogen<\/p>\n<p>Altersbeschr\u00e4nkungen: F\u00fcr Erwachsene<br \/>\nEU-Garantie: 2 Jahre<br \/>\nWeitere Compliance-Informationen: Erf\u00fcllt die Anforderungen hinsichtlich Entflammbarkeit, Blei, Cadmium, Bisphenolen und Phthalaten.<\/p>\n<p>Gem\u00e4\u00df der Verordnung \u00fcber die allgemeine Produktsicherheit (GCPR), <b>Rencla WebTech SARL<\/b> und <b>SINDEN VENTURES LIMITED<\/b> stellen Sie sicher, dass alle angebotenen Verbraucherprodukte sicher sind und den EU-Normen entsprechen. F\u00fcr Anfragen oder Bedenken bez\u00fcglich der Produktsicherheit wenden Sie sich bitte an unseren EU-Vertreter unter <b>gpsr@sindenventures.com<\/b>. Sie k\u00f6nnen uns auch schreiben unter <b>Chemin des cr\u00eates 17, 1815 Clarens<\/b> oder<b> Markou Evgenikou 11, Mesa Geitonia, 4002, Limassol, Zypern.<b><\/b><\/b><\/p>","protected":false},"excerpt":{"rendered":"<p>Fanny pack is the ultimate accessory for people on the go. And this waist bag has everything\u2014the right size, a small inside pocket, and adjustable straps\u2014to become your favorite fashion item if you&#8217;re going to a festival, getting ready for a vacation, or just like to keep your hands free. \u2022 100% polyester \u2022 Fabric [&hellip;]<\/p>\n","protected":false},"featured_media":3953,"template":"","meta":[],"product_brand":[],"product_cat":[19,30,31],"product_tag":[],"class_list":{"0":"post-3514","1":"product","2":"type-product","3":"status-publish","4":"has-post-thumbnail","6":"product_cat-accessories","7":"product_cat-clarens","8":"product_cat-vaud","10":"first","11":"outofstock","12":"shipping-taxable","13":"purchasable","14":"product-type-variable"},"yoast_head":"<!-- This site is optimized with the Yoast SEO plugin v27.3 - https:\/\/yoast.com\/product\/yoast-seo-wordpress\/ -->\n<title>FC Clarens - Fanny Pack (Banane) - Fcshirt.com<\/title>\n<meta name=\"robots\" content=\"index, follow, max-snippet:-1, max-image-preview:large, max-video-preview:-1\" \/>\n<link rel=\"canonical\" href=\"https:\/\/fcshirt.com\/de\/produkt\/bauchtasche\/\" \/>\n<meta property=\"og:locale\" content=\"de_DE\" \/>\n<meta property=\"og:type\" content=\"article\" \/>\n<meta property=\"og:title\" content=\"FC Clarens - Fanny Pack (Banane) - Fcshirt.com\" \/>\n<meta property=\"og:description\" content=\"Fanny pack is the ultimate accessory for people on the go. And this waist bag has everything\u2014the right size, a small inside pocket, and adjustable straps\u2014to become your favorite fashion item if you&#8217;re going to a festival, getting ready for a vacation, or just like to keep your hands free. \u2022 100% polyester \u2022 Fabric [&hellip;]\" \/>\n<meta property=\"og:url\" content=\"https:\/\/fcshirt.com\/de\/produkt\/bauchtasche\/\" \/>\n<meta property=\"og:site_name\" content=\"Fcshirt.com\" \/>\n<meta property=\"article:modified_time\" content=\"2026-04-09T11:18:56+00:00\" \/>\n<meta property=\"og:image\" content=\"https:\/\/fcshirt.com\/wp-content\/uploads\/2026\/02\/all-over-print-fanny-pack-white-front-698b7ad15a06d.jpg\" \/>\n\t<meta property=\"og:image:width\" content=\"2000\" \/>\n\t<meta property=\"og:image:height\" content=\"2000\" \/>\n\t<meta property=\"og:image:type\" content=\"image\/jpeg\" \/>\n<meta name=\"twitter:card\" content=\"summary_large_image\" \/>\n<meta name=\"twitter:label1\" content=\"Gesch\u00e4tzte Lesezeit\" \/>\n\t<meta name=\"twitter:data1\" content=\"1\u00a0Minute\" \/>\n<script type=\"application\/ld+json\" class=\"yoast-schema-graph\">{\"@context\":\"https:\\\/\\\/schema.org\",\"@graph\":[{\"@type\":\"WebPage\",\"@id\":\"https:\\\/\\\/fcshirt.com\\\/product\\\/fanny-pack-banane\\\/\",\"url\":\"https:\\\/\\\/fcshirt.com\\\/product\\\/fanny-pack-banane\\\/\",\"name\":\"FC Clarens - Fanny Pack (Banane) - Fcshirt.com\",\"isPartOf\":{\"@id\":\"https:\\\/\\\/fcshirt.com\\\/#website\"},\"primaryImageOfPage\":{\"@id\":\"https:\\\/\\\/fcshirt.com\\\/product\\\/fanny-pack-banane\\\/#primaryimage\"},\"image\":{\"@id\":\"https:\\\/\\\/fcshirt.com\\\/product\\\/fanny-pack-banane\\\/#primaryimage\"},\"thumbnailUrl\":\"https:\\\/\\\/fcshirt.com\\\/wp-content\\\/uploads\\\/2026\\\/02\\\/all-over-print-fanny-pack-white-front-698b7ad15a06d.jpg\",\"datePublished\":\"2026-02-06T17:35:31+00:00\",\"dateModified\":\"2026-04-09T11:18:56+00:00\",\"breadcrumb\":{\"@id\":\"https:\\\/\\\/fcshirt.com\\\/product\\\/fanny-pack-banane\\\/#breadcrumb\"},\"inLanguage\":\"de-CH\",\"potentialAction\":[{\"@type\":\"ReadAction\",\"target\":[\"https:\\\/\\\/fcshirt.com\\\/product\\\/fanny-pack-banane\\\/\"]}]},{\"@type\":\"ImageObject\",\"inLanguage\":\"de-CH\",\"@id\":\"https:\\\/\\\/fcshirt.com\\\/product\\\/fanny-pack-banane\\\/#primaryimage\",\"url\":\"https:\\\/\\\/fcshirt.com\\\/wp-content\\\/uploads\\\/2026\\\/02\\\/all-over-print-fanny-pack-white-front-698b7ad15a06d.jpg\",\"contentUrl\":\"https:\\\/\\\/fcshirt.com\\\/wp-content\\\/uploads\\\/2026\\\/02\\\/all-over-print-fanny-pack-white-front-698b7ad15a06d.jpg\",\"width\":2000,\"height\":2000,\"caption\":\"banane sacoche montreux vevey clarens\"},{\"@type\":\"BreadcrumbList\",\"@id\":\"https:\\\/\\\/fcshirt.com\\\/product\\\/fanny-pack-banane\\\/#breadcrumb\",\"itemListElement\":[{\"@type\":\"ListItem\",\"position\":1,\"name\":\"Home\",\"item\":\"https:\\\/\\\/fcshirt.com\\\/\"},{\"@type\":\"ListItem\",\"position\":2,\"name\":\"Products\",\"item\":\"https:\\\/\\\/fcshirt.com\\\/products\\\/\"},{\"@type\":\"ListItem\",\"position\":3,\"name\":\"FC Clarens &#8211; Fanny Pack (Banane)\"}]},{\"@type\":\"WebSite\",\"@id\":\"https:\\\/\\\/fcshirt.com\\\/#website\",\"url\":\"https:\\\/\\\/fcshirt.com\\\/\",\"name\":\"Fcshirt.com - Sports and mode apparel for Switzerland\",\"description\":\"Football and sports apparel of Swiss cities and cantons\",\"publisher\":{\"@id\":\"https:\\\/\\\/fcshirt.com\\\/#organization\"},\"potentialAction\":[{\"@type\":\"SearchAction\",\"target\":{\"@type\":\"EntryPoint\",\"urlTemplate\":\"https:\\\/\\\/fcshirt.com\\\/?s={search_term_string}\"},\"query-input\":{\"@type\":\"PropertyValueSpecification\",\"valueRequired\":true,\"valueName\":\"search_term_string\"}}],\"inLanguage\":\"de-CH\"},{\"@type\":\"Organization\",\"@id\":\"https:\\\/\\\/fcshirt.com\\\/#organization\",\"name\":\"Fcshirt\",\"url\":\"https:\\\/\\\/fcshirt.com\\\/\",\"logo\":{\"@type\":\"ImageObject\",\"inLanguage\":\"de-CH\",\"@id\":\"https:\\\/\\\/fcshirt.com\\\/#\\\/schema\\\/logo\\\/image\\\/\",\"url\":\"https:\\\/\\\/fcshirt.com\\\/wp-content\\\/uploads\\\/2026\\\/02\\\/1.png\",\"contentUrl\":\"https:\\\/\\\/fcshirt.com\\\/wp-content\\\/uploads\\\/2026\\\/02\\\/1.png\",\"width\":2000,\"height\":2000,\"caption\":\"Fcshirt\"},\"image\":{\"@id\":\"https:\\\/\\\/fcshirt.com\\\/#\\\/schema\\\/logo\\\/image\\\/\"},\"sameAs\":[\"https:\\\/\\\/www.instagram.com\\\/fcshirt.com1\"]}]}<\/script>\n<!-- \/ Yoast SEO plugin. -->","yoast_head_json":{"title":"FC Clarens - Fanny Pack (Banane) - Fcshirt.com","robots":{"index":"index","follow":"follow","max-snippet":"max-snippet:-1","max-image-preview":"max-image-preview:large","max-video-preview":"max-video-preview:-1"},"canonical":"https:\/\/fcshirt.com\/de\/produkt\/bauchtasche\/","og_locale":"de_DE","og_type":"article","og_title":"FC Clarens - Fanny Pack (Banane) - Fcshirt.com","og_description":"Fanny pack is the ultimate accessory for people on the go. And this waist bag has everything\u2014the right size, a small inside pocket, and adjustable straps\u2014to become your favorite fashion item if you&#8217;re going to a festival, getting ready for a vacation, or just like to keep your hands free. \u2022 100% polyester \u2022 Fabric [&hellip;]","og_url":"https:\/\/fcshirt.com\/de\/produkt\/bauchtasche\/","og_site_name":"Fcshirt.com","article_modified_time":"2026-04-09T11:18:56+00:00","og_image":[{"width":2000,"height":2000,"url":"https:\/\/fcshirt.com\/wp-content\/uploads\/2026\/02\/all-over-print-fanny-pack-white-front-698b7ad15a06d.jpg","type":"image\/jpeg"}],"twitter_card":"summary_large_image","twitter_misc":{"Gesch\u00e4tzte Lesezeit":"1\u00a0Minute"},"schema":{"@context":"https:\/\/schema.org","@graph":[{"@type":"WebPage","@id":"https:\/\/fcshirt.com\/product\/fanny-pack-banane\/","url":"https:\/\/fcshirt.com\/product\/fanny-pack-banane\/","name":"FC Clarens - Fanny Pack (Banane) - Fcshirt.com","isPartOf":{"@id":"https:\/\/fcshirt.com\/#website"},"primaryImageOfPage":{"@id":"https:\/\/fcshirt.com\/product\/fanny-pack-banane\/#primaryimage"},"image":{"@id":"https:\/\/fcshirt.com\/product\/fanny-pack-banane\/#primaryimage"},"thumbnailUrl":"https:\/\/fcshirt.com\/wp-content\/uploads\/2026\/02\/all-over-print-fanny-pack-white-front-698b7ad15a06d.jpg","datePublished":"2026-02-06T17:35:31+00:00","dateModified":"2026-04-09T11:18:56+00:00","breadcrumb":{"@id":"https:\/\/fcshirt.com\/product\/fanny-pack-banane\/#breadcrumb"},"inLanguage":"de-CH","potentialAction":[{"@type":"ReadAction","target":["https:\/\/fcshirt.com\/product\/fanny-pack-banane\/"]}]},{"@type":"ImageObject","inLanguage":"de-CH","@id":"https:\/\/fcshirt.com\/product\/fanny-pack-banane\/#primaryimage","url":"https:\/\/fcshirt.com\/wp-content\/uploads\/2026\/02\/all-over-print-fanny-pack-white-front-698b7ad15a06d.jpg","contentUrl":"https:\/\/fcshirt.com\/wp-content\/uploads\/2026\/02\/all-over-print-fanny-pack-white-front-698b7ad15a06d.jpg","width":2000,"height":2000,"caption":"banane sacoche montreux vevey clarens"},{"@type":"BreadcrumbList","@id":"https:\/\/fcshirt.com\/product\/fanny-pack-banane\/#breadcrumb","itemListElement":[{"@type":"ListItem","position":1,"name":"Home","item":"https:\/\/fcshirt.com\/"},{"@type":"ListItem","position":2,"name":"Products","item":"https:\/\/fcshirt.com\/products\/"},{"@type":"ListItem","position":3,"name":"FC Clarens &#8211; Fanny Pack (Banane)"}]},{"@type":"WebSite","@id":"https:\/\/fcshirt.com\/#website","url":"https:\/\/fcshirt.com\/","name":"Fcshirt.com - Sport- und Modebekleidung f\u00fcr die Schweiz","description":"Fu\u00dfball und Sportbekleidung Schweizer St\u00e4dte und Kantone","publisher":{"@id":"https:\/\/fcshirt.com\/#organization"},"potentialAction":[{"@type":"SearchAction","target":{"@type":"EntryPoint","urlTemplate":"https:\/\/fcshirt.com\/?s={search_term_string}"},"query-input":{"@type":"PropertyValueSpecification","valueRequired":true,"valueName":"search_term_string"}}],"inLanguage":"de-CH"},{"@type":"Organization","@id":"https:\/\/fcshirt.com\/#organization","name":"Fcshirt","url":"https:\/\/fcshirt.com\/","logo":{"@type":"ImageObject","inLanguage":"de-CH","@id":"https:\/\/fcshirt.com\/#\/schema\/logo\/image\/","url":"https:\/\/fcshirt.com\/wp-content\/uploads\/2026\/02\/1.png","contentUrl":"https:\/\/fcshirt.com\/wp-content\/uploads\/2026\/02\/1.png","width":2000,"height":2000,"caption":"Fcshirt"},"image":{"@id":"https:\/\/fcshirt.com\/#\/schema\/logo\/image\/"},"sameAs":["https:\/\/www.instagram.com\/fcshirt.com1"]}]}},"jetpack_sharing_enabled":true,"_links":{"self":[{"href":"https:\/\/fcshirt.com\/de\/wp-json\/wp\/v2\/product\/3514","targetHints":{"allow":["GET"]}}],"collection":[{"href":"https:\/\/fcshirt.com\/de\/wp-json\/wp\/v2\/product"}],"about":[{"href":"https:\/\/fcshirt.com\/de\/wp-json\/wp\/v2\/types\/product"}],"wp:featuredmedia":[{"embeddable":true,"href":"https:\/\/fcshirt.com\/de\/wp-json\/wp\/v2\/media\/3953"}],"wp:attachment":[{"href":"https:\/\/fcshirt.com\/de\/wp-json\/wp\/v2\/media?parent=3514"}],"wp:term":[{"taxonomy":"product_brand","embeddable":true,"href":"https:\/\/fcshirt.com\/de\/wp-json\/wp\/v2\/product_brand?post=3514"},{"taxonomy":"product_cat","embeddable":true,"href":"https:\/\/fcshirt.com\/de\/wp-json\/wp\/v2\/product_cat?post=3514"},{"taxonomy":"product_tag","embeddable":true,"href":"https:\/\/fcshirt.com\/de\/wp-json\/wp\/v2\/product_tag?post=3514"}],"curies":[{"name":"wp","href":"https:\/\/api.w.org\/{rel}","templated":true}]}}