{"id":3416,"date":"2026-02-10T17:52:19","date_gmt":"2026-02-10T17:52:19","guid":{"rendered":"https:\/\/fcshirt.com\/?page_id=3416"},"modified":"2026-02-10T17:52:19","modified_gmt":"2026-02-10T17:52:19","slug":"ruckerstattungen-ruckgaben","status":"publish","type":"page","link":"https:\/\/fcshirt.com\/de\/refund_returns\/","title":{"rendered":"R\u00fcckgabe- und R\u00fcckerstattungsrichtlinie"},"content":{"rendered":"<p><strong>Zuletzt aktualisiert:<\/strong> Februar 2026<\/p>\n\n\n\n<h3 class=\"wp-block-heading\">\u00dcberblick<\/h3>\n\n\n\n<p>Wir bieten R\u00fcckerstattungen oder Ersatz an <strong>Nur f\u00fcr defekte, besch\u00e4digte oder falsche Artikel<\/strong>. Da unsere Produkte auf Bestellung gefertigt werden, akzeptieren wir keine R\u00fcckgaben oder Umtausch aus Gr\u00fcnden wie falscher Gr\u00f6\u00dfe, Farbpr\u00e4ferenz oder Meinungs\u00e4nderung.<\/p>\n\n\n\n<p>Antr\u00e4ge m\u00fcssen eingereicht werden innerhalb <strong>30 Tage Lieferung<\/strong>. Antr\u00e4ge, die nach diesem Zeitraum gestellt werden, k\u00f6nnen nicht genehmigt werden.<\/p>\n\n\n\n<h3 class=\"wp-block-heading\">Anspruch auf R\u00fcckerstattungen oder Ersatzlieferungen<\/h3>\n\n\n\n<p>Um teilnahmeberechtigt zu sein, muss der Artikel:<\/p>\n\n\n\n<ul class=\"wp-block-list\">\n<li>Defekt, besch\u00e4digt oder fehlerhaft bedruckt<\/li>\n\n\n\n<li>Anders als bestellt<\/li>\n<\/ul>\n\n\n\n<p>Artikel m\u00fcssen unbenutzt und im Originalzustand sein.<\/p>\n\n\n\n<p>Wir tun <strong>nicht<\/strong> R\u00fcckgaben oder R\u00fcckerstattungen f\u00fcr: akzeptieren<\/p>\n\n\n\n<ul class=\"wp-block-list\">\n<li>Falsche Gr\u00f6\u00dfe vom Kunden bestellt<\/li>\n\n\n\n<li>K\u00e4uferreue oder Pr\u00e4ferenz\u00e4nderungen<\/li>\n\n\n\n<li>Normale Abnutzung<\/li>\n\n\n\n<li>Artikel, die mehr als 30 Tage nach Lieferung zur\u00fcckgesendet werden<\/li>\n<\/ul>\n\n\n\n<h3 class=\"wp-block-heading\">Kaufnachweis<\/h3>\n\n\n\n<p>Um Ihre Anfrage bearbeiten zu k\u00f6nnen, ben\u00f6tigen wir einen Kassenbon oder Kaufnachweis und gegebenenfalls klare Fotos, die das Problem zeigen.<\/p>\n\n\n\n<p>Bitte senden Sie Ihren Kauf nicht zur\u00fcck, es sei denn, wir haben Ihre R\u00fccksende- oder Ersatzanfrage best\u00e4tigt.<\/p>\n\n\n\n<h3 class=\"wp-block-heading\">R\u00fcckerstattungen<\/h3>\n\n\n\n<p>Sobald Ihre Anfrage gepr\u00fcft und genehmigt wurde, werden wir Sie per E-Mail benachrichtigen.<\/p>\n\n\n\n<p>Wenn eine R\u00fcckerstattung genehmigt wird, wird diese innerhalb einer bestimmten Anzahl von Werktagen, abh\u00e4ngig von Ihrem Zahlungsanbieter, an Ihre urspr\u00fcngliche Zahlungsmethode zur\u00fcckerstattet.<\/p>\n\n\n\n<h3 class=\"wp-block-heading\">Versp\u00e4tete oder fehlende R\u00fcckerstattungen<\/h3>\n\n\n\n<p>Falls Sie Ihre R\u00fcckerstattung noch nicht erhalten haben:<\/p>\n\n\n\n<ol class=\"wp-block-list\">\n<li>\u00dcberpr\u00fcfen Sie Ihr Bankkonto noch einmal<\/li>\n\n\n\n<li>Kontaktieren Sie Ihr Kreditkartenunternehmen \u2013 die Bearbeitungszeiten k\u00f6nnen variieren<\/li>\n\n\n\n<li>Kontaktieren Sie Ihre Bank \u2013 R\u00fcckerstattungen k\u00f6nnen zus\u00e4tzliche Zeit zur Buchung ben\u00f6tigen<\/li>\n<\/ol>\n\n\n\n<p>Wenn Sie all dies getan haben und Ihre R\u00fcckerstattung immer noch nicht erhalten haben, kontaktieren Sie uns bitte \u00fcber das Kontaktformular auf dieser Website.<\/p>\n\n\n\n<h3 class=\"wp-block-heading\">Angebotsartikel<\/h3>\n\n\n\n<p>Artikel, die im Angebot oder zu einem reduzierten Preis gekauft wurden, sind <strong>nicht erstattungsf\u00e4hig<\/strong>, au\u00dfer im Falle von M\u00e4ngeln oder Fehlern.<\/p>\n\n\n\n<h3 class=\"wp-block-heading\">B\u00f6rsen<\/h3>\n\n\n\n<p>Wir ersetzen Artikel nur, wenn sie defekt, besch\u00e4digt oder falsch sind. Wenn Sie einen Ersatz f\u00fcr denselben Artikel ben\u00f6tigen, kontaktieren Sie uns bitte mit Ihrer Bestellnummer und Fotos des Problems.<\/p>\n\n\n\n<h3 class=\"wp-block-heading\">Versandkosten<\/h3>\n\n\n\n<p>Die R\u00fccksendekosten, falls zutreffend, sind vom Kunden zu tragen und nicht erstattungsf\u00e4hig.<\/p>\n\n\n\n<p>Sollte ein Ersatz aufgrund unseres Fehlers genehmigt werden, wird der Ersatz ohne zus\u00e4tzliche Kosten versendet.<\/p>\n\n\n\n<h3 class=\"wp-block-heading\">Geschenke<\/h3>\n\n\n\n<p>Wenn der Artikel als Geschenk gekennzeichnet war, wird eine genehmigte R\u00fcckerstattung je nach Situation als Gutschrift oder an den urspr\u00fcnglichen K\u00e4ufer zur\u00fcckerstattet.<\/p>\n\n\n\n<h3 class=\"wp-block-heading\">Brauchen Sie Hilfe?<\/h3>\n\n\n\n<p>Wenn Sie Fragen zu R\u00fcckerstattungen, R\u00fccksendungen oder Ersatzlieferungen haben, kontaktieren Sie uns bitte \u00fcber das auf dieser Website verf\u00fcgbare Kontaktformular.<\/p>","protected":false},"excerpt":{"rendered":"<p>Last updated: February 2026 Overview We offer refunds or replacements only for defective, damaged, or incorrect items. Because our products are made to order, we do not accept returns or exchanges for reasons such as wrong size, color preference, or change of mind. Requests must be submitted within 30 days of delivery. Requests made after [&hellip;]<\/p>\n","protected":false},"author":1,"featured_media":0,"parent":0,"menu_order":0,"comment_status":"closed","ping_status":"closed","template":"","meta":{"footnotes":""},"class_list":["post-3416","page","type-page","status-publish","hentry"],"blocksy_meta":[],"yoast_head":"<!-- This site is optimized with the Yoast SEO plugin v27.3 - https:\/\/yoast.com\/product\/yoast-seo-wordpress\/ -->\n<title>Refund and Returns Policy - Fcshirt.com<\/title>\n<meta name=\"robots\" content=\"index, follow, max-snippet:-1, max-image-preview:large, max-video-preview:-1\" \/>\n<link rel=\"canonical\" href=\"https:\/\/fcshirt.com\/de\/ruckerstattungen-ruckgaben\/\" \/>\n<meta property=\"og:locale\" content=\"de_DE\" \/>\n<meta property=\"og:type\" content=\"article\" \/>\n<meta property=\"og:title\" content=\"Refund and Returns Policy - Fcshirt.com\" \/>\n<meta property=\"og:description\" content=\"Last updated: February 2026 Overview We offer refunds or replacements only for defective, damaged, or incorrect items. Because our products are made to order, we do not accept returns or exchanges for reasons such as wrong size, color preference, or change of mind. Requests must be submitted within 30 days of delivery. Requests made after [&hellip;]\" \/>\n<meta property=\"og:url\" content=\"https:\/\/fcshirt.com\/de\/ruckerstattungen-ruckgaben\/\" \/>\n<meta property=\"og:site_name\" content=\"Fcshirt.com\" \/>\n<meta name=\"twitter:card\" content=\"summary_large_image\" \/>\n<meta name=\"twitter:label1\" content=\"Gesch\u00e4tzte Lesezeit\" \/>\n\t<meta name=\"twitter:data1\" content=\"2\u00a0Minuten\" \/>\n<script type=\"application\/ld+json\" class=\"yoast-schema-graph\">{\"@context\":\"https:\\\/\\\/schema.org\",\"@graph\":[{\"@type\":\"WebPage\",\"@id\":\"https:\\\/\\\/fcshirt.com\\\/refund_returns\\\/\",\"url\":\"https:\\\/\\\/fcshirt.com\\\/refund_returns\\\/\",\"name\":\"Refund and Returns Policy - Fcshirt.com\",\"isPartOf\":{\"@id\":\"https:\\\/\\\/fcshirt.com\\\/#website\"},\"datePublished\":\"2026-02-10T17:52:19+00:00\",\"breadcrumb\":{\"@id\":\"https:\\\/\\\/fcshirt.com\\\/refund_returns\\\/#breadcrumb\"},\"inLanguage\":\"de-CH\",\"potentialAction\":[{\"@type\":\"ReadAction\",\"target\":[\"https:\\\/\\\/fcshirt.com\\\/refund_returns\\\/\"]}]},{\"@type\":\"BreadcrumbList\",\"@id\":\"https:\\\/\\\/fcshirt.com\\\/refund_returns\\\/#breadcrumb\",\"itemListElement\":[{\"@type\":\"ListItem\",\"position\":1,\"name\":\"Home\",\"item\":\"https:\\\/\\\/fcshirt.com\\\/\"},{\"@type\":\"ListItem\",\"position\":2,\"name\":\"Refund and Returns Policy\"}]},{\"@type\":\"WebSite\",\"@id\":\"https:\\\/\\\/fcshirt.com\\\/#website\",\"url\":\"https:\\\/\\\/fcshirt.com\\\/\",\"name\":\"Fcshirt.com - Sports and mode apparel for Switzerland\",\"description\":\"Football and sports apparel of Swiss cities and cantons\",\"publisher\":{\"@id\":\"https:\\\/\\\/fcshirt.com\\\/#organization\"},\"potentialAction\":[{\"@type\":\"SearchAction\",\"target\":{\"@type\":\"EntryPoint\",\"urlTemplate\":\"https:\\\/\\\/fcshirt.com\\\/?s={search_term_string}\"},\"query-input\":{\"@type\":\"PropertyValueSpecification\",\"valueRequired\":true,\"valueName\":\"search_term_string\"}}],\"inLanguage\":\"de-CH\"},{\"@type\":\"Organization\",\"@id\":\"https:\\\/\\\/fcshirt.com\\\/#organization\",\"name\":\"Fcshirt\",\"url\":\"https:\\\/\\\/fcshirt.com\\\/\",\"logo\":{\"@type\":\"ImageObject\",\"inLanguage\":\"de-CH\",\"@id\":\"https:\\\/\\\/fcshirt.com\\\/#\\\/schema\\\/logo\\\/image\\\/\",\"url\":\"https:\\\/\\\/fcshirt.com\\\/wp-content\\\/uploads\\\/2026\\\/02\\\/1.png\",\"contentUrl\":\"https:\\\/\\\/fcshirt.com\\\/wp-content\\\/uploads\\\/2026\\\/02\\\/1.png\",\"width\":2000,\"height\":2000,\"caption\":\"Fcshirt\"},\"image\":{\"@id\":\"https:\\\/\\\/fcshirt.com\\\/#\\\/schema\\\/logo\\\/image\\\/\"},\"sameAs\":[\"https:\\\/\\\/www.instagram.com\\\/fcshirt.com1\"]}]}<\/script>\n<!-- \/ Yoast SEO plugin. -->","yoast_head_json":{"title":"Refund and Returns Policy - Fcshirt.com","robots":{"index":"index","follow":"follow","max-snippet":"max-snippet:-1","max-image-preview":"max-image-preview:large","max-video-preview":"max-video-preview:-1"},"canonical":"https:\/\/fcshirt.com\/de\/ruckerstattungen-ruckgaben\/","og_locale":"de_DE","og_type":"article","og_title":"Refund and Returns Policy - Fcshirt.com","og_description":"Last updated: February 2026 Overview We offer refunds or replacements only for defective, damaged, or incorrect items. Because our products are made to order, we do not accept returns or exchanges for reasons such as wrong size, color preference, or change of mind. Requests must be submitted within 30 days of delivery. Requests made after [&hellip;]","og_url":"https:\/\/fcshirt.com\/de\/ruckerstattungen-ruckgaben\/","og_site_name":"Fcshirt.com","twitter_card":"summary_large_image","twitter_misc":{"Gesch\u00e4tzte Lesezeit":"2\u00a0Minuten"},"schema":{"@context":"https:\/\/schema.org","@graph":[{"@type":"WebPage","@id":"https:\/\/fcshirt.com\/refund_returns\/","url":"https:\/\/fcshirt.com\/refund_returns\/","name":"Refund and Returns Policy - Fcshirt.com","isPartOf":{"@id":"https:\/\/fcshirt.com\/#website"},"datePublished":"2026-02-10T17:52:19+00:00","breadcrumb":{"@id":"https:\/\/fcshirt.com\/refund_returns\/#breadcrumb"},"inLanguage":"de-CH","potentialAction":[{"@type":"ReadAction","target":["https:\/\/fcshirt.com\/refund_returns\/"]}]},{"@type":"BreadcrumbList","@id":"https:\/\/fcshirt.com\/refund_returns\/#breadcrumb","itemListElement":[{"@type":"ListItem","position":1,"name":"Home","item":"https:\/\/fcshirt.com\/"},{"@type":"ListItem","position":2,"name":"Refund and Returns Policy"}]},{"@type":"WebSite","@id":"https:\/\/fcshirt.com\/#website","url":"https:\/\/fcshirt.com\/","name":"Fcshirt.com - Sport- und Modebekleidung f\u00fcr die Schweiz","description":"Fu\u00dfball und Sportbekleidung Schweizer St\u00e4dte und Kantone","publisher":{"@id":"https:\/\/fcshirt.com\/#organization"},"potentialAction":[{"@type":"SearchAction","target":{"@type":"EntryPoint","urlTemplate":"https:\/\/fcshirt.com\/?s={search_term_string}"},"query-input":{"@type":"PropertyValueSpecification","valueRequired":true,"valueName":"search_term_string"}}],"inLanguage":"de-CH"},{"@type":"Organization","@id":"https:\/\/fcshirt.com\/#organization","name":"Fcshirt","url":"https:\/\/fcshirt.com\/","logo":{"@type":"ImageObject","inLanguage":"de-CH","@id":"https:\/\/fcshirt.com\/#\/schema\/logo\/image\/","url":"https:\/\/fcshirt.com\/wp-content\/uploads\/2026\/02\/1.png","contentUrl":"https:\/\/fcshirt.com\/wp-content\/uploads\/2026\/02\/1.png","width":2000,"height":2000,"caption":"Fcshirt"},"image":{"@id":"https:\/\/fcshirt.com\/#\/schema\/logo\/image\/"},"sameAs":["https:\/\/www.instagram.com\/fcshirt.com1"]}]}},"jetpack_sharing_enabled":true,"_links":{"self":[{"href":"https:\/\/fcshirt.com\/de\/wp-json\/wp\/v2\/pages\/3416","targetHints":{"allow":["GET"]}}],"collection":[{"href":"https:\/\/fcshirt.com\/de\/wp-json\/wp\/v2\/pages"}],"about":[{"href":"https:\/\/fcshirt.com\/de\/wp-json\/wp\/v2\/types\/page"}],"author":[{"embeddable":true,"href":"https:\/\/fcshirt.com\/de\/wp-json\/wp\/v2\/users\/1"}],"replies":[{"embeddable":true,"href":"https:\/\/fcshirt.com\/de\/wp-json\/wp\/v2\/comments?post=3416"}],"version-history":[{"count":1,"href":"https:\/\/fcshirt.com\/de\/wp-json\/wp\/v2\/pages\/3416\/revisions"}],"predecessor-version":[{"id":3905,"href":"https:\/\/fcshirt.com\/de\/wp-json\/wp\/v2\/pages\/3416\/revisions\/3905"}],"wp:attachment":[{"href":"https:\/\/fcshirt.com\/de\/wp-json\/wp\/v2\/media?parent=3416"}],"curies":[{"name":"wp","href":"https:\/\/api.w.org\/{rel}","templated":true}]}}