{"id":3,"date":"2026-02-05T16:09:57","date_gmt":"2026-02-05T16:09:57","guid":{"rendered":"https:\/\/fcshirt.com\/?page_id=3"},"modified":"2026-02-10T17:49:36","modified_gmt":"2026-02-10T17:49:36","slug":"datenschutzrichtlinie","status":"publish","type":"page","link":"https:\/\/fcshirt.com\/de\/privacy-policy\/","title":{"rendered":"Datenschutzrichtlinie"},"content":{"rendered":"<p><strong>Zuletzt aktualisiert:<\/strong> Februar 2026<\/p>\n\n\n\n<h2 class=\"wp-block-heading\">Wer wir sind<\/h2>\n\n\n\n<p><strong class=\"privacy-policy-tutorial\">Vorgeschlagener Text: <\/strong>Unsere Website-Adresse lautet: https:\/\/fcshirt.com.<\/p>\n\n\n\n<h2 class=\"wp-block-heading\">Kommentare<\/h2>\n\n\n\n<p>Wenn Besucher Kommentare auf der Website hinterlassen, erfassen wir die Daten, die im Kommentarformular angezeigt werden, sowie die IP-Adresse des Besuchers und die Browser-User-Agent-Zeichenfolge, um die Spam-Erkennung zu unterst\u00fctzen.<\/p>\n\n\n\n<p>Eine anonymisierte Zeichenkette (auch Hash genannt), die aus Ihrer E-Mail-Adresse erstellt wurde, kann dem Gravatar-Dienst zur Verf\u00fcgung gestellt werden, um festzustellen, ob Sie diesen nutzen. Die Datenschutzrichtlinien des Gravatar-Dienstes finden Sie unter <a href=\"https:\/\/automattic.com\/privacy\/\">https:\/\/automattic.com\/privacy\/<\/a>. Nach der Genehmigung deines Kommentars ist dein Profilbild im Kontext deines Kommentars \u00f6ffentlich sichtbar.<\/p>\n\n\n\n<h2 class=\"wp-block-heading\">Medien<\/h2>\n\n\n\n<p>Wenn Sie Bilder auf die Website hochladen, sollten Sie Bilder mit eingebetteten Standortdaten (EXIF-GPS) vermeiden. Besucher der Website k\u00f6nnen Standortdaten aus Bildern, die auf der Website verf\u00fcgbar sind, herunterladen und extrahieren.<\/p>\n\n\n\n<h2 class=\"wp-block-heading\">Kekse<\/h2>\n\n\n\n<p>Wenn Sie einen Kommentar auf unserer Website hinterlassen, k\u00f6nnen Sie sich daf\u00fcr entscheiden, Ihren Namen, Ihre E-Mail-Adresse und Ihre Website in Cookies zu speichern. Diese Cookies sind f\u00fcr Ihre Bequemlichkeit, damit Sie Ihre Daten nicht erneut eingeben m\u00fcssen, wenn Sie einen weiteren Kommentar hinterlassen. Sie sind ein Jahr lang g\u00fcltig.<\/p>\n\n\n\n<p>Wenn Sie unsere Anmeldeseite besuchen, wird ein tempor\u00e4rer Cookie gesetzt, um festzustellen, ob Ihr Browser Cookies akzeptiert. Dieser Cookie enth\u00e4lt keine pers\u00f6nlichen Daten und wird beim Schlie\u00dfen Ihres Browsers gel\u00f6scht.<\/p>\n\n\n\n<p>Wenn Sie sich anmelden, werden Cookies gesetzt, um Ihre Anmeldeinformationen und Anzeigepr\u00e4ferenzen zu speichern. Anmelde-Cookies sind zwei Tage g\u00fcltig, und Cookies f\u00fcr Bildschirmoptionen sind ein Jahr g\u00fcltig. Wenn Sie \u201cAngemeldet bleiben\u201d ausw\u00e4hlen, bleibt Ihre Anmeldung zwei Wochen lang bestehen. Die Abmeldung entfernt die Anmelde-Cookies.<\/p>\n\n\n\n<p>Wenn Sie Inhalte bearbeiten oder ver\u00f6ffentlichen, kann ein zus\u00e4tzlicher Cookie in Ihrem Browser gespeichert werden. Dieser Cookie enth\u00e4lt keine pers\u00f6nlichen Daten und l\u00e4uft nach einem Tag ab.<\/p>\n\n\n\n<h2 class=\"wp-block-heading\">Eingebettete Inhalte von anderen Webseiten<\/h2>\n\n\n\n<p>Artikel auf dieser Website k\u00f6nnen eingebettete Inhalte (wie Videos, Bilder oder Artikel) enthalten. Eingebettete Inhalte von anderen Websites verhalten sich genauso, als ob Sie die andere Website direkt besucht h\u00e4tten.<\/p>\n\n\n\n<p>Diese Websites k\u00f6nnen Daten \u00fcber Sie sammeln, Cookies verwenden, Tracking durch Dritte einbetten und Ihre Interaktion mit eingebetteten Inhalten \u00fcberwachen, insbesondere wenn Sie auf dieser Website angemeldet sind.<\/p>\n\n\n\n<h2 class=\"wp-block-heading\">Mit wem wir Ihre Daten teilen<\/h2>\n\n\n\n<p>Wir verwenden personenbezogene Daten nur, soweit dies f\u00fcr den Betrieb der Website, die Beantwortung von Anfragen, die Abwicklung von Bestellungen und die Bereitstellung von Kundensupport erforderlich ist. Im Rahmen des normalen Gesch\u00e4ftsbetriebs k\u00f6nnen begrenzte personenbezogene Daten an Dritte weitergegeben werden, die an der Zahlungsabwicklung, der Auftragsabwicklung und der Lieferung beteiligt sind.<\/p>\n\n\n\n<h2 class=\"wp-block-heading\">Wie lange wir Ihre Daten speichern<\/h2>\n\n\n\n<p><strong class=\"privacy-policy-tutorial\">Vorgeschlagener Text: <\/strong>Wenn Sie einen Kommentar hinterlassen, werden der Kommentar und seine Metadaten unbegrenzt gespeichert. So k\u00f6nnen wir nachfolgende Kommentare automatisch erkennen und genehmigen, anstatt sie in einer Moderationswarteschlange zu halten.<\/p>\n\n\n\n<p>F\u00fcr Benutzer, die sich (falls vorhanden) auf unserer Website registrieren, speichern wir auch die pers\u00f6nlichen Informationen, die sie in ihrem Benutzerprofil angeben. Alle Benutzer k\u00f6nnen ihre pers\u00f6nlichen Informationen jederzeit einsehen, bearbeiten oder l\u00f6schen (au\u00dfer sie k\u00f6nnen ihren Benutzernamen nicht \u00e4ndern). Website-Administratoren k\u00f6nnen diese Informationen ebenfalls einsehen und bearbeiten.<\/p>\n\n\n\n<h3 class=\"wp-block-heading\">Werbung und Analytik<\/h3>\n\n\n\n<p>Wir k\u00f6nnen Werbedienste wie Google Ads nutzen. Diese Dienste k\u00f6nnen Cookies oder \u00e4hnliche Technologien verwenden, um Anzeigen basierend auf Ihren Besuchen auf dieser und anderen Websites zu schalten. Weitere Informationen dar\u00fcber, wie Google Daten verwendet, finden Sie unter <a href=\"https:\/\/policies.google.com\/privacy\">https:\/\/policies.google.com\/privacy<\/a> und Anzeigenpr\u00e4ferenzen verwalten unter <a href=\"https:\/\/adssettings.google.com\">https:\/\/adssettings.google.com<\/a><\/p>\n\n\n\n<h3 class=\"wp-block-heading\">Wie lange wir Ihre Daten speichern<\/h3>\n\n\n\n<p>Wenn Sie einen Kommentar hinterlassen, werden der Kommentar und seine Metadaten unbefristet gespeichert, um Folgekommentare automatisch zu erkennen und zu genehmigen.<\/p>\n\n\n\n<p>F\u00fcr Nutzer, die sich auf der Website registrieren (falls vorhanden), speichern wir die im Nutzerprofil angegebenen pers\u00f6nlichen Informationen. Nutzer k\u00f6nnen ihre pers\u00f6nlichen Informationen jederzeit einsehen, bearbeiten oder l\u00f6schen, mit Ausnahme ihres Benutzernamens. Website-Administratoren k\u00f6nnen diese Informationen ebenfalls einsehen und bearbeiten.<\/p>\n\n\n\n<p>Bestell- und Transaktionsdaten k\u00f6nnen aus administrativen, rechtlichen oder sicherheitstechnischen Gr\u00fcndenaufbewahrt werden.<\/p>\n\n\n\n<h2 class=\"wp-block-heading\">Welche Rechte Sie an Ihren Daten haben<\/h2>\n\n\n\n<p>Wenn Sie ein Konto auf dieser Website haben oder Kommentare hinterlassen haben, k\u00f6nnen Sie eine exportierte Datei Ihrer pers\u00f6nlichen Daten anfordern, die wir \u00fcber Sie gespeichert haben, einschlie\u00dflich aller von Ihnen bereitgestellten Daten. Sie k\u00f6nnen auch die L\u00f6schung Ihrer pers\u00f6nlichen Daten anfordern, es sei denn, wir sind aus rechtlichen oder sicherheitstechnischen Gr\u00fcnden verpflichtet, diese aufzubewahren.<\/p>\n\n\n\n<h2 class=\"wp-block-heading\">Wohin Ihre Daten gesendet werden<\/h2>\n\n\n\n<p>Besucherkommentare k\u00f6nnen \u00fcber einen automatisierten Spam-Erkennungsdienst \u00fcberpr\u00fcft werden.<\/p>\n\n\n\n<h3 class=\"wp-block-heading\">Kontakt<\/h3>\n\n\n\n<p>Wenn Sie Fragen zu dieser Datenschutzerkl\u00e4rung oder zur Verarbeitung Ihrer Daten haben, kontaktieren Sie uns bitte \u00fcber das auf dieser Website verf\u00fcgbare Kontaktformular.<\/p>","protected":false},"excerpt":{"rendered":"<p>Last updated: February 2026 Who we are Suggested text: Our website address is: https:\/\/fcshirt.com. Comments When visitors leave comments on the site, we collect the data shown in the comments form, as well as the visitor\u2019s IP address and browser user agent string to help with spam detection. An anonymized string created from your email [&hellip;]<\/p>\n","protected":false},"author":1,"featured_media":0,"parent":0,"menu_order":0,"comment_status":"closed","ping_status":"open","template":"","meta":{"footnotes":""},"class_list":["post-3","page","type-page","status-publish","hentry"],"blocksy_meta":[],"yoast_head":"<!-- This site is optimized with the Yoast SEO plugin v27.3 - https:\/\/yoast.com\/product\/yoast-seo-wordpress\/ -->\n<title>Privacy Policy - Fcshirt.com<\/title>\n<meta name=\"robots\" content=\"index, follow, max-snippet:-1, max-image-preview:large, max-video-preview:-1\" \/>\n<link rel=\"canonical\" href=\"https:\/\/fcshirt.com\/de\/datenschutzrichtlinie\/\" \/>\n<meta property=\"og:locale\" content=\"de_DE\" \/>\n<meta property=\"og:type\" content=\"article\" \/>\n<meta property=\"og:title\" content=\"Privacy Policy - Fcshirt.com\" \/>\n<meta property=\"og:description\" content=\"Last updated: February 2026 Who we are Suggested text: Our website address is: https:\/\/fcshirt.com. Comments When visitors leave comments on the site, we collect the data shown in the comments form, as well as the visitor\u2019s IP address and browser user agent string to help with spam detection. An anonymized string created from your email [&hellip;]\" \/>\n<meta property=\"og:url\" content=\"https:\/\/fcshirt.com\/de\/datenschutzrichtlinie\/\" \/>\n<meta property=\"og:site_name\" content=\"Fcshirt.com\" \/>\n<meta property=\"article:modified_time\" content=\"2026-02-10T17:49:36+00:00\" \/>\n<meta name=\"twitter:card\" content=\"summary_large_image\" \/>\n<meta name=\"twitter:label1\" content=\"Gesch\u00e4tzte Lesezeit\" \/>\n\t<meta name=\"twitter:data1\" content=\"4\u00a0Minuten\" \/>\n<script type=\"application\/ld+json\" class=\"yoast-schema-graph\">{\"@context\":\"https:\\\/\\\/schema.org\",\"@graph\":[{\"@type\":\"WebPage\",\"@id\":\"https:\\\/\\\/fcshirt.com\\\/privacy-policy\\\/\",\"url\":\"https:\\\/\\\/fcshirt.com\\\/privacy-policy\\\/\",\"name\":\"Privacy Policy - Fcshirt.com\",\"isPartOf\":{\"@id\":\"https:\\\/\\\/fcshirt.com\\\/#website\"},\"datePublished\":\"2026-02-05T16:09:57+00:00\",\"dateModified\":\"2026-02-10T17:49:36+00:00\",\"breadcrumb\":{\"@id\":\"https:\\\/\\\/fcshirt.com\\\/privacy-policy\\\/#breadcrumb\"},\"inLanguage\":\"de-CH\",\"potentialAction\":[{\"@type\":\"ReadAction\",\"target\":[\"https:\\\/\\\/fcshirt.com\\\/privacy-policy\\\/\"]}]},{\"@type\":\"BreadcrumbList\",\"@id\":\"https:\\\/\\\/fcshirt.com\\\/privacy-policy\\\/#breadcrumb\",\"itemListElement\":[{\"@type\":\"ListItem\",\"position\":1,\"name\":\"Home\",\"item\":\"https:\\\/\\\/fcshirt.com\\\/\"},{\"@type\":\"ListItem\",\"position\":2,\"name\":\"Privacy Policy\"}]},{\"@type\":\"WebSite\",\"@id\":\"https:\\\/\\\/fcshirt.com\\\/#website\",\"url\":\"https:\\\/\\\/fcshirt.com\\\/\",\"name\":\"Fcshirt.com - Sports and mode apparel for Switzerland\",\"description\":\"Football and sports apparel of Swiss cities and cantons\",\"publisher\":{\"@id\":\"https:\\\/\\\/fcshirt.com\\\/#organization\"},\"potentialAction\":[{\"@type\":\"SearchAction\",\"target\":{\"@type\":\"EntryPoint\",\"urlTemplate\":\"https:\\\/\\\/fcshirt.com\\\/?s={search_term_string}\"},\"query-input\":{\"@type\":\"PropertyValueSpecification\",\"valueRequired\":true,\"valueName\":\"search_term_string\"}}],\"inLanguage\":\"de-CH\"},{\"@type\":\"Organization\",\"@id\":\"https:\\\/\\\/fcshirt.com\\\/#organization\",\"name\":\"Fcshirt\",\"url\":\"https:\\\/\\\/fcshirt.com\\\/\",\"logo\":{\"@type\":\"ImageObject\",\"inLanguage\":\"de-CH\",\"@id\":\"https:\\\/\\\/fcshirt.com\\\/#\\\/schema\\\/logo\\\/image\\\/\",\"url\":\"https:\\\/\\\/fcshirt.com\\\/wp-content\\\/uploads\\\/2026\\\/02\\\/1.png\",\"contentUrl\":\"https:\\\/\\\/fcshirt.com\\\/wp-content\\\/uploads\\\/2026\\\/02\\\/1.png\",\"width\":2000,\"height\":2000,\"caption\":\"Fcshirt\"},\"image\":{\"@id\":\"https:\\\/\\\/fcshirt.com\\\/#\\\/schema\\\/logo\\\/image\\\/\"},\"sameAs\":[\"https:\\\/\\\/www.instagram.com\\\/fcshirt.com1\"]}]}<\/script>\n<!-- \/ Yoast SEO plugin. -->","yoast_head_json":{"title":"Datenschutzrichtlinie - Fcshirt.com","robots":{"index":"index","follow":"follow","max-snippet":"max-snippet:-1","max-image-preview":"max-image-preview:large","max-video-preview":"max-video-preview:-1"},"canonical":"https:\/\/fcshirt.com\/de\/datenschutzrichtlinie\/","og_locale":"de_DE","og_type":"article","og_title":"Privacy Policy - Fcshirt.com","og_description":"Last updated: February 2026 Who we are Suggested text: Our website address is: https:\/\/fcshirt.com. Comments When visitors leave comments on the site, we collect the data shown in the comments form, as well as the visitor\u2019s IP address and browser user agent string to help with spam detection. An anonymized string created from your email [&hellip;]","og_url":"https:\/\/fcshirt.com\/de\/datenschutzrichtlinie\/","og_site_name":"Fcshirt.com","article_modified_time":"2026-02-10T17:49:36+00:00","twitter_card":"summary_large_image","twitter_misc":{"Gesch\u00e4tzte Lesezeit":"4\u00a0Minuten"},"schema":{"@context":"https:\/\/schema.org","@graph":[{"@type":"WebPage","@id":"https:\/\/fcshirt.com\/privacy-policy\/","url":"https:\/\/fcshirt.com\/privacy-policy\/","name":"Datenschutzrichtlinie - Fcshirt.com","isPartOf":{"@id":"https:\/\/fcshirt.com\/#website"},"datePublished":"2026-02-05T16:09:57+00:00","dateModified":"2026-02-10T17:49:36+00:00","breadcrumb":{"@id":"https:\/\/fcshirt.com\/privacy-policy\/#breadcrumb"},"inLanguage":"de-CH","potentialAction":[{"@type":"ReadAction","target":["https:\/\/fcshirt.com\/privacy-policy\/"]}]},{"@type":"BreadcrumbList","@id":"https:\/\/fcshirt.com\/privacy-policy\/#breadcrumb","itemListElement":[{"@type":"ListItem","position":1,"name":"Home","item":"https:\/\/fcshirt.com\/"},{"@type":"ListItem","position":2,"name":"Privacy Policy"}]},{"@type":"WebSite","@id":"https:\/\/fcshirt.com\/#website","url":"https:\/\/fcshirt.com\/","name":"Fcshirt.com - Sport- und Modebekleidung f\u00fcr die Schweiz","description":"Fu\u00dfball und Sportbekleidung Schweizer St\u00e4dte und Kantone","publisher":{"@id":"https:\/\/fcshirt.com\/#organization"},"potentialAction":[{"@type":"SearchAction","target":{"@type":"EntryPoint","urlTemplate":"https:\/\/fcshirt.com\/?s={search_term_string}"},"query-input":{"@type":"PropertyValueSpecification","valueRequired":true,"valueName":"search_term_string"}}],"inLanguage":"de-CH"},{"@type":"Organization","@id":"https:\/\/fcshirt.com\/#organization","name":"Fcshirt","url":"https:\/\/fcshirt.com\/","logo":{"@type":"ImageObject","inLanguage":"de-CH","@id":"https:\/\/fcshirt.com\/#\/schema\/logo\/image\/","url":"https:\/\/fcshirt.com\/wp-content\/uploads\/2026\/02\/1.png","contentUrl":"https:\/\/fcshirt.com\/wp-content\/uploads\/2026\/02\/1.png","width":2000,"height":2000,"caption":"Fcshirt"},"image":{"@id":"https:\/\/fcshirt.com\/#\/schema\/logo\/image\/"},"sameAs":["https:\/\/www.instagram.com\/fcshirt.com1"]}]}},"jetpack_sharing_enabled":true,"_links":{"self":[{"href":"https:\/\/fcshirt.com\/de\/wp-json\/wp\/v2\/pages\/3","targetHints":{"allow":["GET"]}}],"collection":[{"href":"https:\/\/fcshirt.com\/de\/wp-json\/wp\/v2\/pages"}],"about":[{"href":"https:\/\/fcshirt.com\/de\/wp-json\/wp\/v2\/types\/page"}],"author":[{"embeddable":true,"href":"https:\/\/fcshirt.com\/de\/wp-json\/wp\/v2\/users\/1"}],"replies":[{"embeddable":true,"href":"https:\/\/fcshirt.com\/de\/wp-json\/wp\/v2\/comments?post=3"}],"version-history":[{"count":1,"href":"https:\/\/fcshirt.com\/de\/wp-json\/wp\/v2\/pages\/3\/revisions"}],"predecessor-version":[{"id":3904,"href":"https:\/\/fcshirt.com\/de\/wp-json\/wp\/v2\/pages\/3\/revisions\/3904"}],"wp:attachment":[{"href":"https:\/\/fcshirt.com\/de\/wp-json\/wp\/v2\/media?parent=3"}],"curies":[{"name":"wp","href":"https:\/\/api.w.org\/{rel}","templated":true}]}}